{"id":89146,"date":"2024-01-03T14:45:13","date_gmt":"2024-01-03T13:45:13","guid":{"rendered":"https:\/\/watchdeluxe.it\/prodotto\/montblanc-cartera-6-compartimentos-extreme-3-0-ref-131762\/"},"modified":"2024-01-03T14:45:13","modified_gmt":"2024-01-03T13:45:13","slug":"montblanc-cartera-6-compartimentos-extreme-3-0-ref-131762","status":"publish","type":"product","link":"https:\/\/watchdeluxe.it\/es\/prodotto\/montblanc-cartera-6-compartimentos-extreme-3-0-ref-131762\/","title":{"rendered":"Montblanc Cartera 6 compartimentos Extreme 3.0 ref. 131762"},"content":{"rendered":"<p>Montblanc Cartera 6 compartimentos Extreme 3.0 ref. 131762<\/p>\n<p><span class=\"value\">La cartera Extreme 3.0 es una compa\u00f1era ideal y elegante para el d\u00eda a d\u00eda en la ciudad. Dispone de seis ranuras para tarjetas de cr\u00e9dito y dos compartimentos para billetes. Tambi\u00e9n tiene dos bolsillos adicionales para guardar otros peque\u00f1os objetos esenciales. La parte exterior est\u00e1 adornada con el emblema Montblanc.<\/span><\/p>\n","protected":false},"excerpt":{"rendered":"<p>Montblanc Cartera 6 compartimentos Extreme 3.0 ref. 131762 La cartera Extreme 3.0 es una compa\u00f1era ideal y elegante para el d\u00eda a d\u00eda en la ciudad. Dispone de seis ranuras para tarjetas de cr\u00e9dito y dos compartimentos para billetes. Tambi\u00e9n tiene dos bolsillos adicionales para guardar otros peque\u00f1os objetos esenciales. La parte exterior est\u00e1 adornada [&hellip;]<\/p>\n","protected":false},"featured_media":89136,"template":"","meta":{"_crdt_document":"","advanced_seo_description":"","jetpack_seo_html_title":"","jetpack_seo_noindex":false},"product_brand":[1907],"product_cat":[2247],"product_tag":[2351],"berocket_brand":[],"woo-feed-brand":[],"class_list":{"0":"post-89146","1":"product","2":"type-product","3":"status-publish","4":"has-post-thumbnail","6":"product_brand-montblanc","7":"product_cat-montblanc-es","8":"product_tag-cartera","10":"first","11":"instock","12":"sale","13":"taxable","14":"shipping-taxable","15":"purchasable","16":"product-type-simple"},"bundled_by":[],"bundle_stock_status":"instock","bundle_stock_quantity":1,"bundle_virtual":false,"bundle_layout":"","bundle_add_to_cart_form_location":"","bundle_editable_in_cart":false,"bundle_sold_individually_context":"","bundle_item_grouping":"","bundle_min_size":"","bundle_max_size":"","bundle_price":[],"bundled_items":[],"bundle_sell_ids":[],"group_of_quantity":0,"min_quantity":0,"max_quantity":"","exclude_order_quantity_value_rules":"no","exclude_category_quantity_rules":"no","combine_variations":"no","exclude_global_add_ons":[],"addons":[],"jetpack_sharing_enabled":true,"jetpack_likes_enabled":true,"_links":{"self":[{"href":"https:\/\/watchdeluxe.it\/es\/wp-json\/wp\/v2\/product\/89146","targetHints":{"allow":["GET"]}}],"collection":[{"href":"https:\/\/watchdeluxe.it\/es\/wp-json\/wp\/v2\/product"}],"about":[{"href":"https:\/\/watchdeluxe.it\/es\/wp-json\/wp\/v2\/types\/product"}],"wp:featuredmedia":[{"embeddable":true,"href":"https:\/\/watchdeluxe.it\/es\/wp-json\/wp\/v2\/media\/89136"}],"wp:attachment":[{"href":"https:\/\/watchdeluxe.it\/es\/wp-json\/wp\/v2\/media?parent=89146"}],"wp:term":[{"taxonomy":"product_brand","embeddable":true,"href":"https:\/\/watchdeluxe.it\/es\/wp-json\/wp\/v2\/product_brand?post=89146"},{"taxonomy":"product_cat","embeddable":true,"href":"https:\/\/watchdeluxe.it\/es\/wp-json\/wp\/v2\/product_cat?post=89146"},{"taxonomy":"product_tag","embeddable":true,"href":"https:\/\/watchdeluxe.it\/es\/wp-json\/wp\/v2\/product_tag?post=89146"},{"taxonomy":"berocket_brand","embeddable":true,"href":"https:\/\/watchdeluxe.it\/es\/wp-json\/wp\/v2\/berocket_brand?post=89146"},{"taxonomy":"woo-feed-brand","embeddable":true,"href":"https:\/\/watchdeluxe.it\/es\/wp-json\/wp\/v2\/woo-feed-brand?post=89146"}],"curies":[{"name":"wp","href":"https:\/\/api.w.org\/{rel}","templated":true}]}}