{"id":89078,"date":"2024-01-03T14:30:30","date_gmt":"2024-01-03T13:30:30","guid":{"rendered":"https:\/\/watchdeluxe.it\/prodotto\/montblanc-cartera-meisterstuck-6-compartimentos-ref-131682\/"},"modified":"2024-01-03T14:30:30","modified_gmt":"2024-01-03T13:30:30","slug":"montblanc-cartera-meisterstuck-6-compartimentos-ref-131682","status":"publish","type":"product","link":"https:\/\/watchdeluxe.it\/es\/prodotto\/montblanc-cartera-meisterstuck-6-compartimentos-ref-131682\/","title":{"rendered":"Montblanc Cartera Meisterst\u00fcck 6 Compartimentos ref. 131682"},"content":{"rendered":"<p>Montblanc Cartera Meisterst\u00fcck 6 Compartimentos ref. 131682<\/p>\n<p>Montblanc Meisterst\u00fcck 6 Compartimentos Cartera 131682, realce su elegancia con los encantadores accesorios de Montblanc: bol\u00edgrafos, mochilas, bolsos, carteras de lujo, relojes, agendas y cinturones de alta calidad. Descubra una artesan\u00eda impecable y un dise\u00f1o atemporal.<\/p>\n<p>Dimensiones: 110 x 10 x 85 mm<\/p>\n","protected":false},"excerpt":{"rendered":"<p>Montblanc Cartera Meisterst\u00fcck 6 Compartimentos ref. 131682 Montblanc Meisterst\u00fcck 6 Compartimentos Cartera 131682, realce su elegancia con los encantadores accesorios de Montblanc: bol\u00edgrafos, mochilas, bolsos, carteras de lujo, relojes, agendas y cinturones de alta calidad. Descubra una artesan\u00eda impecable y un dise\u00f1o atemporal. Dimensiones: 110 x 10 x 85 mm<\/p>\n","protected":false},"featured_media":89073,"template":"","meta":{"_crdt_document":"","advanced_seo_description":"","jetpack_seo_html_title":"","jetpack_seo_noindex":false},"product_brand":[1907],"product_cat":[2247],"product_tag":[1418],"berocket_brand":[],"woo-feed-brand":[],"class_list":{"0":"post-89078","1":"product","2":"type-product","3":"status-publish","4":"has-post-thumbnail","6":"product_brand-montblanc","7":"product_cat-montblanc-es","8":"product_tag-portafogli","10":"first","11":"instock","12":"sale","13":"taxable","14":"shipping-taxable","15":"purchasable","16":"product-type-simple"},"bundled_by":[],"bundle_stock_status":"instock","bundle_stock_quantity":1,"bundle_virtual":false,"bundle_layout":"","bundle_add_to_cart_form_location":"","bundle_editable_in_cart":false,"bundle_sold_individually_context":"","bundle_item_grouping":"","bundle_min_size":"","bundle_max_size":"","bundle_price":[],"bundled_items":[],"bundle_sell_ids":[],"group_of_quantity":0,"min_quantity":0,"max_quantity":"","exclude_order_quantity_value_rules":"no","exclude_category_quantity_rules":"no","combine_variations":"no","jetpack_sharing_enabled":true,"jetpack_likes_enabled":true,"_links":{"self":[{"href":"https:\/\/watchdeluxe.it\/es\/wp-json\/wp\/v2\/product\/89078","targetHints":{"allow":["GET"]}}],"collection":[{"href":"https:\/\/watchdeluxe.it\/es\/wp-json\/wp\/v2\/product"}],"about":[{"href":"https:\/\/watchdeluxe.it\/es\/wp-json\/wp\/v2\/types\/product"}],"wp:featuredmedia":[{"embeddable":true,"href":"https:\/\/watchdeluxe.it\/es\/wp-json\/wp\/v2\/media\/89073"}],"wp:attachment":[{"href":"https:\/\/watchdeluxe.it\/es\/wp-json\/wp\/v2\/media?parent=89078"}],"wp:term":[{"taxonomy":"product_brand","embeddable":true,"href":"https:\/\/watchdeluxe.it\/es\/wp-json\/wp\/v2\/product_brand?post=89078"},{"taxonomy":"product_cat","embeddable":true,"href":"https:\/\/watchdeluxe.it\/es\/wp-json\/wp\/v2\/product_cat?post=89078"},{"taxonomy":"product_tag","embeddable":true,"href":"https:\/\/watchdeluxe.it\/es\/wp-json\/wp\/v2\/product_tag?post=89078"},{"taxonomy":"berocket_brand","embeddable":true,"href":"https:\/\/watchdeluxe.it\/es\/wp-json\/wp\/v2\/berocket_brand?post=89078"},{"taxonomy":"woo-feed-brand","embeddable":true,"href":"https:\/\/watchdeluxe.it\/es\/wp-json\/wp\/v2\/woo-feed-brand?post=89078"}],"curies":[{"name":"wp","href":"https:\/\/api.w.org\/{rel}","templated":true}]}}