{"id":89057,"date":"2025-11-05T10:38:33","date_gmt":"2025-11-05T09:38:33","guid":{"rendered":"https:\/\/watchdeluxe.it\/prodotto\/montblanc-cartera-larga-15-compartimentos-sartorial-ref-130320\/"},"modified":"2025-11-05T10:38:37","modified_gmt":"2025-11-05T09:38:37","slug":"montblanc-cartera-larga-15-compartimentos-sartorial-ref-130320","status":"publish","type":"product","link":"https:\/\/watchdeluxe.it\/es\/prodotto\/montblanc-cartera-larga-15-compartimentos-sartorial-ref-130320\/","title":{"rendered":"Montblanc cartera larga 15 compartimentos sartorial ref. 130320"},"content":{"rendered":"<p>Montblanc cartera larga 15 compartimentos sartorial ref. 130320<\/p>\n<p><span class=\"value\">Combinando una silueta alargada con un dise\u00f1o elegante y funcional, esta refinada cartera de piel es ideal para guardar las pertenencias del d\u00eda a d\u00eda. El modelo dispone de 15 ranuras para tarjetas de cr\u00e9dito, un compartimento para billetes y un amplio bolsillo.<\/span><\/p>\n<p><span class=\"length first\"> <span class=\"key\">Dimensiones<\/span> 90 <\/span> <span class=\"width\"> 10 <\/span> <span class=\"height last\"> 175 <span class=\"unit\">mm<\/span> <\/span><\/p>\n","protected":false},"excerpt":{"rendered":"<p>Montblanc cartera larga 15 compartimentos sartorial ref. 130320 Combinando una silueta alargada con un dise\u00f1o elegante y funcional, esta refinada cartera de piel es ideal para guardar las pertenencias del d\u00eda a d\u00eda. El modelo dispone de 15 ranuras para tarjetas de cr\u00e9dito, un compartimento para billetes y un amplio bolsillo. Dimensiones 90 10 175 [&hellip;]<\/p>\n","protected":false},"featured_media":89046,"template":"","meta":{"_crdt_document":"","advanced_seo_description":"","jetpack_seo_html_title":"","jetpack_seo_noindex":false},"product_brand":[1907],"product_cat":[1929],"product_tag":[1418],"berocket_brand":[],"woo-feed-brand":[],"class_list":{"0":"post-89057","1":"product","2":"type-product","3":"status-publish","4":"has-post-thumbnail","6":"product_brand-montblanc","7":"product_cat-montblanc","8":"product_tag-portafogli","10":"first","11":"instock","12":"sale","13":"taxable","14":"shipping-taxable","15":"purchasable","16":"product-type-simple"},"bundled_by":[],"bundle_stock_status":"instock","bundle_stock_quantity":1,"bundle_virtual":false,"bundle_layout":"","bundle_add_to_cart_form_location":"","bundle_editable_in_cart":false,"bundle_sold_individually_context":"","bundle_item_grouping":"","bundle_min_size":"","bundle_max_size":"","bundle_price":[],"bundled_items":[],"bundle_sell_ids":[],"group_of_quantity":0,"min_quantity":0,"max_quantity":"","exclude_order_quantity_value_rules":"no","exclude_category_quantity_rules":"no","combine_variations":"no","exclude_global_add_ons":[],"addons":[],"jetpack_sharing_enabled":true,"jetpack_likes_enabled":true,"_links":{"self":[{"href":"https:\/\/watchdeluxe.it\/es\/wp-json\/wp\/v2\/product\/89057","targetHints":{"allow":["GET"]}}],"collection":[{"href":"https:\/\/watchdeluxe.it\/es\/wp-json\/wp\/v2\/product"}],"about":[{"href":"https:\/\/watchdeluxe.it\/es\/wp-json\/wp\/v2\/types\/product"}],"wp:featuredmedia":[{"embeddable":true,"href":"https:\/\/watchdeluxe.it\/es\/wp-json\/wp\/v2\/media\/89046"}],"wp:attachment":[{"href":"https:\/\/watchdeluxe.it\/es\/wp-json\/wp\/v2\/media?parent=89057"}],"wp:term":[{"taxonomy":"product_brand","embeddable":true,"href":"https:\/\/watchdeluxe.it\/es\/wp-json\/wp\/v2\/product_brand?post=89057"},{"taxonomy":"product_cat","embeddable":true,"href":"https:\/\/watchdeluxe.it\/es\/wp-json\/wp\/v2\/product_cat?post=89057"},{"taxonomy":"product_tag","embeddable":true,"href":"https:\/\/watchdeluxe.it\/es\/wp-json\/wp\/v2\/product_tag?post=89057"},{"taxonomy":"berocket_brand","embeddable":true,"href":"https:\/\/watchdeluxe.it\/es\/wp-json\/wp\/v2\/berocket_brand?post=89057"},{"taxonomy":"woo-feed-brand","embeddable":true,"href":"https:\/\/watchdeluxe.it\/es\/wp-json\/wp\/v2\/woo-feed-brand?post=89057"}],"curies":[{"name":"wp","href":"https:\/\/api.w.org\/{rel}","templated":true}]}}