{"id":89019,"date":"2025-11-05T10:39:26","date_gmt":"2025-11-05T09:39:26","guid":{"rendered":"https:\/\/watchdeluxe.it\/prodotto\/estuche-para-movil-montblanc-sartorial-negro-130749\/"},"modified":"2025-11-05T10:39:29","modified_gmt":"2025-11-05T09:39:29","slug":"estuche-para-movil-montblanc-sartorial-negro-130749","status":"publish","type":"product","link":"https:\/\/watchdeluxe.it\/es\/prodotto\/estuche-para-movil-montblanc-sartorial-negro-130749\/","title":{"rendered":"Estuche para m\u00f3vil Montblanc Sartorial negro 130749"},"content":{"rendered":"<p>Estuche para m\u00f3vil Montblanc Sartorial negro 130749<\/p>\n<p>Dise\u00f1ada por el Director Creativo de Montblanc Marco Tomasetta, esta funda para smartphone te permite tener siempre a mano tu tel\u00e9fono durante tus d\u00edas de trabajo. El modelo puede fijarse a un malet\u00edn o a un bolso de mano para una comodidad \u00f3ptima. Su silueta de l\u00edneas depuradas est\u00e1 confeccionada en fina piel con estampado saffiano.<\/p>\n<p>DIMENSIONES<br \/>\n210 x 20 x 100 mm<\/p>\n","protected":false},"excerpt":{"rendered":"<p>Estuche para m\u00f3vil Montblanc Sartorial negro 130749 Dise\u00f1ada por el Director Creativo de Montblanc Marco Tomasetta, esta funda para smartphone te permite tener siempre a mano tu tel\u00e9fono durante tus d\u00edas de trabajo. El modelo puede fijarse a un malet\u00edn o a un bolso de mano para una comodidad \u00f3ptima. Su silueta de l\u00edneas depuradas [&hellip;]<\/p>\n","protected":false},"featured_media":89014,"template":"","meta":{"_crdt_document":"","advanced_seo_description":"","jetpack_seo_html_title":"","jetpack_seo_noindex":false},"product_brand":[],"product_cat":[2247],"product_tag":[3102],"berocket_brand":[],"woo-feed-brand":[],"class_list":{"0":"post-89019","1":"product","2":"type-product","3":"status-publish","4":"has-post-thumbnail","6":"product_cat-montblanc-es","7":"product_tag-caso","9":"first","10":"instock","11":"sale","12":"taxable","13":"shipping-taxable","14":"purchasable","15":"product-type-simple"},"bundled_by":[],"bundle_stock_status":"instock","bundle_stock_quantity":1,"bundle_virtual":false,"bundle_layout":"","bundle_add_to_cart_form_location":"","bundle_editable_in_cart":false,"bundle_sold_individually_context":"","bundle_item_grouping":"","bundle_min_size":"","bundle_max_size":"","bundle_price":[],"bundled_items":[],"bundle_sell_ids":[],"group_of_quantity":0,"min_quantity":0,"max_quantity":"","exclude_order_quantity_value_rules":"no","exclude_category_quantity_rules":"no","combine_variations":"no","jetpack_sharing_enabled":true,"jetpack_likes_enabled":true,"_links":{"self":[{"href":"https:\/\/watchdeluxe.it\/es\/wp-json\/wp\/v2\/product\/89019","targetHints":{"allow":["GET"]}}],"collection":[{"href":"https:\/\/watchdeluxe.it\/es\/wp-json\/wp\/v2\/product"}],"about":[{"href":"https:\/\/watchdeluxe.it\/es\/wp-json\/wp\/v2\/types\/product"}],"wp:featuredmedia":[{"embeddable":true,"href":"https:\/\/watchdeluxe.it\/es\/wp-json\/wp\/v2\/media\/89014"}],"wp:attachment":[{"href":"https:\/\/watchdeluxe.it\/es\/wp-json\/wp\/v2\/media?parent=89019"}],"wp:term":[{"taxonomy":"product_brand","embeddable":true,"href":"https:\/\/watchdeluxe.it\/es\/wp-json\/wp\/v2\/product_brand?post=89019"},{"taxonomy":"product_cat","embeddable":true,"href":"https:\/\/watchdeluxe.it\/es\/wp-json\/wp\/v2\/product_cat?post=89019"},{"taxonomy":"product_tag","embeddable":true,"href":"https:\/\/watchdeluxe.it\/es\/wp-json\/wp\/v2\/product_tag?post=89019"},{"taxonomy":"berocket_brand","embeddable":true,"href":"https:\/\/watchdeluxe.it\/es\/wp-json\/wp\/v2\/berocket_brand?post=89019"},{"taxonomy":"woo-feed-brand","embeddable":true,"href":"https:\/\/watchdeluxe.it\/es\/wp-json\/wp\/v2\/woo-feed-brand?post=89019"}],"curies":[{"name":"wp","href":"https:\/\/api.w.org\/{rel}","templated":true}]}}