{"id":88772,"date":"2024-01-03T10:24:27","date_gmt":"2024-01-03T09:24:27","guid":{"rendered":"https:\/\/watchdeluxe.it\/prodotto\/montblanc-roller-muses-maria-callas-edicion-especial-ref-129565\/"},"modified":"2026-01-16T11:56:42","modified_gmt":"2026-01-16T10:56:42","slug":"montblanc-roller-muses-maria-callas-edicion-especial-ref-129565","status":"publish","type":"product","link":"https:\/\/watchdeluxe.it\/es\/prodotto\/montblanc-roller-muses-maria-callas-edicion-especial-ref-129565\/","title":{"rendered":"Montblanc Roller Muses Maria Callas Edici\u00f3n Especial Ref. 129565"},"content":{"rendered":"<p>Montblanc Roller Muses Maria Callas Edici\u00f3n Especial Ref. 129565<\/p>\n<p>La Edici\u00f3n Especial Montblanc Musas Maria Callas est\u00e1 dedicada a una de las sopranos m\u00e1s carism\u00e1ticas del siglo XX y a un icono de estilo particularmente popular. Con su talento, pasi\u00f3n y personalidad, encarnaba un ideal preciso de la diva de la \u00f3pera. En algunos de los m\u00e1s grandes teatros de \u00f3pera, desde La Scala de Mil\u00e1n hasta la \u00d3pera de Par\u00eds y el Metropolitan de Nueva York, se la conoc\u00eda como &#8220;La Divina&#8221;. La edici\u00f3n destaca uno de sus colores favoritos, el turquesa, en la resina preciosa del cuerpo y el capuch\u00f3n, mientras que la silueta esbelta y elegante refleja la gr\u00e1cil belleza de Maria Callas. Para evocar su patria rodeada de mar, Grecia, el clip acabado en platino est\u00e1 adornado con una piedra cuyo color recuerda el azul turquesa brillante del mar Egeo. El detalle de un traje tomado de &#8220;Norma&#8221; de Bellini, uno de sus papeles &#8220;belcantistas&#8221; m\u00e1s emblem\u00e1ticos, se refleja en el motivo de la hoja de laurel que rodea el cono acabado en platino de la edici\u00f3n, junto con el grabado de la firma de la c\u00e9lebre soprano.<\/p>\n","protected":false},"excerpt":{"rendered":"<p>Montblanc Roller Muses Maria Callas Edici\u00f3n Especial Ref. 129565 La Edici\u00f3n Especial Montblanc Musas Maria Callas est\u00e1 dedicada a una de las sopranos m\u00e1s carism\u00e1ticas del siglo XX y a un icono de estilo particularmente popular. Con su talento, pasi\u00f3n y personalidad, encarnaba un ideal preciso de la diva de la \u00f3pera. En algunos de [&hellip;]<\/p>\n","protected":false},"featured_media":88768,"template":"","meta":{"_crdt_document":"","advanced_seo_description":"","jetpack_seo_html_title":"","jetpack_seo_noindex":false},"product_brand":[],"product_cat":[2247],"product_tag":[2258],"berocket_brand":[],"woo-feed-brand":[],"class_list":{"0":"post-88772","1":"product","2":"type-product","3":"status-publish","4":"has-post-thumbnail","6":"product_cat-montblanc-es","7":"product_tag-boligrafos","9":"first","10":"instock","11":"sale","12":"taxable","13":"shipping-taxable","14":"purchasable","15":"product-type-simple"},"bundled_by":[],"bundle_stock_status":"instock","bundle_stock_quantity":1,"bundle_virtual":false,"bundle_layout":"","bundle_add_to_cart_form_location":"","bundle_editable_in_cart":false,"bundle_sold_individually_context":"","bundle_item_grouping":"","bundle_min_size":"","bundle_max_size":"","bundle_price":[],"bundled_items":[],"bundle_sell_ids":[],"group_of_quantity":0,"min_quantity":0,"max_quantity":"","exclude_order_quantity_value_rules":"no","exclude_category_quantity_rules":"no","combine_variations":"no","jetpack_sharing_enabled":true,"jetpack_likes_enabled":true,"_links":{"self":[{"href":"https:\/\/watchdeluxe.it\/es\/wp-json\/wp\/v2\/product\/88772","targetHints":{"allow":["GET"]}}],"collection":[{"href":"https:\/\/watchdeluxe.it\/es\/wp-json\/wp\/v2\/product"}],"about":[{"href":"https:\/\/watchdeluxe.it\/es\/wp-json\/wp\/v2\/types\/product"}],"wp:featuredmedia":[{"embeddable":true,"href":"https:\/\/watchdeluxe.it\/es\/wp-json\/wp\/v2\/media\/88768"}],"wp:attachment":[{"href":"https:\/\/watchdeluxe.it\/es\/wp-json\/wp\/v2\/media?parent=88772"}],"wp:term":[{"taxonomy":"product_brand","embeddable":true,"href":"https:\/\/watchdeluxe.it\/es\/wp-json\/wp\/v2\/product_brand?post=88772"},{"taxonomy":"product_cat","embeddable":true,"href":"https:\/\/watchdeluxe.it\/es\/wp-json\/wp\/v2\/product_cat?post=88772"},{"taxonomy":"product_tag","embeddable":true,"href":"https:\/\/watchdeluxe.it\/es\/wp-json\/wp\/v2\/product_tag?post=88772"},{"taxonomy":"berocket_brand","embeddable":true,"href":"https:\/\/watchdeluxe.it\/es\/wp-json\/wp\/v2\/berocket_brand?post=88772"},{"taxonomy":"woo-feed-brand","embeddable":true,"href":"https:\/\/watchdeluxe.it\/es\/wp-json\/wp\/v2\/woo-feed-brand?post=88772"}],"curies":[{"name":"wp","href":"https:\/\/api.w.org\/{rel}","templated":true}]}}