{"id":88665,"date":"2024-01-02T18:18:20","date_gmt":"2024-01-02T17:18:20","guid":{"rendered":"https:\/\/watchdeluxe.it\/prodotto\/portadocumentos-montblanc-slim-sartorial-ref-131715\/"},"modified":"2026-01-22T10:31:31","modified_gmt":"2026-01-22T09:31:31","slug":"portadocumentos-montblanc-slim-sartorial-ref-131715","status":"publish","type":"product","link":"https:\/\/watchdeluxe.it\/es\/prodotto\/portadocumentos-montblanc-slim-sartorial-ref-131715\/","title":{"rendered":"Portadocumentos Montblanc slim sartorial ref. 131715"},"content":{"rendered":"<p>Portadocumentos Montblanc slim sartorial ref. 131715<\/p>\n<p><span class=\"value\">Este malet\u00edn fino y elegante a\u00f1adir\u00e1 una nota sofisticada a los conjuntos de oficina. Gracias a su dise\u00f1o funcional y modular, a este modelo de piel de alta calidad en azul tinta se le pueden acoplar otros peque\u00f1os accesorios. El bolso est\u00e1 acabado con detalles distintivos, como las asas que rinden homenaje a la belleza de la escritura y el emblema Montblanc declinado en una nueva versi\u00f3n sobredimensionada.<\/span><\/p>\n<p><span class=\"length first\"> <span class=\"key\">Dimensiones<\/span> 400 <\/span> <span class=\"width\"> 50 <\/span> <span class=\"height last\"> 290 <span class=\"unit\">mm<\/span> <\/span><\/p>\n","protected":false},"excerpt":{"rendered":"<p>Portadocumentos Montblanc slim sartorial ref. 131715 Este malet\u00edn fino y elegante a\u00f1adir\u00e1 una nota sofisticada a los conjuntos de oficina. Gracias a su dise\u00f1o funcional y modular, a este modelo de piel de alta calidad en azul tinta se le pueden acoplar otros peque\u00f1os accesorios. El bolso est\u00e1 acabado con detalles distintivos, como las asas [&hellip;]<\/p>\n","protected":false},"featured_media":88660,"template":"","meta":{"_crdt_document":"","advanced_seo_description":"","jetpack_seo_html_title":"","jetpack_seo_noindex":false,"jetpack_post_was_ever_published":false},"product_brand":[],"product_cat":[2247],"product_tag":[3165],"berocket_brand":[],"woo-feed-brand":[],"class_list":{"0":"post-88665","1":"product","2":"type-product","3":"status-publish","4":"has-post-thumbnail","6":"product_cat-montblanc-es","7":"product_tag-bolsa-es","9":"first","10":"instock","11":"sale","12":"taxable","13":"shipping-taxable","14":"purchasable","15":"product-type-simple"},"bundled_by":[],"bundle_stock_status":"instock","bundle_stock_quantity":1,"bundle_virtual":false,"bundle_layout":"","bundle_add_to_cart_form_location":"","bundle_editable_in_cart":false,"bundle_sold_individually_context":"","bundle_item_grouping":"","bundle_min_size":"","bundle_max_size":"","bundle_price":[],"bundled_items":[],"bundle_sell_ids":[],"group_of_quantity":0,"min_quantity":0,"max_quantity":"","exclude_order_quantity_value_rules":"no","exclude_category_quantity_rules":"no","combine_variations":"no","exclude_global_add_ons":[],"addons":[],"jetpack_sharing_enabled":true,"jetpack_likes_enabled":true,"_links":{"self":[{"href":"https:\/\/watchdeluxe.it\/es\/wp-json\/wp\/v2\/product\/88665","targetHints":{"allow":["GET"]}}],"collection":[{"href":"https:\/\/watchdeluxe.it\/es\/wp-json\/wp\/v2\/product"}],"about":[{"href":"https:\/\/watchdeluxe.it\/es\/wp-json\/wp\/v2\/types\/product"}],"wp:featuredmedia":[{"embeddable":true,"href":"https:\/\/watchdeluxe.it\/es\/wp-json\/wp\/v2\/media\/88660"}],"wp:attachment":[{"href":"https:\/\/watchdeluxe.it\/es\/wp-json\/wp\/v2\/media?parent=88665"}],"wp:term":[{"taxonomy":"product_brand","embeddable":true,"href":"https:\/\/watchdeluxe.it\/es\/wp-json\/wp\/v2\/product_brand?post=88665"},{"taxonomy":"product_cat","embeddable":true,"href":"https:\/\/watchdeluxe.it\/es\/wp-json\/wp\/v2\/product_cat?post=88665"},{"taxonomy":"product_tag","embeddable":true,"href":"https:\/\/watchdeluxe.it\/es\/wp-json\/wp\/v2\/product_tag?post=88665"},{"taxonomy":"berocket_brand","embeddable":true,"href":"https:\/\/watchdeluxe.it\/es\/wp-json\/wp\/v2\/berocket_brand?post=88665"},{"taxonomy":"woo-feed-brand","embeddable":true,"href":"https:\/\/watchdeluxe.it\/es\/wp-json\/wp\/v2\/woo-feed-brand?post=88665"}],"curies":[{"name":"wp","href":"https:\/\/api.w.org\/{rel}","templated":true}]}}