{"id":88574,"date":"2023-03-20T13:45:49","date_gmt":"2023-03-20T12:45:49","guid":{"rendered":"https:\/\/watchdeluxe.it\/prodotto\/montblanc-1858-ice-sea-fechador-automatico-41-mm-ref-129370\/"},"modified":"2026-04-07T15:24:44","modified_gmt":"2026-04-07T13:24:44","slug":"montblanc-1858-ice-sea-fechador-automatico-41-mm-ref-129370","status":"publish","type":"product","link":"https:\/\/watchdeluxe.it\/es\/prodotto\/montblanc-1858-ice-sea-fechador-automatico-41-mm-ref-129370\/","title":{"rendered":"Montblanc 1858 Ice Sea Autom\u00e1tico Fecha 41 mm Ref. 129370"},"content":{"rendered":"<p>Montblanc 1858 Ice Sea Autom\u00e1tico Fecha 41 mm Ref. 129370<\/p>\n<div class=\"short-description\">El primer reloj de buceo deportivo de Montblanc, el Montblanc 1858 Iced Sea Automatic Date, presenta una esfera con motivo &#8220;glaciar&#8221; que da la impresi\u00f3n de estar mirando hacia las profundidades de un glaciar. Esta esfera azul con motivo &#8220;glaciar&#8221; se inspira en el Mer de Glace (Mar de Hielo), el principal glaciar del macizo del Mont Blanc. Su textura se obten\u00eda mediante una t\u00e9cnica ancestral casi olvidada llamada gratt\u00e9-bois\u00e9. El reloj cuenta con un bisel unidireccional de cer\u00e1mica bicolor, un fondo de caja grabado y una correa de caucho azul intercambiable con ajustes finos. El reloj cumple la norma ISO 6425 para relojes de buceo y es estanco hasta 300 metros.<\/div>\n<p>&nbsp;<\/p>\n<p>&nbsp;<\/p>\n<div class=\"product-collateral\">\n<div class=\"product-specs-box\">\n<div class=\"title\"><strong>Detalles del producto<\/strong><\/div>\n<div class=\"table-wrapper\">\n<table class=\"data-table\">\n<colgroup>\n<col width=\"25%\">\n<col> <\/colgroup>\n<tbody>\n<tr class=\"odd\">\n<td class=\"spec-name\">Marca<\/td>\n<td class=\"spec-value\">Montblanc<\/td>\n<\/tr>\n<tr class=\"even\">\n<td class=\"spec-name\">L\u00ednea<\/td>\n<td class=\"spec-value\">1858<\/td>\n<\/tr>\n<tr class=\"odd\">\n<td class=\"spec-name\">Complicaci\u00f3n<\/td>\n<td class=\"spec-value\">SOLO TIEMPO<\/td>\n<\/tr>\n<tr class=\"even\">\n<td class=\"spec-name\">Movimiento<\/td>\n<td class=\"spec-value\">AUTOM\u00c1TICO<\/td>\n<\/tr>\n<tr class=\"odd\">\n<td class=\"spec-name\">Forma<\/td>\n<td class=\"spec-value\">REDONDA<\/td>\n<\/tr>\n<tr class=\"even\">\n<td class=\"spec-name\">Tama\u00f1o<\/td>\n<td class=\"spec-value\">41 MM<\/td>\n<\/tr>\n<tr class=\"odd\">\n<td class=\"spec-name\">Material de la caja<\/td>\n<td class=\"spec-value\">Acero<\/td>\n<\/tr>\n<tr class=\"even\">\n<td class=\"spec-name\">Marca<\/td>\n<td class=\"spec-value\">AZUL<\/td>\n<\/tr>\n<tr class=\"odd\">\n<td class=\"spec-name\">Correa<\/td>\n<td class=\"spec-value\">CAUCCIU<\/td>\n<\/tr>\n<tr class=\"even\">\n<td class=\"spec-name\">Impermeabilizaci\u00f3n<\/td>\n<td class=\"spec-value\">300 M<\/td>\n<\/tr>\n<\/tbody>\n<\/table>\n<\/div>\n<\/div>\n<\/div>\n","protected":false},"excerpt":{"rendered":"<p>Montblanc 1858 Ice Sea Autom\u00e1tico Fecha 41 mm Ref. 129370 El primer reloj de buceo deportivo de Montblanc, el Montblanc 1858 Iced Sea Automatic Date, presenta una esfera con motivo &#8220;glaciar&#8221; que da la impresi\u00f3n de estar mirando hacia las profundidades de un glaciar. Esta esfera azul con motivo &#8220;glaciar&#8221; se inspira en el Mer [&hellip;]<\/p>\n","protected":false},"featured_media":158286,"template":"","meta":{"_crdt_document":"","advanced_seo_description":"","jetpack_seo_html_title":"","jetpack_seo_noindex":false},"product_brand":[],"product_cat":[2247],"product_tag":[2904],"berocket_brand":[],"woo-feed-brand":[],"class_list":{"0":"post-88574","1":"product","2":"type-product","3":"status-publish","4":"has-post-thumbnail","6":"product_cat-montblanc-es","7":"product_tag-relojes","9":"first","10":"instock","11":"sale","12":"taxable","13":"shipping-taxable","14":"purchasable","15":"product-type-simple"},"bundled_by":[],"bundle_stock_status":"instock","bundle_stock_quantity":1,"bundle_virtual":false,"bundle_layout":"","bundle_add_to_cart_form_location":"","bundle_editable_in_cart":false,"bundle_sold_individually_context":"","bundle_item_grouping":"","bundle_min_size":"","bundle_max_size":"","bundle_price":[],"bundled_items":[],"bundle_sell_ids":[],"group_of_quantity":0,"min_quantity":0,"max_quantity":"","exclude_order_quantity_value_rules":"no","exclude_category_quantity_rules":"no","combine_variations":"no","exclude_global_add_ons":[],"addons":[],"jetpack_sharing_enabled":true,"jetpack_likes_enabled":true,"_links":{"self":[{"href":"https:\/\/watchdeluxe.it\/es\/wp-json\/wp\/v2\/product\/88574","targetHints":{"allow":["GET"]}}],"collection":[{"href":"https:\/\/watchdeluxe.it\/es\/wp-json\/wp\/v2\/product"}],"about":[{"href":"https:\/\/watchdeluxe.it\/es\/wp-json\/wp\/v2\/types\/product"}],"wp:featuredmedia":[{"embeddable":true,"href":"https:\/\/watchdeluxe.it\/es\/wp-json\/wp\/v2\/media\/158286"}],"wp:attachment":[{"href":"https:\/\/watchdeluxe.it\/es\/wp-json\/wp\/v2\/media?parent=88574"}],"wp:term":[{"taxonomy":"product_brand","embeddable":true,"href":"https:\/\/watchdeluxe.it\/es\/wp-json\/wp\/v2\/product_brand?post=88574"},{"taxonomy":"product_cat","embeddable":true,"href":"https:\/\/watchdeluxe.it\/es\/wp-json\/wp\/v2\/product_cat?post=88574"},{"taxonomy":"product_tag","embeddable":true,"href":"https:\/\/watchdeluxe.it\/es\/wp-json\/wp\/v2\/product_tag?post=88574"},{"taxonomy":"berocket_brand","embeddable":true,"href":"https:\/\/watchdeluxe.it\/es\/wp-json\/wp\/v2\/berocket_brand?post=88574"},{"taxonomy":"woo-feed-brand","embeddable":true,"href":"https:\/\/watchdeluxe.it\/es\/wp-json\/wp\/v2\/woo-feed-brand?post=88574"}],"curies":[{"name":"wp","href":"https:\/\/api.w.org\/{rel}","templated":true}]}}