{"id":88318,"date":"2024-01-02T15:45:00","date_gmt":"2024-01-02T14:45:00","guid":{"rendered":"https:\/\/watchdeluxe.it\/prodotto\/estuche-para-pluma-montblanc-ref-130934\/"},"modified":"2026-01-22T10:25:46","modified_gmt":"2026-01-22T09:25:46","slug":"estuche-para-pluma-montblanc-ref-130934","status":"publish","type":"product","link":"https:\/\/watchdeluxe.it\/es\/prodotto\/estuche-para-pluma-montblanc-ref-130934\/","title":{"rendered":"Estuche para pluma Montblanc ref. 130934"},"content":{"rendered":"<p>Estuche para pluma Montblanc ref. 130934<\/p>\n<p>Proteja con elegancia su preciado art\u00edculo de escritura con este refinado estuche de piel. Inspirado en los sobres, su dise\u00f1o superpuesto es un homenaje al maravilloso mundo de la escritura. Este estuche est\u00e1 especialmente dise\u00f1ado para albergar una pluma de lujo del tama\u00f1o de la Montblanc Meisterst\u00fcck Classique o Meisterst\u00fcck LeGrand, proporcionando un estuche seguro y elegante para su preciado instrumento.<\/p>\n<p>Dimensiones: 3 x 1,8 x 16 cm<br \/>\nColor: Negro<br \/>\nMaterial: piel de vacuno plena flor lisa<\/p>\n","protected":false},"excerpt":{"rendered":"<p>Estuche para pluma Montblanc ref. 130934 Proteja con elegancia su preciado art\u00edculo de escritura con este refinado estuche de piel. Inspirado en los sobres, su dise\u00f1o superpuesto es un homenaje al maravilloso mundo de la escritura. Este estuche est\u00e1 especialmente dise\u00f1ado para albergar una pluma de lujo del tama\u00f1o de la Montblanc Meisterst\u00fcck Classique o [&hellip;]<\/p>\n","protected":false},"featured_media":88316,"template":"","meta":{"_crdt_document":"","advanced_seo_description":"","jetpack_seo_html_title":"","jetpack_seo_noindex":false},"product_brand":[],"product_cat":[2247],"product_tag":[2913],"berocket_brand":[],"woo-feed-brand":[],"class_list":{"0":"post-88318","1":"product","2":"type-product","3":"status-publish","4":"has-post-thumbnail","6":"product_cat-montblanc-es","7":"product_tag-casos","9":"first","10":"instock","11":"sale","12":"taxable","13":"shipping-taxable","14":"purchasable","15":"product-type-simple"},"bundled_by":[],"bundle_stock_status":"instock","bundle_stock_quantity":1,"bundle_virtual":false,"bundle_layout":"","bundle_add_to_cart_form_location":"","bundle_editable_in_cart":false,"bundle_sold_individually_context":"","bundle_item_grouping":"","bundle_min_size":"","bundle_max_size":"","bundle_price":[],"bundled_items":[],"bundle_sell_ids":[],"group_of_quantity":0,"min_quantity":0,"max_quantity":"","exclude_order_quantity_value_rules":"no","exclude_category_quantity_rules":"no","combine_variations":"no","jetpack_sharing_enabled":true,"jetpack_likes_enabled":true,"_links":{"self":[{"href":"https:\/\/watchdeluxe.it\/es\/wp-json\/wp\/v2\/product\/88318","targetHints":{"allow":["GET"]}}],"collection":[{"href":"https:\/\/watchdeluxe.it\/es\/wp-json\/wp\/v2\/product"}],"about":[{"href":"https:\/\/watchdeluxe.it\/es\/wp-json\/wp\/v2\/types\/product"}],"wp:featuredmedia":[{"embeddable":true,"href":"https:\/\/watchdeluxe.it\/es\/wp-json\/wp\/v2\/media\/88316"}],"wp:attachment":[{"href":"https:\/\/watchdeluxe.it\/es\/wp-json\/wp\/v2\/media?parent=88318"}],"wp:term":[{"taxonomy":"product_brand","embeddable":true,"href":"https:\/\/watchdeluxe.it\/es\/wp-json\/wp\/v2\/product_brand?post=88318"},{"taxonomy":"product_cat","embeddable":true,"href":"https:\/\/watchdeluxe.it\/es\/wp-json\/wp\/v2\/product_cat?post=88318"},{"taxonomy":"product_tag","embeddable":true,"href":"https:\/\/watchdeluxe.it\/es\/wp-json\/wp\/v2\/product_tag?post=88318"},{"taxonomy":"berocket_brand","embeddable":true,"href":"https:\/\/watchdeluxe.it\/es\/wp-json\/wp\/v2\/berocket_brand?post=88318"},{"taxonomy":"woo-feed-brand","embeddable":true,"href":"https:\/\/watchdeluxe.it\/es\/wp-json\/wp\/v2\/woo-feed-brand?post=88318"}],"curies":[{"name":"wp","href":"https:\/\/api.w.org\/{rel}","templated":true}]}}