{"id":88259,"date":"2023-12-21T14:15:09","date_gmt":"2023-12-21T13:15:09","guid":{"rendered":"https:\/\/watchdeluxe.it\/prodotto\/rolex-gmt-master-ii-batman-ref-116710blnr\/"},"modified":"2023-12-21T14:15:09","modified_gmt":"2023-12-21T13:15:09","slug":"rolex-gmt-master-ii-batman-ref-116710blnr","status":"publish","type":"product","link":"https:\/\/watchdeluxe.it\/es\/prodotto\/rolex-gmt-master-ii-batman-ref-116710blnr\/","title":{"rendered":"Rolex GMT Master II &#8216;Batman&#8217; ref. 116710BLNR"},"content":{"rendered":"<p>Rolex GMT Master II &#8216;Batman&#8217; ref. 116710BLNR<\/p>\n<p>juego completo con caja y garant\u00eda Rolex a\u00f1o 2017<\/p>\n<p>Excelente estado<\/p>\n<p>Todos los eslabones de la pulsera presentes<\/p>\n<p>entrega r\u00e1pida<\/p>\n","protected":false},"excerpt":{"rendered":"<p>Rolex GMT Master II &#8216;Batman&#8217; ref. 116710BLNR juego completo con caja y garant\u00eda Rolex a\u00f1o 2017 Excelente estado Todos los eslabones de la pulsera presentes entrega r\u00e1pida<\/p>\n","protected":false},"featured_media":88235,"template":"","meta":{"_crdt_document":"","advanced_seo_description":"","jetpack_seo_html_title":"","jetpack_seo_noindex":false,"jetpack_post_was_ever_published":false},"product_brand":[2158],"product_cat":[2335,2560],"product_tag":[4021,3782,2564],"berocket_brand":[],"woo-feed-brand":[],"class_list":{"0":"post-88259","1":"product","2":"type-product","3":"status-publish","4":"has-post-thumbnail","6":"product_brand-rolex","7":"product_cat-escaparate","8":"product_cat-rolex-es","9":"product_tag-escaparate","10":"product_tag-gmt-es","11":"product_tag-rolex-es","13":"first","14":"outofstock","15":"taxable","16":"shipping-taxable","17":"purchasable","18":"product-type-simple"},"bundled_by":[],"bundle_stock_status":"outofstock","bundle_stock_quantity":0,"bundle_virtual":false,"bundle_layout":"","bundle_add_to_cart_form_location":"","bundle_editable_in_cart":false,"bundle_sold_individually_context":"","bundle_item_grouping":"","bundle_min_size":"","bundle_max_size":"","bundle_price":[],"bundled_items":[],"bundle_sell_ids":[],"group_of_quantity":0,"min_quantity":0,"max_quantity":"","exclude_order_quantity_value_rules":"no","exclude_category_quantity_rules":"no","combine_variations":"no","exclude_global_add_ons":[],"addons":[],"jetpack_sharing_enabled":true,"jetpack_likes_enabled":true,"_links":{"self":[{"href":"https:\/\/watchdeluxe.it\/es\/wp-json\/wp\/v2\/product\/88259","targetHints":{"allow":["GET"]}}],"collection":[{"href":"https:\/\/watchdeluxe.it\/es\/wp-json\/wp\/v2\/product"}],"about":[{"href":"https:\/\/watchdeluxe.it\/es\/wp-json\/wp\/v2\/types\/product"}],"wp:featuredmedia":[{"embeddable":true,"href":"https:\/\/watchdeluxe.it\/es\/wp-json\/wp\/v2\/media\/88235"}],"wp:attachment":[{"href":"https:\/\/watchdeluxe.it\/es\/wp-json\/wp\/v2\/media?parent=88259"}],"wp:term":[{"taxonomy":"product_brand","embeddable":true,"href":"https:\/\/watchdeluxe.it\/es\/wp-json\/wp\/v2\/product_brand?post=88259"},{"taxonomy":"product_cat","embeddable":true,"href":"https:\/\/watchdeluxe.it\/es\/wp-json\/wp\/v2\/product_cat?post=88259"},{"taxonomy":"product_tag","embeddable":true,"href":"https:\/\/watchdeluxe.it\/es\/wp-json\/wp\/v2\/product_tag?post=88259"},{"taxonomy":"berocket_brand","embeddable":true,"href":"https:\/\/watchdeluxe.it\/es\/wp-json\/wp\/v2\/berocket_brand?post=88259"},{"taxonomy":"woo-feed-brand","embeddable":true,"href":"https:\/\/watchdeluxe.it\/es\/wp-json\/wp\/v2\/woo-feed-brand?post=88259"}],"curies":[{"name":"wp","href":"https:\/\/api.w.org\/{rel}","templated":true}]}}