{"id":87990,"date":"2023-08-30T17:58:38","date_gmt":"2023-08-30T15:58:38","guid":{"rendered":"https:\/\/watchdeluxe.it\/prodotto\/zenith-chronomaster-original-38-mm-ref-03-3200-3600-69-m3200\/"},"modified":"2026-04-10T16:37:31","modified_gmt":"2026-04-10T14:37:31","slug":"zenith-chronomaster-original-38-mm-ref-03-3200-3600-69-m3200","status":"publish","type":"product","link":"https:\/\/watchdeluxe.it\/es\/prodotto\/zenith-chronomaster-original-38-mm-ref-03-3200-3600-69-m3200\/","title":{"rendered":"Zenith Chronomaster Original 38 Mm Ref. 03.3200.3600\/69.M3200"},"content":{"rendered":"<p>Zenith Chronomaster Original 38 Mm Ref. 03.3200.3600\/69.M3200<\/p>\n<table class=\"data-table\">\n<tbody>\n<tr class=\"odd\">\n<td class=\"spec-name\">Marca<\/td>\n<td class=\"spec-value\">Zenith<\/td>\n<\/tr>\n<tr class=\"even\">\n<td class=\"spec-name\">L\u00ednea<\/td>\n<td class=\"spec-value\">Chronomaster<\/td>\n<\/tr>\n<tr class=\"odd\">\n<td class=\"spec-name\">Modelo<\/td>\n<td class=\"spec-value\">Original<\/td>\n<\/tr>\n<tr class=\"even\">\n<td class=\"spec-name\">Complicaci\u00f3n<\/td>\n<td class=\"spec-value\">CRONOGRAF\u00cdA<\/td>\n<\/tr>\n<tr class=\"odd\">\n<td class=\"spec-name\">Movimiento<\/td>\n<td class=\"spec-value\">AUTOM\u00c1TICO<\/td>\n<\/tr>\n<tr class=\"even\">\n<td class=\"spec-name\">Fechador<\/td>\n<td class=\"spec-value\">FECHA<\/td>\n<\/tr>\n<tr class=\"odd\">\n<td class=\"spec-name\">Forma<\/td>\n<td class=\"spec-value\">REDONDA<\/td>\n<\/tr>\n<tr class=\"even\">\n<td class=\"spec-name\">Tama\u00f1o<\/td>\n<td class=\"spec-value\">38 MM<\/td>\n<\/tr>\n<tr class=\"odd\">\n<td class=\"spec-name\">Material de la caja<\/td>\n<td class=\"spec-value\">Acero<\/td>\n<\/tr>\n<tr class=\"even\">\n<td class=\"spec-name\">Esfera<\/td>\n<td class=\"spec-value\">Blanco mate<\/td>\n<\/tr>\n<tr class=\"odd\">\n<td class=\"spec-name\">Brazalete<\/td>\n<td class=\"spec-value\">Metal<\/td>\n<\/tr>\n<tr class=\"even\">\n<td class=\"spec-name\">Resistencia al agua<\/td>\n<td class=\"spec-value\">50 M<\/td>\n<\/tr>\n<\/tbody>\n<\/table>\n","protected":false},"excerpt":{"rendered":"<p>Zenith Chronomaster Original 38 Mm Ref. 03.3200.3600\/69.M3200 Marca Zenith L\u00ednea Chronomaster Modelo Original Complicaci\u00f3n CRONOGRAF\u00cdA Movimiento AUTOM\u00c1TICO Fechador FECHA Forma REDONDA Tama\u00f1o 38 MM Material de la caja Acero Esfera Blanco mate Brazalete Metal Resistencia al agua 50 M<\/p>\n","protected":false},"featured_media":168823,"template":"","meta":{"_crdt_document":"","advanced_seo_description":"","jetpack_seo_html_title":"","jetpack_seo_noindex":false},"product_brand":[],"product_cat":[2446],"product_tag":[2451],"berocket_brand":[],"woo-feed-brand":[],"class_list":{"0":"post-87990","1":"product","2":"type-product","3":"status-publish","4":"has-post-thumbnail","6":"product_cat-zenith-es","7":"product_tag-chronomaster-es","9":"first","10":"instock","11":"sale","12":"taxable","13":"shipping-taxable","14":"purchasable","15":"product-type-simple"},"bundled_by":[],"bundle_stock_status":"instock","bundle_stock_quantity":1,"bundle_virtual":false,"bundle_layout":"","bundle_add_to_cart_form_location":"","bundle_editable_in_cart":false,"bundle_sold_individually_context":"","bundle_item_grouping":"","bundle_min_size":"","bundle_max_size":"","bundle_price":[],"bundled_items":[],"bundle_sell_ids":[],"group_of_quantity":0,"min_quantity":0,"max_quantity":"","exclude_order_quantity_value_rules":"no","exclude_category_quantity_rules":"no","combine_variations":"no","jetpack_sharing_enabled":true,"jetpack_likes_enabled":true,"_links":{"self":[{"href":"https:\/\/watchdeluxe.it\/es\/wp-json\/wp\/v2\/product\/87990","targetHints":{"allow":["GET"]}}],"collection":[{"href":"https:\/\/watchdeluxe.it\/es\/wp-json\/wp\/v2\/product"}],"about":[{"href":"https:\/\/watchdeluxe.it\/es\/wp-json\/wp\/v2\/types\/product"}],"wp:featuredmedia":[{"embeddable":true,"href":"https:\/\/watchdeluxe.it\/es\/wp-json\/wp\/v2\/media\/168823"}],"wp:attachment":[{"href":"https:\/\/watchdeluxe.it\/es\/wp-json\/wp\/v2\/media?parent=87990"}],"wp:term":[{"taxonomy":"product_brand","embeddable":true,"href":"https:\/\/watchdeluxe.it\/es\/wp-json\/wp\/v2\/product_brand?post=87990"},{"taxonomy":"product_cat","embeddable":true,"href":"https:\/\/watchdeluxe.it\/es\/wp-json\/wp\/v2\/product_cat?post=87990"},{"taxonomy":"product_tag","embeddable":true,"href":"https:\/\/watchdeluxe.it\/es\/wp-json\/wp\/v2\/product_tag?post=87990"},{"taxonomy":"berocket_brand","embeddable":true,"href":"https:\/\/watchdeluxe.it\/es\/wp-json\/wp\/v2\/berocket_brand?post=87990"},{"taxonomy":"woo-feed-brand","embeddable":true,"href":"https:\/\/watchdeluxe.it\/es\/wp-json\/wp\/v2\/woo-feed-brand?post=87990"}],"curies":[{"name":"wp","href":"https:\/\/api.w.org\/{rel}","templated":true}]}}