{"id":87063,"date":"2023-11-13T15:00:28","date_gmt":"2023-11-13T14:00:28","guid":{"rendered":"https:\/\/watchdeluxe.it\/prodotto\/tag-heuer-monaco-esqueleto-ref-cbl2183-ft6236\/"},"modified":"2026-01-19T15:19:33","modified_gmt":"2026-01-19T14:19:33","slug":"tag-heuer-monaco-scheletrato-ref-cbl2183-ft6236","status":"publish","type":"product","link":"https:\/\/watchdeluxe.it\/es\/prodotto\/tag-heuer-monaco-scheletrato-ref-cbl2183-ft6236\/","title":{"rendered":"Tag Heuer Monaco esqueleto ref. CBL2183.FT6236"},"content":{"rendered":"<p>Tag Heuer Monaco esqueleto ref. CBL2183.FT6236<\/p>\n<table class=\"table\">\n<tbody>\n<tr>\n<td class=\"table_value\">Tag Heuer<\/td>\n<\/tr>\n<tr>\n<th class=\"table_name\">Referencia<\/th>\n<td class=\"table_value\">CBL2183.FT6236<\/td>\n<\/tr>\n<tr>\n<th class=\"table_name\">Carga<\/th>\n<td class=\"table_value\">Autom\u00e1tico<\/td>\n<\/tr>\n<tr>\n<th class=\"table_name\">Color de la esfera<\/th>\n<td class=\"table_value\">Negro<\/td>\n<\/tr>\n<tr>\n<th class=\"table_name\">Material del malet\u00edn<\/th>\n<td class=\"table_value\">Titanio<\/td>\n<\/tr>\n<tr>\n<th class=\"table_name\">Color de la correa<\/th>\n<td class=\"table_value\">Negro<\/td>\n<\/tr>\n<tr>\n<th class=\"table_name\">Material de la correa<\/th>\n<td class=\"table_value\">Piel<\/td>\n<\/tr>\n<tr>\n<th class=\"table_name\">A\u00f1o de producci\u00f3n<\/th>\n<td class=\"table_value\">2023<\/td>\n<\/tr>\n<\/tbody>\n<\/table>\n<table class=\"table\">\n<tbody>\n<tr>\n<th class=\"table_name\" colspan=\"2\">Detalles t\u00e9cnicos<\/th>\n<\/tr>\n<tr>\n<th class=\"table_name\">Cerrar<\/th>\n<td class=\"table_value\">D\u00e9ployante<\/td>\n<\/tr>\n<tr>\n<th class=\"table_name\">Material Cierre<\/th>\n<td class=\"table_value\">Titanio<\/td>\n<\/tr>\n<tr>\n<th class=\"table_name\">Di\u00e1metro de la caja<\/th>\n<td class=\"table_value\">39 mm<\/td>\n<\/tr>\n<tr>\n<th class=\"table_name\">Altura de la caja<\/th>\n<td class=\"table_value\">&#8211; mm<\/td>\n<\/tr>\n<tr>\n<th class=\"table_name\">Resistencia al agua<\/th>\n<td class=\"table_value\">100 m<\/td>\n<\/tr>\n<tr>\n<th class=\"table_name\">N\u00fameros en el dial<\/th>\n<td class=\"table_value\">Sin n\u00fameros<\/td>\n<\/tr>\n<tr>\n<th class=\"table_name\">Material Cristal<\/th>\n<td class=\"table_value\">Zafiro<\/td>\n<\/tr>\n<tr>\n<th class=\"table_name\">Material del bisel<\/th>\n<td class=\"table_value\">Titanio<\/td>\n<\/tr>\n<tr>\n<th class=\"table_name\">Calibre\/Mecanismo<\/th>\n<td class=\"table_value\">Movimiento de fabricaci\u00f3n Heuer 02<\/td>\n<\/tr>\n<tr>\n<th class=\"table_name\"><\/th>\n<td class=\"table_value\">&#8211;<\/td>\n<\/tr>\n<tr>\n<th class=\"table_name\"><\/th>\n<td class=\"table_value\"><\/td>\n<\/tr>\n<\/tbody>\n<\/table>\n","protected":false},"excerpt":{"rendered":"<p>Tag Heuer Monaco esqueleto ref. CBL2183.FT6236 Tag Heuer Referencia CBL2183.FT6236 Carga Autom\u00e1tico Color de la esfera Negro Material del malet\u00edn Titanio Color de la correa Negro Material de la correa Piel A\u00f1o de producci\u00f3n 2023 Detalles t\u00e9cnicos Cerrar D\u00e9ployante Material Cierre Titanio Di\u00e1metro de la caja 39 mm Altura de la caja &#8211; mm Resistencia [&hellip;]<\/p>\n","protected":false},"featured_media":87060,"template":"","meta":{"_crdt_document":"","advanced_seo_description":"","jetpack_seo_html_title":"","jetpack_seo_noindex":false},"product_brand":[],"product_cat":[2264],"product_tag":[3702],"berocket_brand":[],"woo-feed-brand":[],"class_list":{"0":"post-87063","1":"product","2":"type-product","3":"status-publish","4":"has-post-thumbnail","6":"product_cat-tag-heuer-es","7":"product_tag-monaco-es-2","9":"first","10":"instock","11":"sale","12":"taxable","13":"shipping-taxable","14":"purchasable","15":"product-type-simple"},"bundled_by":[],"bundle_stock_status":"instock","bundle_stock_quantity":1,"bundle_virtual":false,"bundle_layout":"","bundle_add_to_cart_form_location":"","bundle_editable_in_cart":false,"bundle_sold_individually_context":"","bundle_item_grouping":"","bundle_min_size":"","bundle_max_size":"","bundle_price":[],"bundled_items":[],"bundle_sell_ids":[],"group_of_quantity":0,"min_quantity":0,"max_quantity":"","exclude_order_quantity_value_rules":"no","exclude_category_quantity_rules":"no","combine_variations":"no","jetpack_sharing_enabled":true,"jetpack_likes_enabled":true,"_links":{"self":[{"href":"https:\/\/watchdeluxe.it\/es\/wp-json\/wp\/v2\/product\/87063","targetHints":{"allow":["GET"]}}],"collection":[{"href":"https:\/\/watchdeluxe.it\/es\/wp-json\/wp\/v2\/product"}],"about":[{"href":"https:\/\/watchdeluxe.it\/es\/wp-json\/wp\/v2\/types\/product"}],"wp:featuredmedia":[{"embeddable":true,"href":"https:\/\/watchdeluxe.it\/es\/wp-json\/wp\/v2\/media\/87060"}],"wp:attachment":[{"href":"https:\/\/watchdeluxe.it\/es\/wp-json\/wp\/v2\/media?parent=87063"}],"wp:term":[{"taxonomy":"product_brand","embeddable":true,"href":"https:\/\/watchdeluxe.it\/es\/wp-json\/wp\/v2\/product_brand?post=87063"},{"taxonomy":"product_cat","embeddable":true,"href":"https:\/\/watchdeluxe.it\/es\/wp-json\/wp\/v2\/product_cat?post=87063"},{"taxonomy":"product_tag","embeddable":true,"href":"https:\/\/watchdeluxe.it\/es\/wp-json\/wp\/v2\/product_tag?post=87063"},{"taxonomy":"berocket_brand","embeddable":true,"href":"https:\/\/watchdeluxe.it\/es\/wp-json\/wp\/v2\/berocket_brand?post=87063"},{"taxonomy":"woo-feed-brand","embeddable":true,"href":"https:\/\/watchdeluxe.it\/es\/wp-json\/wp\/v2\/woo-feed-brand?post=87063"}],"curies":[{"name":"wp","href":"https:\/\/api.w.org\/{rel}","templated":true}]}}