{"id":86763,"date":"2023-11-10T14:46:39","date_gmt":"2023-11-10T13:46:39","guid":{"rendered":"https:\/\/watchdeluxe.it\/prodotto\/grand-seiko-sport-collection-ref-sbga463g\/"},"modified":"2026-04-01T10:23:09","modified_gmt":"2026-04-01T08:23:09","slug":"grand-seiko-sport-collection-ref-sbga463g","status":"publish","type":"product","link":"https:\/\/watchdeluxe.it\/es\/prodotto\/grand-seiko-sport-collection-ref-sbga463g\/","title":{"rendered":"Grand Seiko Sport Collection ref. SBGA463G"},"content":{"rendered":"<p>Grand Seiko Sport Collection ref. SBGA463G<\/p>\n<div class=\"_item\">\n<div class=\"_header\">Exterior<\/div>\n<div class=\"_body\">\n<table class=\"_table\">\n<tbody>\n<tr>\n<th>Exterior:<\/th>\n<td>Titanio de alta intensidad (revestimiento resistente)<\/td>\n<\/tr>\n<tr>\n<th>Fondo de la caja:<\/th>\n<td>Fondo atornillado<\/td>\n<\/tr>\n<tr>\n<th>Material del cristal:<\/th>\n<td>Cristal de zafiro<\/td>\n<\/tr>\n<tr>\n<th>Revestimiento de cristal:<\/th>\n<td>Revestimiento antirreflejos en la superficie interior<\/td>\n<\/tr>\n<tr>\n<th>LumiBrite:<\/th>\n<td>LumiBrite en manecillas, \u00edndices y bisel<\/td>\n<\/tr>\n<tr>\n<th>Tama\u00f1o de la caja:<\/th>\n<td>Di\u00e1metro 44,2 mm Distancia entre asas 51,0 mm Grosor 14,0 mm<\/td>\n<\/tr>\n<tr>\n<th>Ancho de la correa:<\/th>\n<td>22 mm<\/td>\n<\/tr>\n<tr>\n<th>Tipo de cierre:<\/th>\n<td>Cierre desplegable triple con bloqueo de seguridad y apertura por pulsador, ajustador s\u00f3lido y deslizante<\/td>\n<\/tr>\n<tr>\n<th>Longitud de la pulsera:<\/th>\n<td>195 mm<\/td>\n<\/tr>\n<\/tbody>\n<\/table>\n<\/div>\n<\/div>\n<div class=\"_item\">\n<div class=\"_header\">Movimiento<\/div>\n<div class=\"_body\">\n<table class=\"_table\">\n<tbody>\n<tr>\n<th>C\u00f3digo de calibre:<\/th>\n<td>9R65 Instrucciones<\/td>\n<\/tr>\n<tr>\n<th>Reserva de energ\u00eda:<\/th>\n<td>Aprox. 72 horas (3 d\u00edas)<\/td>\n<\/tr>\n<tr>\n<th>Precisi\u00f3n:<\/th>\n<td>\u00b11 segundo al d\u00eda \/ \u00b115 segundos al mes (de media)<\/td>\n<\/tr>\n<\/tbody>\n<\/table>\n<\/div>\n<\/div>\n<div class=\"_item\">\n<div class=\"_header\">Funciones<\/div>\n<div class=\"_body\">\n<table class=\"_table\">\n<tbody>\n<tr>\n<th>Resistencia magn\u00e9tica<\/th>\n<td>4.800 A\/m<\/td>\n<\/tr>\n<tr>\n<th>Otros detalles \/ Caracter\u00edsticas:<\/th>\n<td>\n<ul class=\"list-type-bullet\">\n<li>Bisel giratorio unidireccional<\/li>\n<li>Corona roscada<\/li>\n<li>Triple pestillo abatible con cierre de seguridad<\/li>\n<li>30 rub\u00edes<\/li>\n<li>Indicaci\u00f3n de reserva de marcha<\/li>\n<\/ul>\n<\/td>\n<\/tr>\n<\/tbody>\n<\/table>\n<\/div>\n<\/div>\n","protected":false},"excerpt":{"rendered":"<p>Grand Seiko Sport Collection ref. SBGA463G Exterior Exterior: Titanio de alta intensidad (revestimiento resistente) Fondo de la caja: Fondo atornillado Material del cristal: Cristal de zafiro Revestimiento de cristal: Revestimiento antirreflejos en la superficie interior LumiBrite: LumiBrite en manecillas, \u00edndices y bisel Tama\u00f1o de la caja: Di\u00e1metro 44,2 mm Distancia entre asas 51,0 mm Grosor [&hellip;]<\/p>\n","protected":false},"featured_media":86760,"template":"","meta":{"_crdt_document":"","advanced_seo_description":"","jetpack_seo_html_title":"","jetpack_seo_noindex":false},"product_brand":[],"product_cat":[3911],"product_tag":[3217],"berocket_brand":[],"woo-feed-brand":[],"class_list":{"0":"post-86763","1":"product","2":"type-product","3":"status-publish","4":"has-post-thumbnail","6":"product_cat-grand-seiko-es","7":"product_tag-deportes","9":"first","10":"instock","11":"sale","12":"taxable","13":"shipping-taxable","14":"purchasable","15":"product-type-simple"},"bundled_by":[],"bundle_stock_status":"instock","bundle_stock_quantity":1,"bundle_virtual":false,"bundle_layout":"","bundle_add_to_cart_form_location":"","bundle_editable_in_cart":false,"bundle_sold_individually_context":"","bundle_item_grouping":"","bundle_min_size":"","bundle_max_size":"","bundle_price":[],"bundled_items":[],"bundle_sell_ids":[],"group_of_quantity":0,"min_quantity":0,"max_quantity":"","exclude_order_quantity_value_rules":"no","exclude_category_quantity_rules":"no","combine_variations":"no","exclude_global_add_ons":[],"addons":[],"jetpack_sharing_enabled":true,"jetpack_likes_enabled":true,"_links":{"self":[{"href":"https:\/\/watchdeluxe.it\/es\/wp-json\/wp\/v2\/product\/86763","targetHints":{"allow":["GET"]}}],"collection":[{"href":"https:\/\/watchdeluxe.it\/es\/wp-json\/wp\/v2\/product"}],"about":[{"href":"https:\/\/watchdeluxe.it\/es\/wp-json\/wp\/v2\/types\/product"}],"wp:featuredmedia":[{"embeddable":true,"href":"https:\/\/watchdeluxe.it\/es\/wp-json\/wp\/v2\/media\/86760"}],"wp:attachment":[{"href":"https:\/\/watchdeluxe.it\/es\/wp-json\/wp\/v2\/media?parent=86763"}],"wp:term":[{"taxonomy":"product_brand","embeddable":true,"href":"https:\/\/watchdeluxe.it\/es\/wp-json\/wp\/v2\/product_brand?post=86763"},{"taxonomy":"product_cat","embeddable":true,"href":"https:\/\/watchdeluxe.it\/es\/wp-json\/wp\/v2\/product_cat?post=86763"},{"taxonomy":"product_tag","embeddable":true,"href":"https:\/\/watchdeluxe.it\/es\/wp-json\/wp\/v2\/product_tag?post=86763"},{"taxonomy":"berocket_brand","embeddable":true,"href":"https:\/\/watchdeluxe.it\/es\/wp-json\/wp\/v2\/berocket_brand?post=86763"},{"taxonomy":"woo-feed-brand","embeddable":true,"href":"https:\/\/watchdeluxe.it\/es\/wp-json\/wp\/v2\/woo-feed-brand?post=86763"}],"curies":[{"name":"wp","href":"https:\/\/api.w.org\/{rel}","templated":true}]}}