{"id":86349,"date":"2023-11-02T18:04:38","date_gmt":"2023-11-02T17:04:38","guid":{"rendered":"https:\/\/watchdeluxe.it\/prodotto\/nomos-glashutte-metro-rojo-apagado-ref-1123\/"},"modified":"2025-09-23T16:13:48","modified_gmt":"2025-09-23T14:13:48","slug":"nomos-glashutte-metro-muted-red-ref-1123","status":"publish","type":"product","link":"https:\/\/watchdeluxe.it\/es\/prodotto\/nomos-glashutte-metro-muted-red-ref-1123\/","title":{"rendered":"Nomos Glashutte Metro rojo apagado ref. 1123"},"content":{"rendered":"<p>Nomos Glashutte Metro rojo apagado ref. 1123<\/p>\n<div class=\"text-container\">\n<div class=\"specs-list specs-list--ref\">\n<dl>\n<dt>Ref.<\/dt>\n<dd>1123<\/dd>\n<\/dl>\n<\/div>\n<div class=\"list-couple\">\n<div class=\"specs-list\">\n<dl>\n<dt>Caso<\/dt>\n<dd>acero inoxidable, bipartito<br \/>\ntrasera de cristal de zafiro<\/dd>\n<\/dl>\n<dl>\n<dt>Vidrio<\/dt>\n<dd>cristal de zafiro abombado<\/dd>\n<\/dl>\n<dl>\n<dt>Carga<\/dt>\n<dd>manual<\/dd>\n<\/dl>\n<dl>\n<dt>Dimensiones<\/dt>\n<dd>di\u00e1metro <span class=\"size-property\"> 33,0 mm <\/span><br \/>\ngrosor 7 <span class=\"size-property\">,5 mm <\/span><br \/>\nTama\u00f1o del bucle exterior <span class=\"size-property\"> 40,0 mm <\/span> <\/dd>\n<\/dl>\n<dl>\n<dt>Resistencia al agua<\/dt>\n<dd>5 atm (resistente al agua en la ducha)<\/dd>\n<\/dl>\n<\/div>\n<div class=\"specs-list\">\n<dl>\n<dt>Marque<\/dt>\n<dd>galvanizado, rojo suave, \u00edndices grises a las 3, 9 y 12, marcadores de minutos rosas<\/dd>\n<\/dl>\n<dl>\n<dt>Manos<\/dt>\n<dd>Segundero rosa rodiado<\/dd>\n<\/dl>\n<dl>\n<dt>correa<\/dt>\n<dd>ante vegano, reeditado, gris aterciopelado, con pasadores de cierre r\u00e1pido<br \/>\n<span class=\"size-property\">  ancho de bucle 16 mm  <\/span><\/dd>\n<\/dl>\n<\/div>\n<\/div>\n<\/div>\n","protected":false},"excerpt":{"rendered":"<p>Nomos Glashutte Metro rojo apagado ref. 1123 Ref. 1123 Caso acero inoxidable, bipartito trasera de cristal de zafiro Vidrio cristal de zafiro abombado Carga manual Dimensiones di\u00e1metro 33,0 mm grosor 7 ,5 mm Tama\u00f1o del bucle exterior 40,0 mm Resistencia al agua 5 atm (resistente al agua en la ducha) Marque galvanizado, rojo suave, \u00edndices [&hellip;]<\/p>\n","protected":false},"featured_media":86296,"template":"","meta":{"_crdt_document":"","advanced_seo_description":"","jetpack_seo_html_title":"","jetpack_seo_noindex":false},"product_brand":[2154],"product_cat":[2360],"product_tag":[3431],"berocket_brand":[],"woo-feed-brand":[],"class_list":{"0":"post-86349","1":"product","2":"type-product","3":"status-publish","4":"has-post-thumbnail","6":"product_brand-nomos-glashutte","7":"product_cat-nomos-glashutte-es","8":"product_tag-metro-es","10":"first","11":"instock","12":"sale","13":"taxable","14":"shipping-taxable","15":"purchasable","16":"product-type-simple"},"bundled_by":[],"bundle_stock_status":"instock","bundle_stock_quantity":1,"bundle_virtual":false,"bundle_layout":"","bundle_add_to_cart_form_location":"","bundle_editable_in_cart":false,"bundle_sold_individually_context":"","bundle_item_grouping":"","bundle_min_size":"","bundle_max_size":"","bundle_price":[],"bundled_items":[],"bundle_sell_ids":[],"group_of_quantity":0,"min_quantity":0,"max_quantity":"","exclude_order_quantity_value_rules":"no","exclude_category_quantity_rules":"no","combine_variations":"no","jetpack_sharing_enabled":true,"jetpack_likes_enabled":true,"_links":{"self":[{"href":"https:\/\/watchdeluxe.it\/es\/wp-json\/wp\/v2\/product\/86349","targetHints":{"allow":["GET"]}}],"collection":[{"href":"https:\/\/watchdeluxe.it\/es\/wp-json\/wp\/v2\/product"}],"about":[{"href":"https:\/\/watchdeluxe.it\/es\/wp-json\/wp\/v2\/types\/product"}],"wp:featuredmedia":[{"embeddable":true,"href":"https:\/\/watchdeluxe.it\/es\/wp-json\/wp\/v2\/media\/86296"}],"wp:attachment":[{"href":"https:\/\/watchdeluxe.it\/es\/wp-json\/wp\/v2\/media?parent=86349"}],"wp:term":[{"taxonomy":"product_brand","embeddable":true,"href":"https:\/\/watchdeluxe.it\/es\/wp-json\/wp\/v2\/product_brand?post=86349"},{"taxonomy":"product_cat","embeddable":true,"href":"https:\/\/watchdeluxe.it\/es\/wp-json\/wp\/v2\/product_cat?post=86349"},{"taxonomy":"product_tag","embeddable":true,"href":"https:\/\/watchdeluxe.it\/es\/wp-json\/wp\/v2\/product_tag?post=86349"},{"taxonomy":"berocket_brand","embeddable":true,"href":"https:\/\/watchdeluxe.it\/es\/wp-json\/wp\/v2\/berocket_brand?post=86349"},{"taxonomy":"woo-feed-brand","embeddable":true,"href":"https:\/\/watchdeluxe.it\/es\/wp-json\/wp\/v2\/woo-feed-brand?post=86349"}],"curies":[{"name":"wp","href":"https:\/\/api.w.org\/{rel}","templated":true}]}}