{"id":86344,"date":"2023-11-02T18:06:42","date_gmt":"2023-11-02T17:06:42","guid":{"rendered":"https:\/\/watchdeluxe.it\/prodotto\/nomos-glashutte-ahoi-neomatik-38-arena-ref-527\/"},"modified":"2023-11-02T18:06:42","modified_gmt":"2023-11-02T17:06:42","slug":"nomos-glashutte-ahoi-neomatik-38-sand-ref-527","status":"publish","type":"product","link":"https:\/\/watchdeluxe.it\/es\/prodotto\/nomos-glashutte-ahoi-neomatik-38-sand-ref-527\/","title":{"rendered":"Nomos glashutte Ahoi Neomatik 38 arena ref. 527"},"content":{"rendered":"<p>Nomos glashutte Ahoi Neomatik 38 arena ref. 527<\/p>\n<div class=\"specs-list\">\n<dl>\n<dt>Caso<\/dt>\n<dd>acero inoxidable, bipartito<br \/>\ntrasera de cristal de zafiro<br \/>\nfijado con cuatro tornillos, corona atornillada, protecci\u00f3n<\/dd>\n<\/dl>\n<dl>\n<dt>Vidrio<\/dt>\n<dd>cristal de zafiro abombado con tratamiento antirreflejos interior y exterior<\/dd>\n<\/dl>\n<dl>\n<dt>Carga<\/dt>\n<dd><\/dd>\n<\/dl>\n<dl>\n<dt>Dimensiones<\/dt>\n<dd>di\u00e1metro <span class=\"size-property\"> 38,5 mm <\/span><br \/>\ngrosor 9 <span class=\"size-property\">,9 mm <\/span><br \/>\nTama\u00f1o del bucle exterior <span class=\"size-property\"> 48,7 mm <\/span> <\/dd>\n<\/dl>\n<dl>\n<dt>Resistencia al agua<\/dt>\n<dd>20 atm (resistente a la inmersi\u00f3n)<\/dd>\n<\/dl>\n<\/div>\n<div class=\"specs-list\">\n<dl>\n<dt>Marque<\/dt>\n<dd>color arena, plateado blanco, marcadores horarios con superluminova blanca<br \/>\nventana de fecha a las tres<\/dd>\n<\/dl>\n<dl>\n<dt>Manos<\/dt>\n<dd>rodiado, con inserciones de superluminova blanca, segundero naranja<\/dd>\n<\/dl>\n<dl>\n<dt>correa<\/dt>\n<dd>correa de tejido impermeable gris oscuro<br \/>\n<span class=\"size-property\">  ancho de bucle 20 mm  <\/span><\/dd>\n<\/dl>\n<dl>\n<dt>Hebilla<\/dt>\n<dd>Hebilla con pasador, cuadrada, acero inoxidable<\/dd>\n<\/dl>\n<\/div>\n","protected":false},"excerpt":{"rendered":"<p>Nomos glashutte Ahoi Neomatik 38 arena ref. 527 Caso acero inoxidable, bipartito trasera de cristal de zafiro fijado con cuatro tornillos, corona atornillada, protecci\u00f3n Vidrio cristal de zafiro abombado con tratamiento antirreflejos interior y exterior Carga Dimensiones di\u00e1metro 38,5 mm grosor 9 ,9 mm Tama\u00f1o del bucle exterior 48,7 mm Resistencia al agua 20 atm [&hellip;]<\/p>\n","protected":false},"featured_media":86302,"template":"","meta":{"_crdt_document":"","advanced_seo_description":"","jetpack_seo_html_title":"","jetpack_seo_noindex":false},"product_brand":[2154],"product_cat":[2360],"product_tag":[3372],"berocket_brand":[],"woo-feed-brand":[],"class_list":{"0":"post-86344","1":"product","2":"type-product","3":"status-publish","4":"has-post-thumbnail","6":"product_brand-nomos-glashutte","7":"product_cat-nomos-glashutte-es","8":"product_tag-ahoi-es","10":"first","11":"instock","12":"sale","13":"taxable","14":"shipping-taxable","15":"purchasable","16":"product-type-simple"},"bundled_by":[],"bundle_stock_status":"instock","bundle_stock_quantity":1,"bundle_virtual":false,"bundle_layout":"","bundle_add_to_cart_form_location":"","bundle_editable_in_cart":false,"bundle_sold_individually_context":"","bundle_item_grouping":"","bundle_min_size":"","bundle_max_size":"","bundle_price":[],"bundled_items":[],"bundle_sell_ids":[],"group_of_quantity":0,"min_quantity":0,"max_quantity":"","exclude_order_quantity_value_rules":"no","exclude_category_quantity_rules":"no","combine_variations":"no","jetpack_sharing_enabled":true,"jetpack_likes_enabled":true,"_links":{"self":[{"href":"https:\/\/watchdeluxe.it\/es\/wp-json\/wp\/v2\/product\/86344","targetHints":{"allow":["GET"]}}],"collection":[{"href":"https:\/\/watchdeluxe.it\/es\/wp-json\/wp\/v2\/product"}],"about":[{"href":"https:\/\/watchdeluxe.it\/es\/wp-json\/wp\/v2\/types\/product"}],"wp:featuredmedia":[{"embeddable":true,"href":"https:\/\/watchdeluxe.it\/es\/wp-json\/wp\/v2\/media\/86302"}],"wp:attachment":[{"href":"https:\/\/watchdeluxe.it\/es\/wp-json\/wp\/v2\/media?parent=86344"}],"wp:term":[{"taxonomy":"product_brand","embeddable":true,"href":"https:\/\/watchdeluxe.it\/es\/wp-json\/wp\/v2\/product_brand?post=86344"},{"taxonomy":"product_cat","embeddable":true,"href":"https:\/\/watchdeluxe.it\/es\/wp-json\/wp\/v2\/product_cat?post=86344"},{"taxonomy":"product_tag","embeddable":true,"href":"https:\/\/watchdeluxe.it\/es\/wp-json\/wp\/v2\/product_tag?post=86344"},{"taxonomy":"berocket_brand","embeddable":true,"href":"https:\/\/watchdeluxe.it\/es\/wp-json\/wp\/v2\/berocket_brand?post=86344"},{"taxonomy":"woo-feed-brand","embeddable":true,"href":"https:\/\/watchdeluxe.it\/es\/wp-json\/wp\/v2\/woo-feed-brand?post=86344"}],"curies":[{"name":"wp","href":"https:\/\/api.w.org\/{rel}","templated":true}]}}