{"id":86338,"date":"2024-09-20T17:21:02","date_gmt":"2024-09-20T15:21:02","guid":{"rendered":"https:\/\/watchdeluxe.it\/prodotto\/cronografo-de-piloto-iwc-verde-ref-iw388103\/"},"modified":"2024-09-20T17:21:11","modified_gmt":"2024-09-20T15:21:11","slug":"iwc-pilots-chronograph-green-ref-iw388103","status":"publish","type":"product","link":"https:\/\/watchdeluxe.it\/es\/prodotto\/iwc-pilots-chronograph-green-ref-iw388103\/","title":{"rendered":"Cron\u00f3grafo de piloto IWC verde ref. IW388103"},"content":{"rendered":"<p>Cron\u00f3grafo de piloto IWC verde ref. IW388103<\/p>\n<div class=\"iwc-section-detail\">\n<ul class=\"iwc-product-information-details expanded\" role=\"list\" data-toggle-id=\"case-section-details\">\n<li class=\"iwc-product-detail-item\" role=\"listitem\">Caja de acero<\/li>\n<li class=\"iwc-product-detail-item\" role=\"listitem\">Di\u00e1metro 41,0 <span class=\"iwc-unit-small\"> mm <\/span> <\/li>\n<li class=\"iwc-product-detail-item\" role=\"listitem\">Grosor 14,5 <span class=\"iwc-unit-small\"> mm <\/span> <\/li>\n<li class=\"iwc-product-detail-item\" role=\"listitem\">Corona roscada<\/li>\n<li class=\"iwc-product-detail-item\" role=\"listitem\">Fondo de cristal de zafiro transparente<\/li>\n<li class=\"iwc-product-detail-item\">Resistencia al agua 10,0 bar<\/li>\n<\/ul>\n<\/div>\n<div class=\"case-image-section\"><picture class=\"iwc-picture-tag\"><source srcset=\"\/content\/dam\/rcq\/iwc\/21\/49\/96\/8\/2149968.png.transform.global_image_png_540.png, \/content\/dam\/rcq\/iwc\/21\/49\/96\/8\/2149968.png.transform.global_image_png_540_2x.png 2x\" media=\"(min-width: 1000px)\" data-srcset=\"\/content\/dam\/rcq\/iwc\/21\/49\/96\/8\/2149968.png.transform.global_image_png_540.png, \/content\/dam\/rcq\/iwc\/21\/49\/96\/8\/2149968.png.transform.global_image_png_540_2x.png 2x\"><\/source><source srcset=\"\/content\/dam\/rcq\/iwc\/21\/49\/96\/8\/2149968.png.transform.global_image_png_375.png, \/content\/dam\/rcq\/iwc\/21\/49\/96\/8\/2149968.png.transform.global_image_png_375_2x.png 2x\" media=\"(min-width: 600px)\" data-srcset=\"\/content\/dam\/rcq\/iwc\/21\/49\/96\/8\/2149968.png.transform.global_image_png_375.png, \/content\/dam\/rcq\/iwc\/21\/49\/96\/8\/2149968.png.transform.global_image_png_375_2x.png 2x\"><\/source><source srcset=\"\/content\/dam\/rcq\/iwc\/21\/49\/96\/8\/2149968.png.transform.global_image_png_375.png, \/content\/dam\/rcq\/iwc\/21\/49\/96\/8\/2149968.png.transform.global_image_png_375_2x.png 2x\" media=\"(max-width:599px)\" data-srcset=\"\/content\/dam\/rcq\/iwc\/21\/49\/96\/8\/2149968.png.transform.global_image_png_375.png, \/content\/dam\/rcq\/iwc\/21\/49\/96\/8\/2149968.png.transform.global_image_png_375_2x.png 2x\"><\/source> <\/picture>\n<div class=\"iwc-section-detail\">\n<h3 class=\"iwc-product-information-narrow\"><a class=\"iwc-product-information-title-cx\" role=\"button\" href=\"https:\/\/www.iwc.com\/it\/it\/watch-collections\/pilot-watches\/iw388103-pilot_s-watch-chronograph-41.html#movement\" data-toggle=\"movement-section-details\" aria-expanded=\"false\">Movimiento<\/a><\/h3>\n<ul class=\"iwc-product-information-details expanded\" role=\"list\" data-toggle-id=\"movement-section-details\">\n<li class=\"iwc-product-detail-item\" role=\"listitem\">69385 Calibre<\/li>\n<li class=\"iwc-product-detail-item\" role=\"listitem\">Movimiento fabricado por IWC<\/li>\n<li class=\"iwc-product-detail-item\" role=\"listitem\">Carga autom\u00e1tica<\/li>\n<li class=\"iwc-product-detail-item\" role=\"listitem\">46 horas de duraci\u00f3n<\/li>\n<li class=\"iwc-product-detail-item\" role=\"listitem\">Frecuencia 28&#8217;800 VPH (4 Hz)<\/li>\n<li class=\"iwc-product-detail-item\" role=\"listitem\">242 Componentes<\/li>\n<li class=\"iwc-product-detail-item\" role=\"listitem\">33 Rub\u00edes<\/li>\n<li class=\"iwc-product-detail-item\" role=\"listitem\">C\u00f4tes de Gen\u00e8ve<\/li>\n<\/ul>\n<\/div>\n<\/div>\n","protected":false},"excerpt":{"rendered":"<p>Cron\u00f3grafo de piloto IWC verde ref. IW388103 Caja de acero Di\u00e1metro 41,0 mm Grosor 14,5 mm Corona roscada Fondo de cristal de zafiro transparente Resistencia al agua 10,0 bar Movimiento 69385 Calibre Movimiento fabricado por IWC Carga autom\u00e1tica 46 horas de duraci\u00f3n Frecuencia 28&#8217;800 VPH (4 Hz) 242 Componentes 33 Rub\u00edes C\u00f4tes de Gen\u00e8ve<\/p>\n","protected":false},"featured_media":86275,"template":"","meta":{"_crdt_document":"","advanced_seo_description":"","jetpack_seo_html_title":"","jetpack_seo_noindex":false,"jetpack_post_was_ever_published":true},"product_brand":[2150],"product_cat":[2237],"product_tag":[3959],"berocket_brand":[],"woo-feed-brand":[],"class_list":{"0":"post-86338","1":"product","2":"type-product","3":"status-publish","4":"has-post-thumbnail","6":"product_brand-iwc","7":"product_cat-cbi","8":"product_tag-piloto","10":"first","11":"instock","12":"sale","13":"taxable","14":"shipping-taxable","15":"purchasable","16":"product-type-simple"},"bundled_by":[],"bundle_stock_status":"instock","bundle_stock_quantity":null,"bundle_virtual":false,"bundle_layout":"","bundle_add_to_cart_form_location":"","bundle_editable_in_cart":false,"bundle_sold_individually_context":"","bundle_item_grouping":"","bundle_min_size":"","bundle_max_size":"","bundle_price":[],"bundled_items":[],"bundle_sell_ids":[],"group_of_quantity":0,"min_quantity":0,"max_quantity":"","exclude_order_quantity_value_rules":"no","exclude_category_quantity_rules":"no","combine_variations":"no","exclude_global_add_ons":[],"addons":[],"jetpack_sharing_enabled":true,"jetpack_likes_enabled":true,"_links":{"self":[{"href":"https:\/\/watchdeluxe.it\/es\/wp-json\/wp\/v2\/product\/86338","targetHints":{"allow":["GET"]}}],"collection":[{"href":"https:\/\/watchdeluxe.it\/es\/wp-json\/wp\/v2\/product"}],"about":[{"href":"https:\/\/watchdeluxe.it\/es\/wp-json\/wp\/v2\/types\/product"}],"wp:featuredmedia":[{"embeddable":true,"href":"https:\/\/watchdeluxe.it\/es\/wp-json\/wp\/v2\/media\/86275"}],"wp:attachment":[{"href":"https:\/\/watchdeluxe.it\/es\/wp-json\/wp\/v2\/media?parent=86338"}],"wp:term":[{"taxonomy":"product_brand","embeddable":true,"href":"https:\/\/watchdeluxe.it\/es\/wp-json\/wp\/v2\/product_brand?post=86338"},{"taxonomy":"product_cat","embeddable":true,"href":"https:\/\/watchdeluxe.it\/es\/wp-json\/wp\/v2\/product_cat?post=86338"},{"taxonomy":"product_tag","embeddable":true,"href":"https:\/\/watchdeluxe.it\/es\/wp-json\/wp\/v2\/product_tag?post=86338"},{"taxonomy":"berocket_brand","embeddable":true,"href":"https:\/\/watchdeluxe.it\/es\/wp-json\/wp\/v2\/berocket_brand?post=86338"},{"taxonomy":"woo-feed-brand","embeddable":true,"href":"https:\/\/watchdeluxe.it\/es\/wp-json\/wp\/v2\/woo-feed-brand?post=86338"}],"curies":[{"name":"wp","href":"https:\/\/api.w.org\/{rel}","templated":true}]}}