{"id":85577,"date":"2023-03-16T11:36:50","date_gmt":"2023-03-16T10:36:50","guid":{"rendered":"https:\/\/watchdeluxe.it\/prodotto\/hamilton-caqui-aviacion-piloto-dia-fecha-ref-h64615135\/"},"modified":"2026-04-02T18:26:20","modified_gmt":"2026-04-02T16:26:20","slug":"hamilton-khaki-aviation-pilot-day-auto-ref-h64615135","status":"publish","type":"product","link":"https:\/\/watchdeluxe.it\/es\/prodotto\/hamilton-khaki-aviation-pilot-day-auto-ref-h64615135\/","title":{"rendered":"HAMILTON Khaki Aviation Pilot Day Date REF. H64615135"},"content":{"rendered":"<p>HAMILTON Khaki Aviation Pilot Day Date Auto REF. H64615135<\/p>\n<ul>\n<li class=\"col col-1-2-m watch\">\n<h4 aria-level=\"2\">Reloj<\/h4>\n<table id=\"product-attribute-specs-table\" class=\"data table additional-attributes\" role=\"Presentation\">\n<caption class=\"table-caption\">Caracter\u00edsticas<\/caption>\n<tbody>\n<tr>\n<th class=\"col label\" scope=\"row\">Referencia<\/th>\n<td class=\"col data\" data-th=\"Referenza\">H64615135<\/td>\n<\/tr>\n<tr>\n<th class=\"col label\" scope=\"row\">Calibre<\/th>\n<td class=\"col data\" data-th=\"Calibro\">H-40<\/td>\n<\/tr>\n<tr>\n<th class=\"col label\" scope=\"row\">Colecci\u00f3n<\/th>\n<td class=\"col data\" data-th=\"Collezione\">Caqui Aviaci\u00f3n<\/td>\n<\/tr>\n<tr>\n<th class=\"col label\" scope=\"row\">Movimiento<\/th>\n<td class=\"col data\" data-th=\"Movimento\">Carga autom\u00e1tica<\/td>\n<\/tr>\n<tr>\n<th class=\"col label\" scope=\"row\">Dimensiones del malet\u00edn<\/th>\n<td class=\"col data\" data-th=\"Dimensioni della cassa\">42 mm<\/td>\n<\/tr>\n<tr>\n<th class=\"col label\" scope=\"row\">G\u00e9nero<\/th>\n<td class=\"col data\" data-th=\"Genere\">Hombre<\/td>\n<\/tr>\n<tr>\n<th class=\"col label\" scope=\"row\">Color de la esfera<\/th>\n<td class=\"col data\" data-th=\"Colore quadrante\">Negro<\/td>\n<\/tr>\n<tr>\n<th class=\"col label\" scope=\"row\">Material del malet\u00edn<\/th>\n<td class=\"col data\" data-th=\"Materiale della cassa\">Acero<\/td>\n<\/tr>\n<tr>\n<th class=\"col label\" scope=\"row\">Vidrio<\/th>\n<td class=\"col data\" data-th=\"Vetro\">Zafiro<\/td>\n<\/tr>\n<tr>\n<th class=\"col label\" scope=\"row\">Anchura del bucle<\/th>\n<td class=\"col data\" data-th=\"Larghezza ansa\">Ancho de bucle 20 mm<\/td>\n<\/tr>\n<tr>\n<th class=\"col label\" scope=\"row\">Reserva de marcha<\/th>\n<td class=\"col data\" data-th=\"Riserva di carica\">Reserva de marcha 80 horas<\/td>\n<\/tr>\n<tr>\n<th class=\"col label\" scope=\"row\">Impermeable<\/th>\n<td class=\"col data\" data-th=\"Impermeabilit\u00e0\">10 bar (100 m) \/ 145 psi (328 pies)<\/td>\n<\/tr>\n<tr>\n<th class=\"col label\" scope=\"row\">Antirreflejos<\/th>\n<td class=\"col data\" data-th=\"Anti Reflection\">S\u00ed<\/td>\n<\/tr>\n<tr>\n<th class=\"col label\" scope=\"row\">Parte trasera visible<\/th>\n<td class=\"col data\" data-th=\"Fondello a vista\">S\u00ed<\/td>\n<\/tr>\n<\/tbody>\n<\/table>\n<\/li>\n<li class=\"col col-1-2-m strap\">\n<h4 aria-level=\"2\">Pulsera\/Correa<\/h4>\n<table id=\"product-attribute-specs-table\" class=\"data table additional-attributes\" role=\"Presentation\">\n<caption class=\"table-caption\">Caracter\u00edsticas<\/caption>\n<tbody>\n<tr>\n<th class=\"col label\" scope=\"row\">Accesorio REF<\/th>\n<td class=\"col data\" data-th=\"Accessorio REF\">H605.646.103<\/td>\n<\/tr>\n<tr>\n<th class=\"col label\" scope=\"row\">Tipo de correa<\/th>\n<td class=\"col data\" data-th=\"Tipo cinturino\">Acero<\/td>\n<\/tr>\n<tr>\n<th class=\"col label\" scope=\"row\">Tipo de hebilla<\/th>\n<td class=\"col data\" data-th=\"Tipo di fibbia\">Hebilla plegable<\/td>\n<\/tr>\n<\/tbody>\n<\/table>\n<\/li>\n<\/ul>\n","protected":false},"excerpt":{"rendered":"<p>HAMILTON Khaki Aviation Pilot Day Date Auto REF. H64615135 Reloj Caracter\u00edsticas Referencia H64615135 Calibre H-40 Colecci\u00f3n Caqui Aviaci\u00f3n Movimiento Carga autom\u00e1tica Dimensiones del malet\u00edn 42 mm G\u00e9nero Hombre Color de la esfera Negro Material del malet\u00edn Acero Vidrio Zafiro Anchura del bucle Ancho de bucle 20 mm Reserva de marcha Reserva de marcha 80 horas [&hellip;]<\/p>\n","protected":false},"featured_media":158681,"template":"","meta":{"_crdt_document":"","advanced_seo_description":"","jetpack_seo_html_title":"","jetpack_seo_noindex":false},"product_brand":[],"product_cat":[1915],"product_tag":[2878],"berocket_brand":[],"woo-feed-brand":[],"class_list":{"0":"post-85577","1":"product","2":"type-product","3":"status-publish","4":"has-post-thumbnail","6":"product_cat-hamilton","7":"product_tag-piloto-de-aviacion","9":"first","10":"instock","11":"taxable","12":"shipping-taxable","13":"purchasable","14":"product-type-simple"},"bundled_by":[],"bundle_stock_status":"instock","bundle_stock_quantity":1,"bundle_virtual":false,"bundle_layout":"","bundle_add_to_cart_form_location":"","bundle_editable_in_cart":false,"bundle_sold_individually_context":"","bundle_item_grouping":"","bundle_min_size":"","bundle_max_size":"","bundle_price":[],"bundled_items":[],"bundle_sell_ids":[],"group_of_quantity":0,"min_quantity":0,"max_quantity":"","exclude_order_quantity_value_rules":"no","exclude_category_quantity_rules":"no","combine_variations":"no","jetpack_sharing_enabled":true,"jetpack_likes_enabled":true,"_links":{"self":[{"href":"https:\/\/watchdeluxe.it\/es\/wp-json\/wp\/v2\/product\/85577","targetHints":{"allow":["GET"]}}],"collection":[{"href":"https:\/\/watchdeluxe.it\/es\/wp-json\/wp\/v2\/product"}],"about":[{"href":"https:\/\/watchdeluxe.it\/es\/wp-json\/wp\/v2\/types\/product"}],"wp:featuredmedia":[{"embeddable":true,"href":"https:\/\/watchdeluxe.it\/es\/wp-json\/wp\/v2\/media\/158681"}],"wp:attachment":[{"href":"https:\/\/watchdeluxe.it\/es\/wp-json\/wp\/v2\/media?parent=85577"}],"wp:term":[{"taxonomy":"product_brand","embeddable":true,"href":"https:\/\/watchdeluxe.it\/es\/wp-json\/wp\/v2\/product_brand?post=85577"},{"taxonomy":"product_cat","embeddable":true,"href":"https:\/\/watchdeluxe.it\/es\/wp-json\/wp\/v2\/product_cat?post=85577"},{"taxonomy":"product_tag","embeddable":true,"href":"https:\/\/watchdeluxe.it\/es\/wp-json\/wp\/v2\/product_tag?post=85577"},{"taxonomy":"berocket_brand","embeddable":true,"href":"https:\/\/watchdeluxe.it\/es\/wp-json\/wp\/v2\/berocket_brand?post=85577"},{"taxonomy":"woo-feed-brand","embeddable":true,"href":"https:\/\/watchdeluxe.it\/es\/wp-json\/wp\/v2\/woo-feed-brand?post=85577"}],"curies":[{"name":"wp","href":"https:\/\/api.w.org\/{rel}","templated":true}]}}