{"id":85393,"date":"2023-10-20T11:10:41","date_gmt":"2023-10-20T09:10:41","guid":{"rendered":"https:\/\/watchdeluxe.it\/prodotto\/longines-conquest-heritage-38-mm-ref-l16494522\/"},"modified":"2023-10-20T11:10:41","modified_gmt":"2023-10-20T09:10:41","slug":"longines-conquest-heritage-38-mm-ref-l16494522","status":"publish","type":"product","link":"https:\/\/watchdeluxe.it\/es\/prodotto\/longines-conquest-heritage-38-mm-ref-l16494522\/","title":{"rendered":"Longines Conquest heritage 38 mm ref. L16494522"},"content":{"rendered":"<p>Longines Conquest heritage 38 mm ref. L16494522<\/p>\n<p>Movimiento: Autom\u00e1tico<br \/>\nReserva de marcha: 72 horas<br \/>\nDi\u00e1metro de la caja: 38 mm<br \/>\nTipo de cristal: zafiro resistente a los ara\u00f1azos con tratamiento antirreflejos multicapa<br \/>\nResistencia al agua: 50 metros<\/p>\n","protected":false},"excerpt":{"rendered":"<p>Longines Conquest heritage 38 mm ref. L16494522 Movimiento: Autom\u00e1tico Reserva de marcha: 72 horas Di\u00e1metro de la caja: 38 mm Tipo de cristal: zafiro resistente a los ara\u00f1azos con tratamiento antirreflejos multicapa Resistencia al agua: 50 metros<\/p>\n","protected":false},"featured_media":85388,"template":"","meta":{"_crdt_document":"","advanced_seo_description":"","jetpack_seo_html_title":"","jetpack_seo_noindex":false},"product_brand":[2151],"product_cat":[2191],"product_tag":[2461],"berocket_brand":[],"woo-feed-brand":[],"class_list":{"0":"post-85393","1":"product","2":"type-product","3":"status-publish","4":"has-post-thumbnail","6":"product_brand-longines","7":"product_cat-longines-en","8":"product_tag-patrimonio","10":"first","11":"instock","12":"sale","13":"taxable","14":"shipping-taxable","15":"purchasable","16":"product-type-simple"},"bundled_by":[],"bundle_stock_status":"instock","bundle_stock_quantity":1,"bundle_virtual":false,"bundle_layout":"","bundle_add_to_cart_form_location":"","bundle_editable_in_cart":false,"bundle_sold_individually_context":"","bundle_item_grouping":"","bundle_min_size":"","bundle_max_size":"","bundle_price":[],"bundled_items":[],"bundle_sell_ids":[],"group_of_quantity":0,"min_quantity":0,"max_quantity":"","exclude_order_quantity_value_rules":"no","exclude_category_quantity_rules":"no","combine_variations":"no","jetpack_sharing_enabled":true,"jetpack_likes_enabled":true,"_links":{"self":[{"href":"https:\/\/watchdeluxe.it\/es\/wp-json\/wp\/v2\/product\/85393","targetHints":{"allow":["GET"]}}],"collection":[{"href":"https:\/\/watchdeluxe.it\/es\/wp-json\/wp\/v2\/product"}],"about":[{"href":"https:\/\/watchdeluxe.it\/es\/wp-json\/wp\/v2\/types\/product"}],"wp:featuredmedia":[{"embeddable":true,"href":"https:\/\/watchdeluxe.it\/es\/wp-json\/wp\/v2\/media\/85388"}],"wp:attachment":[{"href":"https:\/\/watchdeluxe.it\/es\/wp-json\/wp\/v2\/media?parent=85393"}],"wp:term":[{"taxonomy":"product_brand","embeddable":true,"href":"https:\/\/watchdeluxe.it\/es\/wp-json\/wp\/v2\/product_brand?post=85393"},{"taxonomy":"product_cat","embeddable":true,"href":"https:\/\/watchdeluxe.it\/es\/wp-json\/wp\/v2\/product_cat?post=85393"},{"taxonomy":"product_tag","embeddable":true,"href":"https:\/\/watchdeluxe.it\/es\/wp-json\/wp\/v2\/product_tag?post=85393"},{"taxonomy":"berocket_brand","embeddable":true,"href":"https:\/\/watchdeluxe.it\/es\/wp-json\/wp\/v2\/berocket_brand?post=85393"},{"taxonomy":"woo-feed-brand","embeddable":true,"href":"https:\/\/watchdeluxe.it\/es\/wp-json\/wp\/v2\/woo-feed-brand?post=85393"}],"curies":[{"name":"wp","href":"https:\/\/api.w.org\/{rel}","templated":true}]}}