{"id":85275,"date":"2023-10-19T15:10:23","date_gmt":"2023-10-19T13:10:23","guid":{"rendered":"https:\/\/watchdeluxe.it\/prodotto\/hamilton-jazzmaster-esqueleto-senora-ref-h32265870\/"},"modified":"2023-10-19T15:10:23","modified_gmt":"2023-10-19T13:10:23","slug":"hamilton-jazzmaster-esqueleto-lady-ref-h32265870","status":"publish","type":"product","link":"https:\/\/watchdeluxe.it\/es\/prodotto\/hamilton-jazzmaster-esqueleto-lady-ref-h32265870\/","title":{"rendered":"Hamilton Jazzmaster esqueleto se\u00f1ora ref. H32265870"},"content":{"rendered":"<p>Hamilton Jazzmaster esqueleto se\u00f1ora ref. H32265870<\/p>\n<ul>\n<li class=\"col col-1-2-m watch\">Referencia : H32265870<br \/>\nCalibre : H-10-S<br \/>\nColecci\u00f3n: Jazzmaster<br \/>\nMovimiento : Autom\u00e1tico<br \/>\nDimensiones de la caja: 36 mm<br \/>\nEspesor (mm) : 10.55<br \/>\nColor de la esfera : Rosa<br \/>\nMaterial de la caja : Acero<br \/>\nCristal : Zafiro<br \/>\nAnchura del bucle: 18 mm<br \/>\nReserva de marcha: 80 horas<br \/>\nResistencia al agua: 5 bares (50 m)<br \/>\nAntirreflejos : S\u00ed<br \/>\nDorso visible : S\u00ed<br \/>\nNivachron : S\u00ed<\/li>\n<li class=\"col col-1-2-m strap\">\n<h4 aria-level=\"2\">Pulsera\/Correa<\/h4>\n<p>Accesorio REF : H6000001691<br \/>\nTipo de correa : Piel de vaca<br \/>\nTipo de hebilla : Hebilla de pasador<br \/>\nAncho de la hebilla : 16mm<\/li>\n<\/ul>\n","protected":false},"excerpt":{"rendered":"<p>Hamilton Jazzmaster esqueleto se\u00f1ora ref. H32265870 Referencia : H32265870 Calibre : H-10-S Colecci\u00f3n: Jazzmaster Movimiento : Autom\u00e1tico Dimensiones de la caja: 36 mm Espesor (mm) : 10.55 Color de la esfera : Rosa Material de la caja : Acero Cristal : Zafiro Anchura del bucle: 18 mm Reserva de marcha: 80 horas Resistencia al agua: [&hellip;]<\/p>\n","protected":false},"featured_media":85271,"template":"","meta":{"_crdt_document":"","advanced_seo_description":"","jetpack_seo_html_title":"","jetpack_seo_noindex":false},"product_brand":[],"product_cat":[2309,3910],"product_tag":[2601],"berocket_brand":[],"woo-feed-brand":[],"class_list":{"0":"post-85275","1":"product","2":"type-product","3":"status-publish","4":"has-post-thumbnail","6":"product_cat-hamilton-es","7":"product_cat-unkategorisiert-es","8":"product_tag-jazzmaster-es","10":"first","11":"instock","12":"sale","13":"taxable","14":"shipping-taxable","15":"purchasable","16":"product-type-simple"},"bundled_by":[],"bundle_stock_status":"instock","bundle_stock_quantity":1,"bundle_virtual":false,"bundle_layout":"","bundle_add_to_cart_form_location":"","bundle_editable_in_cart":false,"bundle_sold_individually_context":"","bundle_item_grouping":"","bundle_min_size":"","bundle_max_size":"","bundle_price":[],"bundled_items":[],"bundle_sell_ids":[],"group_of_quantity":0,"min_quantity":0,"max_quantity":"","exclude_order_quantity_value_rules":"no","exclude_category_quantity_rules":"no","combine_variations":"no","exclude_global_add_ons":[],"addons":[],"jetpack_sharing_enabled":true,"jetpack_likes_enabled":true,"_links":{"self":[{"href":"https:\/\/watchdeluxe.it\/es\/wp-json\/wp\/v2\/product\/85275","targetHints":{"allow":["GET"]}}],"collection":[{"href":"https:\/\/watchdeluxe.it\/es\/wp-json\/wp\/v2\/product"}],"about":[{"href":"https:\/\/watchdeluxe.it\/es\/wp-json\/wp\/v2\/types\/product"}],"wp:featuredmedia":[{"embeddable":true,"href":"https:\/\/watchdeluxe.it\/es\/wp-json\/wp\/v2\/media\/85271"}],"wp:attachment":[{"href":"https:\/\/watchdeluxe.it\/es\/wp-json\/wp\/v2\/media?parent=85275"}],"wp:term":[{"taxonomy":"product_brand","embeddable":true,"href":"https:\/\/watchdeluxe.it\/es\/wp-json\/wp\/v2\/product_brand?post=85275"},{"taxonomy":"product_cat","embeddable":true,"href":"https:\/\/watchdeluxe.it\/es\/wp-json\/wp\/v2\/product_cat?post=85275"},{"taxonomy":"product_tag","embeddable":true,"href":"https:\/\/watchdeluxe.it\/es\/wp-json\/wp\/v2\/product_tag?post=85275"},{"taxonomy":"berocket_brand","embeddable":true,"href":"https:\/\/watchdeluxe.it\/es\/wp-json\/wp\/v2\/berocket_brand?post=85275"},{"taxonomy":"woo-feed-brand","embeddable":true,"href":"https:\/\/watchdeluxe.it\/es\/wp-json\/wp\/v2\/woo-feed-brand?post=85275"}],"curies":[{"name":"wp","href":"https:\/\/api.w.org\/{rel}","templated":true}]}}