{"id":85199,"date":"2023-10-18T18:25:12","date_gmt":"2023-10-18T16:25:12","guid":{"rendered":"https:\/\/watchdeluxe.it\/prodotto\/rado-true-square-automatico-esqueleto-ref-r27125152\/"},"modified":"2023-10-18T18:25:12","modified_gmt":"2023-10-18T16:25:12","slug":"rado-true-square-automatic-skeleton-ref-r27125152","status":"publish","type":"product","link":"https:\/\/watchdeluxe.it\/es\/prodotto\/rado-true-square-automatic-skeleton-ref-r27125152\/","title":{"rendered":"Rado True Square Autom\u00e1tico Esqueleto ref. R27125152"},"content":{"rendered":"<p>Rado True Square Autom\u00e1tico Esqueleto ref. R27125152<\/p>\n<div id=\"tab-label-additional\" class=\"data item title active\" tabindex=\"0\" role=\"tab\" data-role=\"collapsible\" data-collapsible=\"true\" aria-controls=\"additional\" aria-selected=\"false\" aria-expanded=\"true\"><a id=\"tab-label-additional-title\" class=\"data switch\" tabindex=\"-1\" href=\"https:\/\/www.rado.com\/it_it\/true-square-automatic-skeleton-r27125152.html#additional\" data-toggle=\"trigger\"> Caracter\u00edsticas <\/a><\/div>\n<div id=\"additional\" class=\"data item content\" role=\"tabpanel\" aria-labelledby=\"tab-label-additional\" data-role=\"content\" aria-hidden=\"false\">\n<div id=\"attributes-wrapper\" class=\"additional-attributes-wrapper table-wrapper\">\n<div data-role=\"collapsible\">\n<h2>General<\/h2>\n<\/div>\n<div data-role=\"content\">\n<ul>\n<li><strong>Posibilidad de grabado:<\/strong> No<\/li>\n<li><strong>Nombre del producto:<\/strong> True Square Automatic Skeleton<\/li>\n<li><strong>SKU:<\/strong> R27125152<\/li>\n<li><strong>Sexo:<\/strong> Unisex<\/li>\n<\/ul>\n<\/div>\n<div data-role=\"collapsible\">\n<h2>Movimiento<\/h2>\n<\/div>\n<div data-role=\"content\">\n<ul>\n<li><strong>Tipo de movimiento:<\/strong> Autom\u00e1tico<\/li>\n<li><strong>Reserva de marcha del movimiento:<\/strong> 80 horas<\/li>\n<li><strong>Referencia del movimiento:<\/strong> 03.808.031<\/li>\n<\/ul>\n<\/div>\n<div data-role=\"collapsible\">\n<h2>Caso<\/h2>\n<\/div>\n<div data-role=\"content\">\n<ul>\n<li><strong>Materiales de la caja:<\/strong> cer\u00e1mica de plasma de alta tecnolog\u00eda, titanio<\/li>\n<li><strong>Grosor de la caja:<\/strong> 9,7 mm<\/li>\n<li><strong>Resistencia al agua de la caja:<\/strong> 5 bares (50 m)<\/li>\n<li><strong>Color de la caja:<\/strong> oscuro<\/li>\n<li><strong>Tama\u00f1o de la caja:<\/strong> 38,0 mm<\/li>\n<li><strong>Cristal de la caja:<\/strong> cristal de zafiro con tratamiento antirreflejos en ambas caras<\/li>\n<\/ul>\n<\/div>\n<div data-role=\"collapsible\">\n<h2>Marque<\/h2>\n<\/div>\n<div data-role=\"content\">\n<ul>\n<li><strong>Color de la esfera:<\/strong> Negro<\/li>\n<li>Esfera <strong>esqueleto\/coraz\u00f3n abierto:<\/strong> S\u00ed<\/li>\n<li><strong>La esfera tiene la fecha:<\/strong> No<\/li>\n<li><strong>La esfera presenta piedras preciosas:<\/strong> No<\/li>\n<li><strong>N\u00e1car:<\/strong> No<\/li>\n<\/ul>\n<\/div>\n<div data-role=\"collapsible\">\n<h2>Correa<\/h2>\n<\/div>\n<div data-role=\"content\">\n<ul>\n<li><strong>Materiales de la pulsera:<\/strong> cer\u00e1mica de plasma de alta tecnolog\u00eda<\/li>\n<\/ul>\n<\/div>\n<\/div>\n<\/div>\n","protected":false},"excerpt":{"rendered":"<p>Rado True Square Autom\u00e1tico Esqueleto ref. R27125152 Caracter\u00edsticas General Posibilidad de grabado: No Nombre del producto: True Square Automatic Skeleton SKU: R27125152 Sexo: Unisex Movimiento Tipo de movimiento: Autom\u00e1tico Reserva de marcha del movimiento: 80 horas Referencia del movimiento: 03.808.031 Caso Materiales de la caja: cer\u00e1mica de plasma de alta tecnolog\u00eda, titanio Grosor de la [&hellip;]<\/p>\n","protected":false},"featured_media":85195,"template":"","meta":{"_crdt_document":"","advanced_seo_description":"","jetpack_seo_html_title":"","jetpack_seo_noindex":false},"product_brand":[2157],"product_cat":[2391],"product_tag":[2532],"berocket_brand":[],"woo-feed-brand":[],"class_list":{"0":"post-85199","1":"product","2":"type-product","3":"status-publish","4":"has-post-thumbnail","6":"product_brand-rado","7":"product_cat-rado-es","8":"product_tag-verdadero","10":"first","11":"instock","12":"sale","13":"taxable","14":"shipping-taxable","15":"purchasable","16":"product-type-simple"},"bundled_by":[],"bundle_stock_status":"instock","bundle_stock_quantity":1,"bundle_virtual":false,"bundle_layout":"","bundle_add_to_cart_form_location":"","bundle_editable_in_cart":false,"bundle_sold_individually_context":"","bundle_item_grouping":"","bundle_min_size":"","bundle_max_size":"","bundle_price":[],"bundled_items":[],"bundle_sell_ids":[],"group_of_quantity":0,"min_quantity":0,"max_quantity":"","exclude_order_quantity_value_rules":"no","exclude_category_quantity_rules":"no","combine_variations":"no","jetpack_sharing_enabled":true,"jetpack_likes_enabled":true,"_links":{"self":[{"href":"https:\/\/watchdeluxe.it\/es\/wp-json\/wp\/v2\/product\/85199","targetHints":{"allow":["GET"]}}],"collection":[{"href":"https:\/\/watchdeluxe.it\/es\/wp-json\/wp\/v2\/product"}],"about":[{"href":"https:\/\/watchdeluxe.it\/es\/wp-json\/wp\/v2\/types\/product"}],"wp:featuredmedia":[{"embeddable":true,"href":"https:\/\/watchdeluxe.it\/es\/wp-json\/wp\/v2\/media\/85195"}],"wp:attachment":[{"href":"https:\/\/watchdeluxe.it\/es\/wp-json\/wp\/v2\/media?parent=85199"}],"wp:term":[{"taxonomy":"product_brand","embeddable":true,"href":"https:\/\/watchdeluxe.it\/es\/wp-json\/wp\/v2\/product_brand?post=85199"},{"taxonomy":"product_cat","embeddable":true,"href":"https:\/\/watchdeluxe.it\/es\/wp-json\/wp\/v2\/product_cat?post=85199"},{"taxonomy":"product_tag","embeddable":true,"href":"https:\/\/watchdeluxe.it\/es\/wp-json\/wp\/v2\/product_tag?post=85199"},{"taxonomy":"berocket_brand","embeddable":true,"href":"https:\/\/watchdeluxe.it\/es\/wp-json\/wp\/v2\/berocket_brand?post=85199"},{"taxonomy":"woo-feed-brand","embeddable":true,"href":"https:\/\/watchdeluxe.it\/es\/wp-json\/wp\/v2\/woo-feed-brand?post=85199"}],"curies":[{"name":"wp","href":"https:\/\/api.w.org\/{rel}","templated":true}]}}