{"id":85145,"date":"2023-10-18T17:44:11","date_gmt":"2023-10-18T15:44:11","guid":{"rendered":"https:\/\/watchdeluxe.it\/prodotto\/longines-spirit-flyback-avigation-ref-l38211536\/"},"modified":"2023-10-18T17:44:11","modified_gmt":"2023-10-18T15:44:11","slug":"longines-spirit-flyback-navegacion-ref-l38211536","status":"publish","type":"product","link":"https:\/\/watchdeluxe.it\/es\/prodotto\/longines-spirit-flyback-navegacion-ref-l38211536\/","title":{"rendered":"Longines Spirit Flyback Avigation ref. L38211536"},"content":{"rendered":"<p>Longines Spirit Flyback Avigation ref. L38211536<\/p>\n<div class=\"dropdown\">\n<div class=\"product-details\" role=\"tablist\"><span class=\"action dropdown-button active\" tabindex=\"0\" role=\"tab\" data-role=\"collapsible\" data-action=\"product-details-toggle\" data-collapsible=\"true\" aria-selected=\"false\" aria-expanded=\"true\">  Caso  <\/span><\/p>\n<ul class=\"dropdown-options dropdown-content flex-column\" role=\"tabpanel\" data-role=\"content\" aria-hidden=\"false\">\n<li class=\"d-flex flex-row justify-content-between\">\n<div class=\"name\">Impermeable<\/div>\n<div class=\"value\">100 m<\/div>\n<\/li>\n<li class=\"d-flex flex-row justify-content-between\">\n<div class=\"name\">Vidrio<\/div>\n<div class=\"value\">Cristal de zafiro<\/div>\n<\/li>\n<li class=\"d-flex flex-row justify-content-between\">\n<div class=\"name\">Material del bisel<\/div>\n<div class=\"value\">Cer\u00e1mica<\/div>\n<\/li>\n<li class=\"d-flex flex-row justify-content-between\">\n<div class=\"name\">Material del malet\u00edn<\/div>\n<div class=\"value\">Titanio<\/div>\n<\/li>\n<li class=\"d-flex flex-row justify-content-between\">\n<div class=\"name\">Di\u00e1metro de la caja<\/div>\n<div class=\"value\">42,00 mm<\/div>\n<\/li>\n<li class=\"d-flex flex-row justify-content-between\">\n<div class=\"name\">Material de cierre<\/div>\n<div class=\"value\">Titanio<\/div>\n<\/li>\n<li class=\"d-flex flex-row justify-content-between\">\n<div class=\"name\">Cerrar<\/div>\n<div class=\"value\">Triple cierre desplegable de seguridad y mecanismo de apertura a presi\u00f3n<\/div>\n<\/li>\n<li class=\"d-flex flex-row justify-content-between\">\n<div class=\"name\">Color de la pulsera<\/div>\n<div class=\"value\">Gris<\/div>\n<\/li>\n<li class=\"d-flex flex-row justify-content-between\">\n<div class=\"name\">Calibre<\/div>\n<div class=\"value\">L791<\/div>\n<\/li>\n<li>\n<\/li>\n<\/ul>\n<\/div>\n<\/div>\n","protected":false},"excerpt":{"rendered":"<p>Longines Spirit Flyback Avigation ref. L38211536 Caso Impermeable 100 m Vidrio Cristal de zafiro Material del bisel Cer\u00e1mica Material del malet\u00edn Titanio Di\u00e1metro de la caja 42,00 mm Material de cierre Titanio Cerrar Triple cierre desplegable de seguridad y mecanismo de apertura a presi\u00f3n Color de la pulsera Gris Calibre L791<\/p>\n","protected":false},"featured_media":85140,"template":"","meta":{"_crdt_document":"","advanced_seo_description":"","jetpack_seo_html_title":"","jetpack_seo_noindex":false},"product_brand":[2151],"product_cat":[2187],"product_tag":[2422],"berocket_brand":[],"woo-feed-brand":[],"class_list":{"0":"post-85145","1":"product","2":"type-product","3":"status-publish","4":"has-post-thumbnail","6":"product_brand-longines","7":"product_cat-longines-es","8":"product_tag-espiritu","10":"first","11":"instock","12":"sale","13":"taxable","14":"shipping-taxable","15":"purchasable","16":"product-type-simple"},"bundled_by":[],"bundle_stock_status":"instock","bundle_stock_quantity":1,"bundle_virtual":false,"bundle_layout":"","bundle_add_to_cart_form_location":"","bundle_editable_in_cart":false,"bundle_sold_individually_context":"","bundle_item_grouping":"","bundle_min_size":"","bundle_max_size":"","bundle_price":[],"bundled_items":[],"bundle_sell_ids":[],"group_of_quantity":0,"min_quantity":0,"max_quantity":"","exclude_order_quantity_value_rules":"no","exclude_category_quantity_rules":"no","combine_variations":"no","jetpack_sharing_enabled":true,"jetpack_likes_enabled":true,"_links":{"self":[{"href":"https:\/\/watchdeluxe.it\/es\/wp-json\/wp\/v2\/product\/85145","targetHints":{"allow":["GET"]}}],"collection":[{"href":"https:\/\/watchdeluxe.it\/es\/wp-json\/wp\/v2\/product"}],"about":[{"href":"https:\/\/watchdeluxe.it\/es\/wp-json\/wp\/v2\/types\/product"}],"wp:featuredmedia":[{"embeddable":true,"href":"https:\/\/watchdeluxe.it\/es\/wp-json\/wp\/v2\/media\/85140"}],"wp:attachment":[{"href":"https:\/\/watchdeluxe.it\/es\/wp-json\/wp\/v2\/media?parent=85145"}],"wp:term":[{"taxonomy":"product_brand","embeddable":true,"href":"https:\/\/watchdeluxe.it\/es\/wp-json\/wp\/v2\/product_brand?post=85145"},{"taxonomy":"product_cat","embeddable":true,"href":"https:\/\/watchdeluxe.it\/es\/wp-json\/wp\/v2\/product_cat?post=85145"},{"taxonomy":"product_tag","embeddable":true,"href":"https:\/\/watchdeluxe.it\/es\/wp-json\/wp\/v2\/product_tag?post=85145"},{"taxonomy":"berocket_brand","embeddable":true,"href":"https:\/\/watchdeluxe.it\/es\/wp-json\/wp\/v2\/berocket_brand?post=85145"},{"taxonomy":"woo-feed-brand","embeddable":true,"href":"https:\/\/watchdeluxe.it\/es\/wp-json\/wp\/v2\/woo-feed-brand?post=85145"}],"curies":[{"name":"wp","href":"https:\/\/api.w.org\/{rel}","templated":true}]}}