{"id":85050,"date":"2023-03-17T12:02:38","date_gmt":"2023-03-17T11:02:38","guid":{"rendered":"https:\/\/watchdeluxe.it\/prodotto\/reloj-hamilton-jazzmaster-automatic-open-heart-h32565555\/"},"modified":"2023-03-17T12:02:38","modified_gmt":"2023-03-17T11:02:38","slug":"hamilton-watch-jazzmaster-automatico-corazon-abierto-h32565555","status":"publish","type":"product","link":"https:\/\/watchdeluxe.it\/es\/prodotto\/hamilton-watch-jazzmaster-automatico-corazon-abierto-h32565555\/","title":{"rendered":"Reloj Hamilton Jazzmaster Automatic Open Heart &#8211; H32565555"},"content":{"rendered":"<div>\n<p>Reloj de pulsera para hombre Marca: Hamilton Modelo: H32565555 Forma: Redonda Tipo de cristal: Zafiro Cierre: Hebilla Material de la caja: Acero inoxidable Di\u00e1metro de la caja: 40 mm Grosor de la caja: 11 mm Material de la correa: Piel Longitud de la correa: Est\u00e1ndar Ancho de la correa: 20 mm Color de la correa: Marr\u00f3n Color de la esfera: Plata Material del bisel: Acero inoxidable Funci\u00f3n del bisel: Estacionario Movimiento: Autom\u00e1tico Profundidad de estanqueidad: 50 metros Caja original Hamilton 2 a\u00f1os de garant\u00eda<\/p>\n<\/div>\n<ul>\n<li>Reloj de hombre.<\/li>\n<li>Anal\u00f3gico.<\/li>\n<li>De cuero.<\/li>\n<li>Reloj autom\u00e1tico suizo.<\/li>\n<li>Con mecanismo visible.<\/li>\n<\/ul>\n","protected":false},"excerpt":{"rendered":"<p>Reloj de pulsera para hombre Marca: Hamilton Modelo: H32565555 Forma: Redonda Tipo de cristal: Zafiro Cierre: Hebilla Material de la caja: Acero inoxidable Di\u00e1metro de la caja: 40 mm Grosor de la caja: 11 mm Material de la correa: Piel Longitud de la correa: Est\u00e1ndar Ancho de la correa: 20 mm Color de la correa: [&hellip;]<\/p>\n","protected":false},"featured_media":85046,"template":"","meta":{"_crdt_document":"","advanced_seo_description":"","jetpack_seo_html_title":"","jetpack_seo_noindex":false},"product_brand":[],"product_cat":[2309],"product_tag":[2601],"berocket_brand":[],"woo-feed-brand":[],"class_list":{"0":"post-85050","1":"product","2":"type-product","3":"status-publish","4":"has-post-thumbnail","6":"product_cat-hamilton-es","7":"product_tag-jazzmaster-es","9":"first","10":"instock","11":"sale","12":"taxable","13":"shipping-taxable","14":"purchasable","15":"product-type-simple"},"bundled_by":[],"bundle_stock_status":"instock","bundle_stock_quantity":1,"bundle_virtual":false,"bundle_layout":"","bundle_add_to_cart_form_location":"","bundle_editable_in_cart":false,"bundle_sold_individually_context":"","bundle_item_grouping":"","bundle_min_size":"","bundle_max_size":"","bundle_price":[],"bundled_items":[],"bundle_sell_ids":[],"group_of_quantity":0,"min_quantity":0,"max_quantity":"","exclude_order_quantity_value_rules":"no","exclude_category_quantity_rules":"no","combine_variations":"no","jetpack_sharing_enabled":true,"jetpack_likes_enabled":true,"_links":{"self":[{"href":"https:\/\/watchdeluxe.it\/es\/wp-json\/wp\/v2\/product\/85050","targetHints":{"allow":["GET"]}}],"collection":[{"href":"https:\/\/watchdeluxe.it\/es\/wp-json\/wp\/v2\/product"}],"about":[{"href":"https:\/\/watchdeluxe.it\/es\/wp-json\/wp\/v2\/types\/product"}],"wp:featuredmedia":[{"embeddable":true,"href":"https:\/\/watchdeluxe.it\/es\/wp-json\/wp\/v2\/media\/85046"}],"wp:attachment":[{"href":"https:\/\/watchdeluxe.it\/es\/wp-json\/wp\/v2\/media?parent=85050"}],"wp:term":[{"taxonomy":"product_brand","embeddable":true,"href":"https:\/\/watchdeluxe.it\/es\/wp-json\/wp\/v2\/product_brand?post=85050"},{"taxonomy":"product_cat","embeddable":true,"href":"https:\/\/watchdeluxe.it\/es\/wp-json\/wp\/v2\/product_cat?post=85050"},{"taxonomy":"product_tag","embeddable":true,"href":"https:\/\/watchdeluxe.it\/es\/wp-json\/wp\/v2\/product_tag?post=85050"},{"taxonomy":"berocket_brand","embeddable":true,"href":"https:\/\/watchdeluxe.it\/es\/wp-json\/wp\/v2\/berocket_brand?post=85050"},{"taxonomy":"woo-feed-brand","embeddable":true,"href":"https:\/\/watchdeluxe.it\/es\/wp-json\/wp\/v2\/woo-feed-brand?post=85050"}],"curies":[{"name":"wp","href":"https:\/\/api.w.org\/{rel}","templated":true}]}}