{"id":84982,"date":"2023-03-17T19:08:19","date_gmt":"2023-03-17T18:08:19","guid":{"rendered":"https:\/\/watchdeluxe.it\/prodotto\/tag-heuer-reloj-monaco-calibre-11-automatico-esfera-azul-39mm-caw211p-fc6356\/"},"modified":"2026-04-10T17:04:53","modified_gmt":"2026-04-10T15:04:53","slug":"tag-heuer-orologio-monaco-calibre-11-automatic-blue-dial-39mm-caw211p-fc6356","status":"publish","type":"product","link":"https:\/\/watchdeluxe.it\/es\/prodotto\/tag-heuer-orologio-monaco-calibre-11-automatic-blue-dial-39mm-caw211p-fc6356\/","title":{"rendered":"Tag Heuer Monaco calibre 11 BLU ref. CAW211P.FC6356"},"content":{"rendered":"<div>\n<p>Tag Heuer Monaco calibre 11 BLU ref. CAW211P.FC6356<\/p>\n<\/div>\n<p><strong>Marque<\/strong><\/p>\n<p>Esfera azul mate<br \/>\n2 contadores plateados: Contador de minutos del cron\u00f3grafo a las 9 Contador continuo de segundos a las 3<br \/>\nMarcadores horarios facetados horizontales pulidos y puntos luminiscentes<br \/>\nAgujas horaria y minutera con l\u00ednea roja y marcadores luminiscentes<br \/>\nAgujas agujas de contador negras<br \/>\nSegundero central de cron\u00f3grafo rojo<br \/>\nLogotipo Heuer vintage en relieve<br \/>\nInscripci\u00f3n &#8220;MONACO&#8221; y &#8220;AUTOMATIC CHRONOGRAPH CALIBRE 11&#8221; en la esfera<br \/>\nMinutos impresos<br \/>\nVentana de fecha biselada a las 6 horas<\/p>\n<p><strong>Caso<\/strong><\/p>\n<p>Dimensiones de la caja: 39 mm x 39 mm<br \/>\nCaja de acero pulido y satinado<br \/>\nBisel de acero satinado<br \/>\nCristal de zafiro<br \/>\nCorona de acero pulido a las 9 en punto con logotipo Heuer pulido en relieve<br \/>\nBotones de acero pulido<br \/>\nFondo de cristal de zafiro<br \/>\nResistencia al agua: 100 metros<\/p>\n<p><strong>Movimiento<\/strong><\/p>\n<p>TAG Heuer Calibre 11, Made in Switzerland<br \/>\nCalibre autom\u00e1tico, correcci\u00f3n r\u00e1pida de la fecha<br \/>\nDi\u00e1metro: 30 mm &#8211; 59 rub\u00edes<br \/>\nFrecuencia de oscilaci\u00f3n del volante: 28.800 alternancias por hora (4 Hz)<br \/>\nReserva de marcha: 40 horas aprox.<\/p>\n<p>Correa<\/p>\n<p>Correa de alig\u00e1tor azul<\/p>\n","protected":false},"excerpt":{"rendered":"<p>Tag Heuer Monaco calibre 11 BLU ref. CAW211P.FC6356 Marque Esfera azul mate 2 contadores plateados: Contador de minutos del cron\u00f3grafo a las 9 Contador continuo de segundos a las 3 Marcadores horarios facetados horizontales pulidos y puntos luminiscentes Agujas horaria y minutera con l\u00ednea roja y marcadores luminiscentes Agujas agujas de contador negras Segundero central [&hellip;]<\/p>\n","protected":false},"featured_media":170140,"template":"","meta":{"_crdt_document":"","advanced_seo_description":"","jetpack_seo_html_title":"","jetpack_seo_noindex":false},"product_brand":[],"product_cat":[1920],"product_tag":[1660],"berocket_brand":[],"woo-feed-brand":[],"class_list":{"0":"post-84982","1":"product","2":"type-product","3":"status-publish","4":"has-post-thumbnail","6":"product_cat-tag-heuer","7":"product_tag-monaco","9":"first","10":"instock","11":"sale","12":"taxable","13":"shipping-taxable","14":"purchasable","15":"product-type-simple"},"bundled_by":[],"bundle_stock_status":"instock","bundle_stock_quantity":1,"bundle_virtual":false,"bundle_layout":"","bundle_add_to_cart_form_location":"","bundle_editable_in_cart":false,"bundle_sold_individually_context":"","bundle_item_grouping":"","bundle_min_size":"","bundle_max_size":"","bundle_price":[],"bundled_items":[],"bundle_sell_ids":[],"group_of_quantity":0,"min_quantity":0,"max_quantity":"","exclude_order_quantity_value_rules":"no","exclude_category_quantity_rules":"no","combine_variations":"no","exclude_global_add_ons":[],"addons":[],"jetpack_sharing_enabled":true,"jetpack_likes_enabled":true,"_links":{"self":[{"href":"https:\/\/watchdeluxe.it\/es\/wp-json\/wp\/v2\/product\/84982","targetHints":{"allow":["GET"]}}],"collection":[{"href":"https:\/\/watchdeluxe.it\/es\/wp-json\/wp\/v2\/product"}],"about":[{"href":"https:\/\/watchdeluxe.it\/es\/wp-json\/wp\/v2\/types\/product"}],"wp:featuredmedia":[{"embeddable":true,"href":"https:\/\/watchdeluxe.it\/es\/wp-json\/wp\/v2\/media\/170140"}],"wp:attachment":[{"href":"https:\/\/watchdeluxe.it\/es\/wp-json\/wp\/v2\/media?parent=84982"}],"wp:term":[{"taxonomy":"product_brand","embeddable":true,"href":"https:\/\/watchdeluxe.it\/es\/wp-json\/wp\/v2\/product_brand?post=84982"},{"taxonomy":"product_cat","embeddable":true,"href":"https:\/\/watchdeluxe.it\/es\/wp-json\/wp\/v2\/product_cat?post=84982"},{"taxonomy":"product_tag","embeddable":true,"href":"https:\/\/watchdeluxe.it\/es\/wp-json\/wp\/v2\/product_tag?post=84982"},{"taxonomy":"berocket_brand","embeddable":true,"href":"https:\/\/watchdeluxe.it\/es\/wp-json\/wp\/v2\/berocket_brand?post=84982"},{"taxonomy":"woo-feed-brand","embeddable":true,"href":"https:\/\/watchdeluxe.it\/es\/wp-json\/wp\/v2\/woo-feed-brand?post=84982"}],"curies":[{"name":"wp","href":"https:\/\/api.w.org\/{rel}","templated":true}]}}