{"id":84928,"date":"2024-09-20T17:19:11","date_gmt":"2024-09-20T15:19:11","guid":{"rendered":"https:\/\/watchdeluxe.it\/prodotto\/reloj-de-aviador-iwc-mark-xx-40-mm-ref-iw328202\/"},"modified":"2024-09-20T17:19:24","modified_gmt":"2024-09-20T15:19:24","slug":"iwc-pilots-watch-mark-xx-40-mm-ref-iw328202","status":"publish","type":"product","link":"https:\/\/watchdeluxe.it\/es\/prodotto\/iwc-pilots-watch-mark-xx-40-mm-ref-iw328202\/","title":{"rendered":"Reloj de Aviador Iwc Mark XX 40 Mm Ref. Iw328202"},"content":{"rendered":"<p>Reloj de Aviador Iwc Mark XX 40 Mm Ref. Iw328202<\/p>\n<table class=\"data-table\">\n<tbody>\n<tr class=\"even\">\n<td class=\"spec-name\">L\u00ednea<\/td>\n<td class=\"spec-value\">PILOTOS<\/td>\n<\/tr>\n<tr class=\"odd\">\n<td class=\"spec-name\">Complicaci\u00f3n<\/td>\n<td class=\"spec-value\">SOLO TIEMPO<\/td>\n<\/tr>\n<tr class=\"even\">\n<td class=\"spec-name\">Movimiento<\/td>\n<td class=\"spec-value\">AUTOM\u00c1TICO<\/td>\n<\/tr>\n<tr class=\"odd\">\n<td class=\"spec-name\">Formulario<\/td>\n<td class=\"spec-value\">RONDA<\/td>\n<\/tr>\n<tr class=\"even\">\n<td class=\"spec-name\">Talla<\/td>\n<td class=\"spec-value\">40 MM<\/td>\n<\/tr>\n<tr class=\"odd\">\n<td class=\"spec-name\">Material del malet\u00edn<\/td>\n<td class=\"spec-value\">Acero<\/td>\n<\/tr>\n<tr class=\"even\">\n<td class=\"spec-name\">Tipo de cristal<\/td>\n<td class=\"spec-value\">SAPFIRE<\/td>\n<\/tr>\n<tr class=\"odd\">\n<td class=\"spec-name\">Marque<\/td>\n<td class=\"spec-value\">NEGRO<\/td>\n<\/tr>\n<tr class=\"even\">\n<td class=\"spec-name\">Pulsera<\/td>\n<td class=\"spec-value\">ACERO<\/td>\n<\/tr>\n<tr class=\"odd\">\n<td class=\"spec-name\">Impermeable<\/td>\n<td class=\"spec-value\">100 M<\/td>\n<\/tr>\n<\/tbody>\n<\/table>\n","protected":false},"excerpt":{"rendered":"<p>Reloj de Aviador Iwc Mark XX 40 Mm Ref. Iw328202 L\u00ednea PILOTOS Complicaci\u00f3n SOLO TIEMPO Movimiento AUTOM\u00c1TICO Formulario RONDA Talla 40 MM Material del malet\u00edn Acero Tipo de cristal SAPFIRE Marque NEGRO Pulsera ACERO Impermeable 100 M<\/p>\n","protected":false},"featured_media":84924,"template":"","meta":{"_crdt_document":"","advanced_seo_description":"","jetpack_seo_html_title":"","jetpack_seo_noindex":false,"jetpack_post_was_ever_published":true},"product_brand":[],"product_cat":[2237],"product_tag":[3959],"berocket_brand":[],"woo-feed-brand":[],"class_list":{"0":"post-84928","1":"product","2":"type-product","3":"status-publish","4":"has-post-thumbnail","6":"product_cat-cbi","7":"product_tag-piloto","9":"first","10":"instock","11":"sale","12":"taxable","13":"shipping-taxable","14":"purchasable","15":"product-type-simple"},"bundled_by":[],"bundle_stock_status":"instock","bundle_stock_quantity":1,"bundle_virtual":false,"bundle_layout":"","bundle_add_to_cart_form_location":"","bundle_editable_in_cart":false,"bundle_sold_individually_context":"","bundle_item_grouping":"","bundle_min_size":"","bundle_max_size":"","bundle_price":[],"bundled_items":[],"bundle_sell_ids":[],"group_of_quantity":0,"min_quantity":0,"max_quantity":"","exclude_order_quantity_value_rules":"no","exclude_category_quantity_rules":"no","combine_variations":"no","exclude_global_add_ons":[],"addons":[],"jetpack_sharing_enabled":true,"jetpack_likes_enabled":true,"_links":{"self":[{"href":"https:\/\/watchdeluxe.it\/es\/wp-json\/wp\/v2\/product\/84928","targetHints":{"allow":["GET"]}}],"collection":[{"href":"https:\/\/watchdeluxe.it\/es\/wp-json\/wp\/v2\/product"}],"about":[{"href":"https:\/\/watchdeluxe.it\/es\/wp-json\/wp\/v2\/types\/product"}],"wp:featuredmedia":[{"embeddable":true,"href":"https:\/\/watchdeluxe.it\/es\/wp-json\/wp\/v2\/media\/84924"}],"wp:attachment":[{"href":"https:\/\/watchdeluxe.it\/es\/wp-json\/wp\/v2\/media?parent=84928"}],"wp:term":[{"taxonomy":"product_brand","embeddable":true,"href":"https:\/\/watchdeluxe.it\/es\/wp-json\/wp\/v2\/product_brand?post=84928"},{"taxonomy":"product_cat","embeddable":true,"href":"https:\/\/watchdeluxe.it\/es\/wp-json\/wp\/v2\/product_cat?post=84928"},{"taxonomy":"product_tag","embeddable":true,"href":"https:\/\/watchdeluxe.it\/es\/wp-json\/wp\/v2\/product_tag?post=84928"},{"taxonomy":"berocket_brand","embeddable":true,"href":"https:\/\/watchdeluxe.it\/es\/wp-json\/wp\/v2\/berocket_brand?post=84928"},{"taxonomy":"woo-feed-brand","embeddable":true,"href":"https:\/\/watchdeluxe.it\/es\/wp-json\/wp\/v2\/woo-feed-brand?post=84928"}],"curies":[{"name":"wp","href":"https:\/\/api.w.org\/{rel}","templated":true}]}}