{"id":84562,"date":"2023-03-17T18:55:09","date_gmt":"2023-03-17T17:55:09","guid":{"rendered":"https:\/\/watchdeluxe.it\/prodotto\/bell-ross-urbano-ref-br05a-br-st-srb\/"},"modified":"2026-04-13T12:00:43","modified_gmt":"2026-04-13T10:00:43","slug":"bell-ross-urban-ref-br05a-br-st-srb","status":"publish","type":"product","link":"https:\/\/watchdeluxe.it\/es\/prodotto\/bell-ross-urban-ref-br05a-br-st-srb\/","title":{"rendered":"BELL &amp; ROSS Urbano ref. BR05A-BR-ST\/SRB"},"content":{"rendered":"<p>BELL &amp; ROSS Urbano ref. BR05A-BR-ST\/SRB<\/p>\n<table class=\"woocommerce-product-attributes shop_attributes table\">\n<tbody>\n<tr class=\"woocommerce-product-attributes-item woocommerce-product-attributes-item--attribute_pa_categoria\">\n<th class=\"woocommerce-product-attributes-item__label\">Categor\u00eda<\/th>\n<td class=\"woocommerce-product-attributes-item__value\">Relojes<\/td>\n<\/tr>\n<tr class=\"woocommerce-product-attributes-item woocommerce-product-attributes-item--attribute_pa_collezione\">\n<th class=\"woocommerce-product-attributes-item__label\">Colecci\u00f3n<\/th>\n<td class=\"woocommerce-product-attributes-item__value\">Urbano<\/td>\n<\/tr>\n<tr class=\"woocommerce-product-attributes-item woocommerce-product-attributes-item--attribute_pa_movimento\">\n<th class=\"woocommerce-product-attributes-item__label\">Movimiento<\/th>\n<td class=\"woocommerce-product-attributes-item__value\">Autom\u00e1tico<\/td>\n<\/tr>\n<tr class=\"woocommerce-product-attributes-item woocommerce-product-attributes-item--attribute_pa_tipomov\">\n<th class=\"woocommerce-product-attributes-item__label\">Funciones<\/th>\n<td class=\"woocommerce-product-attributes-item__value\">S\u00f3lo tiempo<\/td>\n<\/tr>\n<tr class=\"woocommerce-product-attributes-item woocommerce-product-attributes-item--attribute_pa_bracciale\">\n<th class=\"woocommerce-product-attributes-item__label\">Pulsera<\/th>\n<td class=\"woocommerce-product-attributes-item__value\">Goma<\/td>\n<\/tr>\n<tr class=\"woocommerce-product-attributes-item woocommerce-product-attributes-item--attribute_pa_materiale\">\n<th class=\"woocommerce-product-attributes-item__label\">Material<\/th>\n<td class=\"woocommerce-product-attributes-item__value\">Acero<\/td>\n<\/tr>\n<tr class=\"woocommerce-product-attributes-item woocommerce-product-attributes-item--attribute_dimensione\">\n<th class=\"woocommerce-product-attributes-item__label\">Tama\u00f1o<\/th>\n<td class=\"woocommerce-product-attributes-item__value\">40 MM<\/td>\n<\/tr>\n<\/tbody>\n<\/table>\n","protected":false},"excerpt":{"rendered":"<p>BELL &amp; ROSS Urbano ref. BR05A-BR-ST\/SRB Categor\u00eda Relojes Colecci\u00f3n Urbano Movimiento Autom\u00e1tico Funciones S\u00f3lo tiempo Pulsera Goma Material Acero Tama\u00f1o 40 MM<\/p>\n","protected":false},"featured_media":84558,"template":"","meta":{"_crdt_document":"","advanced_seo_description":"","jetpack_seo_html_title":"","jetpack_seo_noindex":false},"product_brand":[],"product_cat":[2529],"product_tag":[4064],"berocket_brand":[],"woo-feed-brand":[],"class_list":{"0":"post-84562","1":"product","2":"type-product","3":"status-publish","4":"has-post-thumbnail","6":"product_cat-bell-ross-es","7":"product_tag-urban-es","9":"first","10":"instock","11":"sale","12":"taxable","13":"shipping-taxable","14":"purchasable","15":"product-type-simple"},"bundled_by":[],"bundle_stock_status":"instock","bundle_stock_quantity":1,"bundle_virtual":false,"bundle_layout":"","bundle_add_to_cart_form_location":"","bundle_editable_in_cart":false,"bundle_sold_individually_context":"","bundle_item_grouping":"","bundle_min_size":"","bundle_max_size":"","bundle_price":[],"bundled_items":[],"bundle_sell_ids":[],"group_of_quantity":0,"min_quantity":0,"max_quantity":"","exclude_order_quantity_value_rules":"no","exclude_category_quantity_rules":"no","combine_variations":"no","exclude_global_add_ons":[],"addons":[],"jetpack_sharing_enabled":true,"jetpack_likes_enabled":true,"_links":{"self":[{"href":"https:\/\/watchdeluxe.it\/es\/wp-json\/wp\/v2\/product\/84562","targetHints":{"allow":["GET"]}}],"collection":[{"href":"https:\/\/watchdeluxe.it\/es\/wp-json\/wp\/v2\/product"}],"about":[{"href":"https:\/\/watchdeluxe.it\/es\/wp-json\/wp\/v2\/types\/product"}],"wp:featuredmedia":[{"embeddable":true,"href":"https:\/\/watchdeluxe.it\/es\/wp-json\/wp\/v2\/media\/84558"}],"wp:attachment":[{"href":"https:\/\/watchdeluxe.it\/es\/wp-json\/wp\/v2\/media?parent=84562"}],"wp:term":[{"taxonomy":"product_brand","embeddable":true,"href":"https:\/\/watchdeluxe.it\/es\/wp-json\/wp\/v2\/product_brand?post=84562"},{"taxonomy":"product_cat","embeddable":true,"href":"https:\/\/watchdeluxe.it\/es\/wp-json\/wp\/v2\/product_cat?post=84562"},{"taxonomy":"product_tag","embeddable":true,"href":"https:\/\/watchdeluxe.it\/es\/wp-json\/wp\/v2\/product_tag?post=84562"},{"taxonomy":"berocket_brand","embeddable":true,"href":"https:\/\/watchdeluxe.it\/es\/wp-json\/wp\/v2\/berocket_brand?post=84562"},{"taxonomy":"woo-feed-brand","embeddable":true,"href":"https:\/\/watchdeluxe.it\/es\/wp-json\/wp\/v2\/woo-feed-brand?post=84562"}],"curies":[{"name":"wp","href":"https:\/\/api.w.org\/{rel}","templated":true}]}}