{"id":84423,"date":"2023-10-02T17:12:50","date_gmt":"2023-10-02T15:12:50","guid":{"rendered":"https:\/\/watchdeluxe.it\/prodotto\/longines-spirit-zulu-tiempo-39-mm-ref-l38025532\/"},"modified":"2026-04-01T10:30:55","modified_gmt":"2026-04-01T08:30:55","slug":"longines-spirit-zulu-time-39-mm-ref-l38025532","status":"publish","type":"product","link":"https:\/\/watchdeluxe.it\/es\/prodotto\/longines-spirit-zulu-time-39-mm-ref-l38025532\/","title":{"rendered":"Longines Spirit Zulu Time 39 mm Ref. L38025532"},"content":{"rendered":"<p>Longines Spirit Zulu Time 39 mm Ref. L38025532<\/p>\n<table class=\"data-table\">\n<tbody>\n<tr class=\"even\">\n<td class=\"spec-name\">L\u00ednea<\/td>\n<td class=\"spec-value\">Spirit<\/td>\n<\/tr>\n<tr class=\"odd\">\n<td class=\"spec-name\">Complicaci\u00f3n<\/td>\n<td class=\"spec-value\">DOBLE HUSO<\/td>\n<\/tr>\n<tr class=\"even\">\n<td class=\"spec-name\">Movimiento<\/td>\n<td class=\"spec-value\">AUTOM\u00c1TICO<\/td>\n<\/tr>\n<tr class=\"odd\">\n<td class=\"spec-name\">Fechador<\/td>\n<td class=\"spec-value\">FECHA<\/td>\n<\/tr>\n<tr class=\"even\">\n<td class=\"spec-name\">Calibre<\/td>\n<td class=\"spec-value\">L844.4<\/td>\n<\/tr>\n<tr class=\"odd\">\n<td class=\"spec-name\">Forma<\/td>\n<td class=\"spec-value\">REDONDA<\/td>\n<\/tr>\n<tr class=\"even\">\n<td class=\"spec-name\">Tama\u00f1o<\/td>\n<td class=\"spec-value\">39 MM<\/td>\n<\/tr>\n<tr class=\"odd\">\n<td class=\"spec-name\">Material Caja<\/td>\n<td class=\"spec-value\">Acero y Oro Amarillo de 18 Quilates<\/td>\n<\/tr>\n<tr class=\"even\">\n<td class=\"spec-name\">Tipo de vidrio<\/td>\n<td class=\"spec-value\">ZAFIRO<\/td>\n<\/tr>\n<tr class=\"odd\">\n<td class=\"spec-name\">Esfera<\/td>\n<td class=\"spec-value\">ANTRACITA<\/td>\n<\/tr>\n<tr class=\"even\">\n<td class=\"spec-name\">Correa<\/td>\n<td class=\"spec-value\">CUERO<\/td>\n<\/tr>\n<tr class=\"odd\">\n<td class=\"spec-name\">Resistencia al agua<\/td>\n<td class=\"spec-value\">100 M<\/td>\n<\/tr>\n<\/tbody>\n<\/table>\n","protected":false},"excerpt":{"rendered":"<p>Longines Spirit Zulu Time 39 mm Ref. L38025532 L\u00ednea Spirit Complicaci\u00f3n DOBLE HUSO Movimiento AUTOM\u00c1TICO Fechador FECHA Calibre L844.4 Forma REDONDA Tama\u00f1o 39 MM Material Caja Acero y Oro Amarillo de 18 Quilates Tipo de vidrio ZAFIRO Esfera ANTRACITA Correa CUERO Resistencia al agua 100 M<\/p>\n","protected":false},"featured_media":84421,"template":"","meta":{"_crdt_document":"","advanced_seo_description":"","jetpack_seo_html_title":"","jetpack_seo_noindex":false},"product_brand":[],"product_cat":[2187],"product_tag":[2422],"berocket_brand":[],"woo-feed-brand":[],"class_list":{"0":"post-84423","1":"product","2":"type-product","3":"status-publish","4":"has-post-thumbnail","6":"product_cat-longines-es","7":"product_tag-espiritu","9":"first","10":"instock","11":"sale","12":"taxable","13":"shipping-taxable","14":"purchasable","15":"product-type-simple"},"bundled_by":[],"bundle_stock_status":"instock","bundle_stock_quantity":1,"bundle_virtual":false,"bundle_layout":"","bundle_add_to_cart_form_location":"","bundle_editable_in_cart":false,"bundle_sold_individually_context":"","bundle_item_grouping":"","bundle_min_size":"","bundle_max_size":"","bundle_price":[],"bundled_items":[],"bundle_sell_ids":[],"group_of_quantity":0,"min_quantity":0,"max_quantity":"","exclude_order_quantity_value_rules":"no","exclude_category_quantity_rules":"no","combine_variations":"no","jetpack_sharing_enabled":true,"jetpack_likes_enabled":true,"_links":{"self":[{"href":"https:\/\/watchdeluxe.it\/es\/wp-json\/wp\/v2\/product\/84423","targetHints":{"allow":["GET"]}}],"collection":[{"href":"https:\/\/watchdeluxe.it\/es\/wp-json\/wp\/v2\/product"}],"about":[{"href":"https:\/\/watchdeluxe.it\/es\/wp-json\/wp\/v2\/types\/product"}],"wp:featuredmedia":[{"embeddable":true,"href":"https:\/\/watchdeluxe.it\/es\/wp-json\/wp\/v2\/media\/84421"}],"wp:attachment":[{"href":"https:\/\/watchdeluxe.it\/es\/wp-json\/wp\/v2\/media?parent=84423"}],"wp:term":[{"taxonomy":"product_brand","embeddable":true,"href":"https:\/\/watchdeluxe.it\/es\/wp-json\/wp\/v2\/product_brand?post=84423"},{"taxonomy":"product_cat","embeddable":true,"href":"https:\/\/watchdeluxe.it\/es\/wp-json\/wp\/v2\/product_cat?post=84423"},{"taxonomy":"product_tag","embeddable":true,"href":"https:\/\/watchdeluxe.it\/es\/wp-json\/wp\/v2\/product_tag?post=84423"},{"taxonomy":"berocket_brand","embeddable":true,"href":"https:\/\/watchdeluxe.it\/es\/wp-json\/wp\/v2\/berocket_brand?post=84423"},{"taxonomy":"woo-feed-brand","embeddable":true,"href":"https:\/\/watchdeluxe.it\/es\/wp-json\/wp\/v2\/woo-feed-brand?post=84423"}],"curies":[{"name":"wp","href":"https:\/\/api.w.org\/{rel}","templated":true}]}}