{"id":84383,"date":"2023-10-02T16:17:54","date_gmt":"2023-10-02T14:17:54","guid":{"rendered":"https:\/\/watchdeluxe.it\/prodotto\/longines-conquest-2023-41-mm-ref-l38304626\/"},"modified":"2026-04-01T10:37:59","modified_gmt":"2026-04-01T08:37:59","slug":"longines-conquest-2023-41-mm-ref-l38304626","status":"publish","type":"product","link":"https:\/\/watchdeluxe.it\/es\/prodotto\/longines-conquest-2023-41-mm-ref-l38304626\/","title":{"rendered":"Longines Conquest 2023 41 mm Ref. L38304626"},"content":{"rendered":"<p>Longines Conquest 2023 41 mm Ref. L38304626<\/p>\n<table class=\"data-table\">\n<tbody>\n<tr class=\"even\">\n<td class=\"spec-name\">L\u00ednea<\/td>\n<td class=\"spec-value\">Conquest<\/td>\n<\/tr>\n<tr class=\"odd\">\n<td class=\"spec-name\">Complicaci\u00f3n<\/td>\n<td class=\"spec-value\">SOLO TIEMPO<\/td>\n<\/tr>\n<tr class=\"even\">\n<td class=\"spec-name\">Movimiento<\/td>\n<td class=\"spec-value\">AUTOM\u00c1TICO<\/td>\n<\/tr>\n<tr class=\"odd\">\n<td class=\"spec-name\">Fechador<\/td>\n<td class=\"spec-value\">FECHA<\/td>\n<\/tr>\n<tr class=\"even\">\n<td class=\"spec-name\">Calibre<\/td>\n<td class=\"spec-value\">L888<\/td>\n<\/tr>\n<tr class=\"odd\">\n<td class=\"spec-name\">Forma<\/td>\n<td class=\"spec-value\">REDONDA<\/td>\n<\/tr>\n<tr class=\"even\">\n<td class=\"spec-name\">Tama\u00f1o<\/td>\n<td class=\"spec-value\">41 MM<\/td>\n<\/tr>\n<tr class=\"odd\">\n<td class=\"spec-name\">Material de la caja<\/td>\n<td class=\"spec-value\">Acero<\/td>\n<\/tr>\n<tr class=\"even\">\n<td class=\"spec-name\">Tipo de vidrio<\/td>\n<td class=\"spec-value\">ZAFIRO<\/td>\n<\/tr>\n<tr class=\"odd\">\n<td class=\"spec-name\">Esfera<\/td>\n<td class=\"spec-value\">Marr\u00f3n Efecto &#8220;Soleil&#8221;<\/td>\n<\/tr>\n<tr class=\"even\">\n<td class=\"spec-name\">Pulsera<\/td>\n<td class=\"spec-value\">ACERO<\/td>\n<\/tr>\n<tr class=\"odd\">\n<td class=\"spec-name\">Resistencia al agua<\/td>\n<td class=\"spec-value\">100 M<\/td>\n<\/tr>\n<\/tbody>\n<\/table>\n","protected":false},"excerpt":{"rendered":"<p>Longines Conquest 2023 41 mm Ref. L38304626 L\u00ednea Conquest Complicaci\u00f3n SOLO TIEMPO Movimiento AUTOM\u00c1TICO Fechador FECHA Calibre L888 Forma REDONDA Tama\u00f1o 41 MM Material de la caja Acero Tipo de vidrio ZAFIRO Esfera Marr\u00f3n Efecto &#8220;Soleil&#8221; Pulsera ACERO Resistencia al agua 100 M<\/p>\n","protected":false},"featured_media":84380,"template":"","meta":{"_crdt_document":"","advanced_seo_description":"","jetpack_seo_html_title":"","jetpack_seo_noindex":false},"product_brand":[],"product_cat":[2187],"product_tag":[2416],"berocket_brand":[],"woo-feed-brand":[],"class_list":{"0":"post-84383","1":"product","2":"type-product","3":"status-publish","4":"has-post-thumbnail","6":"product_cat-longines-es","7":"product_tag-conquista","9":"first","10":"instock","11":"sale","12":"taxable","13":"shipping-taxable","14":"purchasable","15":"product-type-simple"},"bundled_by":[],"bundle_stock_status":"instock","bundle_stock_quantity":1,"bundle_virtual":false,"bundle_layout":"","bundle_add_to_cart_form_location":"","bundle_editable_in_cart":false,"bundle_sold_individually_context":"","bundle_item_grouping":"","bundle_min_size":"","bundle_max_size":"","bundle_price":[],"bundled_items":[],"bundle_sell_ids":[],"group_of_quantity":0,"min_quantity":0,"max_quantity":"","exclude_order_quantity_value_rules":"no","exclude_category_quantity_rules":"no","combine_variations":"no","jetpack_sharing_enabled":true,"jetpack_likes_enabled":true,"_links":{"self":[{"href":"https:\/\/watchdeluxe.it\/es\/wp-json\/wp\/v2\/product\/84383","targetHints":{"allow":["GET"]}}],"collection":[{"href":"https:\/\/watchdeluxe.it\/es\/wp-json\/wp\/v2\/product"}],"about":[{"href":"https:\/\/watchdeluxe.it\/es\/wp-json\/wp\/v2\/types\/product"}],"wp:featuredmedia":[{"embeddable":true,"href":"https:\/\/watchdeluxe.it\/es\/wp-json\/wp\/v2\/media\/84380"}],"wp:attachment":[{"href":"https:\/\/watchdeluxe.it\/es\/wp-json\/wp\/v2\/media?parent=84383"}],"wp:term":[{"taxonomy":"product_brand","embeddable":true,"href":"https:\/\/watchdeluxe.it\/es\/wp-json\/wp\/v2\/product_brand?post=84383"},{"taxonomy":"product_cat","embeddable":true,"href":"https:\/\/watchdeluxe.it\/es\/wp-json\/wp\/v2\/product_cat?post=84383"},{"taxonomy":"product_tag","embeddable":true,"href":"https:\/\/watchdeluxe.it\/es\/wp-json\/wp\/v2\/product_tag?post=84383"},{"taxonomy":"berocket_brand","embeddable":true,"href":"https:\/\/watchdeluxe.it\/es\/wp-json\/wp\/v2\/berocket_brand?post=84383"},{"taxonomy":"woo-feed-brand","embeddable":true,"href":"https:\/\/watchdeluxe.it\/es\/wp-json\/wp\/v2\/woo-feed-brand?post=84383"}],"curies":[{"name":"wp","href":"https:\/\/api.w.org\/{rel}","templated":true}]}}