{"id":84274,"date":"2023-09-30T11:52:55","date_gmt":"2023-09-30T09:52:55","guid":{"rendered":"https:\/\/watchdeluxe.it\/prodotto\/montblanc-roller-legrand-meisterstuck-la-vuelta-al-mundo-en-80-dias-ref-128379\/"},"modified":"2026-01-16T12:51:04","modified_gmt":"2026-01-16T11:51:04","slug":"montblanc-roller-legrand-meisterstuck-la-vuelta-al-mundo-en-80-dias-ref-128379","status":"publish","type":"product","link":"https:\/\/watchdeluxe.it\/es\/prodotto\/montblanc-roller-legrand-meisterstuck-la-vuelta-al-mundo-en-80-dias-ref-128379\/","title":{"rendered":"Montblanc Roller LeGrand Meisterst\u00fcck La vuelta al mundo en 80 d\u00edas Ref. 128379"},"content":{"rendered":"<p>Montblanc Roller LeGrand Meisterst\u00fcck La vuelta al mundo en 80 d\u00edas Ref. 12837<\/p>\n<p>El clip lleva un as de diamantes lacado en rojo y el cono lleva grabado un motivo inspirado en las joyas y los naipes de la princesa Auda, que representa la apuesta de Fogg de hacer el viaje en 80 d\u00edas. En la parte superior de la gorra est\u00e1 grabada la duraci\u00f3n del viaje, 25 d\u00edas de Bombay a Yokohama y 80 d\u00edas en total.<\/p>\n<p>&nbsp;<\/p>\n","protected":false},"excerpt":{"rendered":"<p>Montblanc Roller LeGrand Meisterst\u00fcck La vuelta al mundo en 80 d\u00edas Ref. 12837 El clip lleva un as de diamantes lacado en rojo y el cono lleva grabado un motivo inspirado en las joyas y los naipes de la princesa Auda, que representa la apuesta de Fogg de hacer el viaje en 80 d\u00edas. En [&hellip;]<\/p>\n","protected":false},"featured_media":84270,"template":"","meta":{"_crdt_document":"","advanced_seo_description":"","jetpack_seo_html_title":"","jetpack_seo_noindex":false},"product_brand":[],"product_cat":[1929],"product_tag":[1452],"berocket_brand":[],"woo-feed-brand":[],"class_list":{"0":"post-84274","1":"product","2":"type-product","3":"status-publish","4":"has-post-thumbnail","6":"product_cat-montblanc","7":"product_tag-penne","9":"first","10":"instock","11":"sale","12":"taxable","13":"shipping-taxable","14":"purchasable","15":"product-type-simple"},"bundled_by":[],"bundle_stock_status":"instock","bundle_stock_quantity":1,"bundle_virtual":false,"bundle_layout":"","bundle_add_to_cart_form_location":"","bundle_editable_in_cart":false,"bundle_sold_individually_context":"","bundle_item_grouping":"","bundle_min_size":"","bundle_max_size":"","bundle_price":[],"bundled_items":[],"bundle_sell_ids":[],"group_of_quantity":0,"min_quantity":0,"max_quantity":"","exclude_order_quantity_value_rules":"no","exclude_category_quantity_rules":"no","combine_variations":"no","jetpack_sharing_enabled":true,"jetpack_likes_enabled":true,"_links":{"self":[{"href":"https:\/\/watchdeluxe.it\/es\/wp-json\/wp\/v2\/product\/84274","targetHints":{"allow":["GET"]}}],"collection":[{"href":"https:\/\/watchdeluxe.it\/es\/wp-json\/wp\/v2\/product"}],"about":[{"href":"https:\/\/watchdeluxe.it\/es\/wp-json\/wp\/v2\/types\/product"}],"wp:featuredmedia":[{"embeddable":true,"href":"https:\/\/watchdeluxe.it\/es\/wp-json\/wp\/v2\/media\/84270"}],"wp:attachment":[{"href":"https:\/\/watchdeluxe.it\/es\/wp-json\/wp\/v2\/media?parent=84274"}],"wp:term":[{"taxonomy":"product_brand","embeddable":true,"href":"https:\/\/watchdeluxe.it\/es\/wp-json\/wp\/v2\/product_brand?post=84274"},{"taxonomy":"product_cat","embeddable":true,"href":"https:\/\/watchdeluxe.it\/es\/wp-json\/wp\/v2\/product_cat?post=84274"},{"taxonomy":"product_tag","embeddable":true,"href":"https:\/\/watchdeluxe.it\/es\/wp-json\/wp\/v2\/product_tag?post=84274"},{"taxonomy":"berocket_brand","embeddable":true,"href":"https:\/\/watchdeluxe.it\/es\/wp-json\/wp\/v2\/berocket_brand?post=84274"},{"taxonomy":"woo-feed-brand","embeddable":true,"href":"https:\/\/watchdeluxe.it\/es\/wp-json\/wp\/v2\/woo-feed-brand?post=84274"}],"curies":[{"name":"wp","href":"https:\/\/api.w.org\/{rel}","templated":true}]}}