{"id":84241,"date":"2023-09-30T11:45:50","date_gmt":"2023-09-30T09:45:50","guid":{"rendered":"https:\/\/watchdeluxe.it\/prodotto\/montblanc-meisterstuck-classique-dorado-0-7-mm-ref-132455\/"},"modified":"2026-01-22T10:14:48","modified_gmt":"2026-01-22T09:14:48","slug":"montblanc-meisterstuck-gold-coated-classique-07-mm-ref-132455","status":"publish","type":"product","link":"https:\/\/watchdeluxe.it\/es\/prodotto\/montblanc-meisterstuck-gold-coated-classique-07-mm-ref-132455\/","title":{"rendered":"Montblanc Meisterst\u00fcck Classique Dorado 0.7 mm Ref. 132455"},"content":{"rendered":"<p>Montblanc Meisterst\u00fcck Classique Dorado 0.7 mm Ref. 132455<\/p>\n<p><b>L\u00e1piz de 0,7 mm.  <\/b><\/p>\n<table class=\"data-table\">\n<tbody>\n<tr class=\"even\">\n<td class=\"spec-name\">L\u00ednea<\/td>\n<td class=\"spec-value\">Meisterst\u00fcck<\/td>\n<\/tr>\n<tr class=\"odd\">\n<td class=\"spec-name\">Tipo<\/td>\n<td class=\"spec-value\">Portal\u00e1pices<\/td>\n<\/tr>\n<\/tbody>\n<\/table>\n","protected":false},"excerpt":{"rendered":"<p>Montblanc Meisterst\u00fcck Classique Dorado 0.7 mm Ref. 132455 L\u00e1piz de 0,7 mm. L\u00ednea Meisterst\u00fcck Tipo Portal\u00e1pices<\/p>\n","protected":false},"featured_media":84238,"template":"","meta":{"_crdt_document":"","advanced_seo_description":"","jetpack_seo_html_title":"","jetpack_seo_noindex":false},"product_brand":[],"product_cat":[1929],"product_tag":[1452],"berocket_brand":[],"woo-feed-brand":[],"class_list":{"0":"post-84241","1":"product","2":"type-product","3":"status-publish","4":"has-post-thumbnail","6":"product_cat-montblanc","7":"product_tag-penne","9":"first","10":"instock","11":"sale","12":"taxable","13":"shipping-taxable","14":"purchasable","15":"product-type-simple"},"bundled_by":[],"bundle_stock_status":"instock","bundle_stock_quantity":1,"bundle_virtual":false,"bundle_layout":"","bundle_add_to_cart_form_location":"","bundle_editable_in_cart":false,"bundle_sold_individually_context":"","bundle_item_grouping":"","bundle_min_size":"","bundle_max_size":"","bundle_price":[],"bundled_items":[],"bundle_sell_ids":[],"group_of_quantity":0,"min_quantity":0,"max_quantity":"","exclude_order_quantity_value_rules":"no","exclude_category_quantity_rules":"no","combine_variations":"no","jetpack_sharing_enabled":true,"jetpack_likes_enabled":true,"_links":{"self":[{"href":"https:\/\/watchdeluxe.it\/es\/wp-json\/wp\/v2\/product\/84241","targetHints":{"allow":["GET"]}}],"collection":[{"href":"https:\/\/watchdeluxe.it\/es\/wp-json\/wp\/v2\/product"}],"about":[{"href":"https:\/\/watchdeluxe.it\/es\/wp-json\/wp\/v2\/types\/product"}],"wp:featuredmedia":[{"embeddable":true,"href":"https:\/\/watchdeluxe.it\/es\/wp-json\/wp\/v2\/media\/84238"}],"wp:attachment":[{"href":"https:\/\/watchdeluxe.it\/es\/wp-json\/wp\/v2\/media?parent=84241"}],"wp:term":[{"taxonomy":"product_brand","embeddable":true,"href":"https:\/\/watchdeluxe.it\/es\/wp-json\/wp\/v2\/product_brand?post=84241"},{"taxonomy":"product_cat","embeddable":true,"href":"https:\/\/watchdeluxe.it\/es\/wp-json\/wp\/v2\/product_cat?post=84241"},{"taxonomy":"product_tag","embeddable":true,"href":"https:\/\/watchdeluxe.it\/es\/wp-json\/wp\/v2\/product_tag?post=84241"},{"taxonomy":"berocket_brand","embeddable":true,"href":"https:\/\/watchdeluxe.it\/es\/wp-json\/wp\/v2\/berocket_brand?post=84241"},{"taxonomy":"woo-feed-brand","embeddable":true,"href":"https:\/\/watchdeluxe.it\/es\/wp-json\/wp\/v2\/woo-feed-brand?post=84241"}],"curies":[{"name":"wp","href":"https:\/\/api.w.org\/{rel}","templated":true}]}}