{"id":84232,"date":"2023-09-30T11:44:07","date_gmt":"2023-09-30T09:44:07","guid":{"rendered":"https:\/\/watchdeluxe.it\/prodotto\/mochila-montblanc-mediana-con-3-compartimentos-extreme-3-0-ref-129964\/"},"modified":"2026-01-22T10:15:37","modified_gmt":"2026-01-22T09:15:37","slug":"montblanc-zaino-medio-con-3-scomparti-extreme-3-0-ref-129964","status":"publish","type":"product","link":"https:\/\/watchdeluxe.it\/es\/prodotto\/montblanc-zaino-medio-con-3-scomparti-extreme-3-0-ref-129964\/","title":{"rendered":"Mochila Montblanc Mediana Con 3 Compartimentos Extreme 3.0 Ref. 129964"},"content":{"rendered":"<p>Mochila Montblanc Mediana Con 3 Compartimentos Extreme 3.0 Ref. 129964<\/p>\n<p>urbanitas que viven intensamente su d\u00eda a d\u00eda, gracias a un compartimento acolchado para port\u00e1tiles de hasta 13&#8243;, varios bolsillos y dos trabillas para art\u00edculos de escritura.  <b><br \/>\n<\/b><\/p>\n<p><b>Dimensiones: 275 x 140 x H 400 mm.  <\/b><\/p>\n<table class=\"data-table\">\n<tbody>\n<tr class=\"even\">\n<td class=\"spec-name\">L\u00ednea<\/td>\n<td class=\"spec-value\">Extremo 3.0<\/td>\n<\/tr>\n<tr class=\"odd\">\n<td class=\"spec-name\">Material<\/td>\n<td class=\"spec-value\">Pantorrilla<\/td>\n<\/tr>\n<tr class=\"even\">\n<td class=\"spec-name\">COLOR<\/td>\n<td class=\"spec-value\">Negro<\/td>\n<\/tr>\n<\/tbody>\n<\/table>\n","protected":false},"excerpt":{"rendered":"<p>Mochila Montblanc Mediana Con 3 Compartimentos Extreme 3.0 Ref. 129964 urbanitas que viven intensamente su d\u00eda a d\u00eda, gracias a un compartimento acolchado para port\u00e1tiles de hasta 13&#8243;, varios bolsillos y dos trabillas para art\u00edculos de escritura. Dimensiones: 275 x 140 x H 400 mm. L\u00ednea Extremo 3.0 Material Pantorrilla COLOR Negro<\/p>\n","protected":false},"featured_media":84228,"template":"","meta":{"_crdt_document":"","advanced_seo_description":"","jetpack_seo_html_title":"","jetpack_seo_noindex":false},"product_brand":[],"product_cat":[2247],"product_tag":[2499],"berocket_brand":[],"woo-feed-brand":[],"class_list":{"0":"post-84232","1":"product","2":"type-product","3":"status-publish","4":"has-post-thumbnail","6":"product_cat-montblanc-es","7":"product_tag-backpack","9":"first","10":"outofstock","11":"sale","12":"taxable","13":"shipping-taxable","14":"purchasable","15":"product-type-simple"},"bundled_by":[],"bundle_stock_status":"outofstock","bundle_stock_quantity":0,"bundle_virtual":false,"bundle_layout":"","bundle_add_to_cart_form_location":"","bundle_editable_in_cart":false,"bundle_sold_individually_context":"","bundle_item_grouping":"","bundle_min_size":"","bundle_max_size":"","bundle_price":[],"bundled_items":[],"bundle_sell_ids":[],"group_of_quantity":0,"min_quantity":0,"max_quantity":"","exclude_order_quantity_value_rules":"no","exclude_category_quantity_rules":"no","combine_variations":"no","exclude_global_add_ons":[],"addons":[],"jetpack_sharing_enabled":true,"jetpack_likes_enabled":true,"_links":{"self":[{"href":"https:\/\/watchdeluxe.it\/es\/wp-json\/wp\/v2\/product\/84232","targetHints":{"allow":["GET"]}}],"collection":[{"href":"https:\/\/watchdeluxe.it\/es\/wp-json\/wp\/v2\/product"}],"about":[{"href":"https:\/\/watchdeluxe.it\/es\/wp-json\/wp\/v2\/types\/product"}],"wp:featuredmedia":[{"embeddable":true,"href":"https:\/\/watchdeluxe.it\/es\/wp-json\/wp\/v2\/media\/84228"}],"wp:attachment":[{"href":"https:\/\/watchdeluxe.it\/es\/wp-json\/wp\/v2\/media?parent=84232"}],"wp:term":[{"taxonomy":"product_brand","embeddable":true,"href":"https:\/\/watchdeluxe.it\/es\/wp-json\/wp\/v2\/product_brand?post=84232"},{"taxonomy":"product_cat","embeddable":true,"href":"https:\/\/watchdeluxe.it\/es\/wp-json\/wp\/v2\/product_cat?post=84232"},{"taxonomy":"product_tag","embeddable":true,"href":"https:\/\/watchdeluxe.it\/es\/wp-json\/wp\/v2\/product_tag?post=84232"},{"taxonomy":"berocket_brand","embeddable":true,"href":"https:\/\/watchdeluxe.it\/es\/wp-json\/wp\/v2\/berocket_brand?post=84232"},{"taxonomy":"woo-feed-brand","embeddable":true,"href":"https:\/\/watchdeluxe.it\/es\/wp-json\/wp\/v2\/woo-feed-brand?post=84232"}],"curies":[{"name":"wp","href":"https:\/\/api.w.org\/{rel}","templated":true}]}}