{"id":84221,"date":"2023-09-30T11:42:29","date_gmt":"2023-09-30T09:42:29","guid":{"rendered":"https:\/\/watchdeluxe.it\/prodotto\/mochila-montblanc-meisterstuck-selection-soft-ref-131210\/"},"modified":"2026-01-22T10:16:15","modified_gmt":"2026-01-22T09:16:15","slug":"montblanc-zaino-meisterstuck-selection-soft-ref-131210","status":"publish","type":"product","link":"https:\/\/watchdeluxe.it\/es\/prodotto\/montblanc-zaino-meisterstuck-selection-soft-ref-131210\/","title":{"rendered":"Mochila Montblanc Meisterst\u00fcck Selection Soft Ref. 131210"},"content":{"rendered":"<p>Mochila Montblanc Meisterst\u00fcck Selection Soft Ref. 131210<\/p>\n<p><b>Dimensiones: 320 x 180 x H 400 mm.  <\/b><\/p>\n<table class=\"data-table\">\n<tbody>\n<tr class=\"even\">\n<td class=\"spec-name\">L\u00ednea<\/td>\n<td class=\"spec-value\">Meisterst\u00fcck Selecci\u00f3n Suave<\/td>\n<\/tr>\n<tr class=\"odd\">\n<td class=\"spec-name\">Material<\/td>\n<td class=\"spec-value\">Pantorrilla<\/td>\n<\/tr>\n<tr class=\"even\">\n<td class=\"spec-name\">COLOR<\/td>\n<td class=\"spec-value\">Negro<\/td>\n<\/tr>\n<\/tbody>\n<\/table>\n","protected":false},"excerpt":{"rendered":"<p>Mochila Montblanc Meisterst\u00fcck Selection Soft Ref. 131210 Dimensiones: 320 x 180 x H 400 mm. L\u00ednea Meisterst\u00fcck Selecci\u00f3n Suave Material Pantorrilla COLOR Negro<\/p>\n","protected":false},"featured_media":84217,"template":"","meta":{"_crdt_document":"","advanced_seo_description":"","jetpack_seo_html_title":"","jetpack_seo_noindex":false},"product_brand":[],"product_cat":[1929],"product_tag":[1414],"berocket_brand":[],"woo-feed-brand":[],"class_list":{"0":"post-84221","1":"product","2":"type-product","3":"status-publish","4":"has-post-thumbnail","6":"product_cat-montblanc","7":"product_tag-zaino","9":"first","10":"instock","11":"sale","12":"taxable","13":"shipping-taxable","14":"purchasable","15":"product-type-simple"},"bundled_by":[],"bundle_stock_status":"instock","bundle_stock_quantity":1,"bundle_virtual":false,"bundle_layout":"","bundle_add_to_cart_form_location":"","bundle_editable_in_cart":false,"bundle_sold_individually_context":"","bundle_item_grouping":"","bundle_min_size":"","bundle_max_size":"","bundle_price":[],"bundled_items":[],"bundle_sell_ids":[],"group_of_quantity":0,"min_quantity":0,"max_quantity":"","exclude_order_quantity_value_rules":"no","exclude_category_quantity_rules":"no","combine_variations":"no","jetpack_sharing_enabled":true,"jetpack_likes_enabled":true,"_links":{"self":[{"href":"https:\/\/watchdeluxe.it\/es\/wp-json\/wp\/v2\/product\/84221","targetHints":{"allow":["GET"]}}],"collection":[{"href":"https:\/\/watchdeluxe.it\/es\/wp-json\/wp\/v2\/product"}],"about":[{"href":"https:\/\/watchdeluxe.it\/es\/wp-json\/wp\/v2\/types\/product"}],"wp:featuredmedia":[{"embeddable":true,"href":"https:\/\/watchdeluxe.it\/es\/wp-json\/wp\/v2\/media\/84217"}],"wp:attachment":[{"href":"https:\/\/watchdeluxe.it\/es\/wp-json\/wp\/v2\/media?parent=84221"}],"wp:term":[{"taxonomy":"product_brand","embeddable":true,"href":"https:\/\/watchdeluxe.it\/es\/wp-json\/wp\/v2\/product_brand?post=84221"},{"taxonomy":"product_cat","embeddable":true,"href":"https:\/\/watchdeluxe.it\/es\/wp-json\/wp\/v2\/product_cat?post=84221"},{"taxonomy":"product_tag","embeddable":true,"href":"https:\/\/watchdeluxe.it\/es\/wp-json\/wp\/v2\/product_tag?post=84221"},{"taxonomy":"berocket_brand","embeddable":true,"href":"https:\/\/watchdeluxe.it\/es\/wp-json\/wp\/v2\/berocket_brand?post=84221"},{"taxonomy":"woo-feed-brand","embeddable":true,"href":"https:\/\/watchdeluxe.it\/es\/wp-json\/wp\/v2\/woo-feed-brand?post=84221"}],"curies":[{"name":"wp","href":"https:\/\/api.w.org\/{rel}","templated":true}]}}