{"id":83358,"date":"2023-09-28T15:46:17","date_gmt":"2023-09-28T13:46:17","guid":{"rendered":"https:\/\/watchdeluxe.it\/prodotto\/tag-heuer-carrera-chronosprint-x-porsche-ref-cbs2011-fc6529\/"},"modified":"2026-01-19T15:25:08","modified_gmt":"2026-01-19T14:25:08","slug":"tag-heuer-chronosprint-x-porsche-ref-cbs2011-fc6529","status":"publish","type":"product","link":"https:\/\/watchdeluxe.it\/es\/prodotto\/tag-heuer-chronosprint-x-porsche-ref-cbs2011-fc6529\/","title":{"rendered":"TAG Heuer Carrera Chronosprint x Porsche ref. CBS2011.FC6529"},"content":{"rendered":"<p>TAG Heuer Carrera Chronosprint x Porsche ref. CBS2011.FC6529<\/p>\n<div class=\"card\">\n<div id=\"collapsecase\" class=\"collapse show\" aria-labelledby=\"headingcase\" data-parent=\"#tech-accordion\">\n<div class=\"card-body\">\n<div class=\"row\">\n<div class=\"col-12 col-lg-6\">\n<p> <span class=\"spec-title\"> Tama\u00f1o <\/span> <span class=\"spec-value\"> 42 mm <\/span> <\/p>\n<\/div>\n<div class=\"col-12 col-lg-6\">\n<p> <span class=\"spec-title\"> Resistencia al agua <\/span> <span class=\"spec-value\"> 100 m <\/span> <\/p>\n<\/div>\n<div class=\"col-12 col-lg-6\">\n<p> <span class=\"spec-title\"> Cuerpo de la caja <\/span> <span class=\"spec-value\"> Acero Acabado satinado\/pulido <\/span> <\/p>\n<\/div>\n<div class=\"col-12 col-lg-6\">\n<div class=\"col-12 col-lg-6\">\n<p> <span class=\"spec-title\"> Material de la correa <\/span> <span class=\"spec-value\"> Piel <\/span> <\/p>\n<\/div>\n<div class=\"col-12 col-lg-6\">\n<p> <span class=\"spec-title\"> Color <\/span> <span class=\"spec-value\"> Negro <\/span> <\/p>\n<\/div>\n<div class=\"col-12 col-lg-6\">\n<p> <span class=\"spec-title\"> Hebilla <\/span> <span class=\"spec-value\"> Hebilla plegable con pulsadores &#8211; Acero <\/span> <\/p>\n<\/div>\n<div class=\"col-12 col-lg-6\">\n<p> <span class=\"spec-title\"> Calibre <\/span> <span class=\"spec-value\"> Calibre TH20-08 <\/span> <\/p>\n<\/div>\n<div class=\"col-12 col-lg-6\">\n<p> <span class=\"spec-title\"> Movimiento <\/span> <span class=\"spec-value\"> Cron\u00f3grafo autom\u00e1tico <\/span> <\/p>\n<\/div>\n<div class=\"col-12 col-lg-6\">\n<p> <span class=\"spec-title\"> Movimiento de fabricaci\u00f3n <\/span> <span class=\"spec-value\"> S\u00ed <\/span> <\/p>\n<\/div>\n<div class=\"col-12 col-lg-6\">\n<p> <span class=\"spec-title\"> Reserva de marcha (horas) <\/span> <span class=\"spec-value\"> 80 <\/span> <\/p>\n<\/div>\n<div class=\"col-12 col-lg-6\">\n<p> <span class=\"spec-title\"> Frecuencia del balanc\u00edn <\/span> <span class=\"spec-value\"> 28800 (4Hz) <\/span> <\/p>\n<\/div>\n<div class=\"col-12 col-lg-6\">\n<p> <span class=\"spec-title\"> Funciones <\/span> <span class=\"spec-value\"> Horas, minutos, segundos, cron\u00f3grafo: 1\/4 de segundo, contador de 30 minutos, contador de 12 horas <\/span> <\/p>\n<\/div>\n<p>&nbsp;<\/p>\n<p>&nbsp;<\/p>\n<\/div>\n<\/div>\n<\/div>\n<\/div>\n<\/div>\n","protected":false},"excerpt":{"rendered":"<p>TAG Heuer Carrera Chronosprint x Porsche ref. CBS2011.FC6529 Tama\u00f1o 42 mm Resistencia al agua 100 m Cuerpo de la caja Acero Acabado satinado\/pulido Material de la correa Piel Color Negro Hebilla Hebilla plegable con pulsadores &#8211; Acero Calibre Calibre TH20-08 Movimiento Cron\u00f3grafo autom\u00e1tico Movimiento de fabricaci\u00f3n S\u00ed Reserva de marcha (horas) 80 Frecuencia del balanc\u00edn [&hellip;]<\/p>\n","protected":false},"featured_media":83353,"template":"","meta":{"_crdt_document":"","advanced_seo_description":"","jetpack_seo_html_title":"","jetpack_seo_noindex":false,"jetpack_post_was_ever_published":false},"product_brand":[],"product_cat":[2264],"product_tag":[2375],"berocket_brand":[],"woo-feed-brand":[],"class_list":{"0":"post-83358","1":"product","2":"type-product","3":"status-publish","4":"has-post-thumbnail","6":"product_cat-tag-heuer-es","7":"product_tag-carrera-es","9":"first","10":"instock","11":"sale","12":"taxable","13":"shipping-taxable","14":"purchasable","15":"product-type-simple"},"bundled_by":[],"bundle_stock_status":"instock","bundle_stock_quantity":1,"bundle_virtual":false,"bundle_layout":"","bundle_add_to_cart_form_location":"","bundle_editable_in_cart":false,"bundle_sold_individually_context":"","bundle_item_grouping":"","bundle_min_size":"","bundle_max_size":"","bundle_price":[],"bundled_items":[],"bundle_sell_ids":[],"group_of_quantity":0,"min_quantity":0,"max_quantity":"","exclude_order_quantity_value_rules":"no","exclude_category_quantity_rules":"no","combine_variations":"no","exclude_global_add_ons":[],"addons":[],"jetpack_sharing_enabled":true,"jetpack_likes_enabled":true,"_links":{"self":[{"href":"https:\/\/watchdeluxe.it\/es\/wp-json\/wp\/v2\/product\/83358","targetHints":{"allow":["GET"]}}],"collection":[{"href":"https:\/\/watchdeluxe.it\/es\/wp-json\/wp\/v2\/product"}],"about":[{"href":"https:\/\/watchdeluxe.it\/es\/wp-json\/wp\/v2\/types\/product"}],"wp:featuredmedia":[{"embeddable":true,"href":"https:\/\/watchdeluxe.it\/es\/wp-json\/wp\/v2\/media\/83353"}],"wp:attachment":[{"href":"https:\/\/watchdeluxe.it\/es\/wp-json\/wp\/v2\/media?parent=83358"}],"wp:term":[{"taxonomy":"product_brand","embeddable":true,"href":"https:\/\/watchdeluxe.it\/es\/wp-json\/wp\/v2\/product_brand?post=83358"},{"taxonomy":"product_cat","embeddable":true,"href":"https:\/\/watchdeluxe.it\/es\/wp-json\/wp\/v2\/product_cat?post=83358"},{"taxonomy":"product_tag","embeddable":true,"href":"https:\/\/watchdeluxe.it\/es\/wp-json\/wp\/v2\/product_tag?post=83358"},{"taxonomy":"berocket_brand","embeddable":true,"href":"https:\/\/watchdeluxe.it\/es\/wp-json\/wp\/v2\/berocket_brand?post=83358"},{"taxonomy":"woo-feed-brand","embeddable":true,"href":"https:\/\/watchdeluxe.it\/es\/wp-json\/wp\/v2\/woo-feed-brand?post=83358"}],"curies":[{"name":"wp","href":"https:\/\/api.w.org\/{rel}","templated":true}]}}