{"id":82306,"date":"2023-09-01T18:49:52","date_gmt":"2023-09-01T16:49:52","guid":{"rendered":"https:\/\/watchdeluxe.it\/prodotto\/chanel-j12-ceramica-blanca-high-tech-33-mm-ref-h6418\/"},"modified":"2026-04-01T10:50:03","modified_gmt":"2026-04-01T08:50:03","slug":"chanel-j12-ceramica-bianca-high-tech-33-mm-ref-h6418","status":"publish","type":"product","link":"https:\/\/watchdeluxe.it\/es\/prodotto\/chanel-j12-ceramica-bianca-high-tech-33-mm-ref-h6418\/","title":{"rendered":"Chanel J12 Cer\u00e1mica Blanca High-Tech 33 Mm Ref. H6418"},"content":{"rendered":"<p>Chanel J12 Cer\u00e1mica Blanca High-Tech 33 Mm Ref. H6418<\/p>\n<table class=\"data-table\">\n<tbody>\n<tr class=\"odd\">\n<td class=\"spec-name\">Marca<\/td>\n<td class=\"spec-value\">Chanel<\/td>\n<\/tr>\n<tr class=\"even\">\n<td class=\"spec-name\">L\u00ednea<\/td>\n<td class=\"spec-value\">J12 33 MM<\/td>\n<\/tr>\n<tr class=\"odd\">\n<td class=\"spec-name\">Complicaci\u00f3n<\/td>\n<td class=\"spec-value\">SOLO TIEMPO<\/td>\n<\/tr>\n<tr class=\"even\">\n<td class=\"spec-name\">Movimiento<\/td>\n<td class=\"spec-value\">CUARZO<\/td>\n<\/tr>\n<tr class=\"odd\">\n<td class=\"spec-name\">Forma<\/td>\n<td class=\"spec-value\">REDONDA<\/td>\n<\/tr>\n<tr class=\"even\">\n<td class=\"spec-name\">Tama\u00f1o<\/td>\n<td class=\"spec-value\">33 MM<\/td>\n<\/tr>\n<tr class=\"odd\">\n<td class=\"spec-name\">Material de la Caja<\/td>\n<td class=\"spec-value\">CER\u00c1MICA HIGH-TECH, ACERO Y DIAMANTES<\/td>\n<\/tr>\n<tr class=\"even\">\n<td class=\"spec-name\">Esfera<\/td>\n<td class=\"spec-value\">Blanca Con Diamantes<\/td>\n<\/tr>\n<tr class=\"odd\">\n<td class=\"spec-name\">Pulsera<\/td>\n<td class=\"spec-value\">CER\u00c1MICA BLANCA HIGH-TECH<\/td>\n<\/tr>\n<tr class=\"even\">\n<td class=\"spec-name\">Resistencia al agua<\/td>\n<td class=\"spec-value\">50 M<\/td>\n<\/tr>\n<\/tbody>\n<\/table>\n","protected":false},"excerpt":{"rendered":"<p>Chanel J12 Cer\u00e1mica Blanca High-Tech 33 Mm Ref. H6418 Marca Chanel L\u00ednea J12 33 MM Complicaci\u00f3n SOLO TIEMPO Movimiento CUARZO Forma REDONDA Tama\u00f1o 33 MM Material de la Caja CER\u00c1MICA HIGH-TECH, ACERO Y DIAMANTES Esfera Blanca Con Diamantes Pulsera CER\u00c1MICA BLANCA HIGH-TECH Resistencia al agua 50 M<\/p>\n","protected":false},"featured_media":82303,"template":"","meta":{"_crdt_document":"","advanced_seo_description":"","jetpack_seo_html_title":"","jetpack_seo_noindex":false,"jetpack_post_was_ever_published":false},"product_brand":[],"product_cat":[2343],"product_tag":[2344],"berocket_brand":[],"woo-feed-brand":[],"class_list":{"0":"post-82306","1":"product","2":"type-product","3":"status-publish","4":"has-post-thumbnail","6":"product_cat-chanel-es","7":"product_tag-j12-es","9":"first","10":"instock","11":"sale","12":"taxable","13":"shipping-taxable","14":"purchasable","15":"product-type-simple"},"bundled_by":[],"bundle_stock_status":"instock","bundle_stock_quantity":1,"bundle_virtual":false,"bundle_layout":"","bundle_add_to_cart_form_location":"","bundle_editable_in_cart":false,"bundle_sold_individually_context":"","bundle_item_grouping":"","bundle_min_size":"","bundle_max_size":"","bundle_price":[],"bundled_items":[],"bundle_sell_ids":[],"group_of_quantity":0,"min_quantity":0,"max_quantity":"","exclude_order_quantity_value_rules":"no","exclude_category_quantity_rules":"no","combine_variations":"no","exclude_global_add_ons":[],"addons":[],"jetpack_sharing_enabled":true,"jetpack_likes_enabled":true,"_links":{"self":[{"href":"https:\/\/watchdeluxe.it\/es\/wp-json\/wp\/v2\/product\/82306","targetHints":{"allow":["GET"]}}],"collection":[{"href":"https:\/\/watchdeluxe.it\/es\/wp-json\/wp\/v2\/product"}],"about":[{"href":"https:\/\/watchdeluxe.it\/es\/wp-json\/wp\/v2\/types\/product"}],"wp:featuredmedia":[{"embeddable":true,"href":"https:\/\/watchdeluxe.it\/es\/wp-json\/wp\/v2\/media\/82303"}],"wp:attachment":[{"href":"https:\/\/watchdeluxe.it\/es\/wp-json\/wp\/v2\/media?parent=82306"}],"wp:term":[{"taxonomy":"product_brand","embeddable":true,"href":"https:\/\/watchdeluxe.it\/es\/wp-json\/wp\/v2\/product_brand?post=82306"},{"taxonomy":"product_cat","embeddable":true,"href":"https:\/\/watchdeluxe.it\/es\/wp-json\/wp\/v2\/product_cat?post=82306"},{"taxonomy":"product_tag","embeddable":true,"href":"https:\/\/watchdeluxe.it\/es\/wp-json\/wp\/v2\/product_tag?post=82306"},{"taxonomy":"berocket_brand","embeddable":true,"href":"https:\/\/watchdeluxe.it\/es\/wp-json\/wp\/v2\/berocket_brand?post=82306"},{"taxonomy":"woo-feed-brand","embeddable":true,"href":"https:\/\/watchdeluxe.it\/es\/wp-json\/wp\/v2\/woo-feed-brand?post=82306"}],"curies":[{"name":"wp","href":"https:\/\/api.w.org\/{rel}","templated":true}]}}