{"id":81582,"date":"2023-08-29T18:04:27","date_gmt":"2023-08-29T16:04:27","guid":{"rendered":"https:\/\/watchdeluxe.it\/prodotto\/nomos-club-campus-rosa-intenso-ref-711\/"},"modified":"2026-04-10T16:05:13","modified_gmt":"2026-04-10T14:05:13","slug":"nomos-club-campus-deep-pink-ref-711","status":"publish","type":"product","link":"https:\/\/watchdeluxe.it\/es\/prodotto\/nomos-club-campus-deep-pink-ref-711\/","title":{"rendered":"Nomos Club Campus rosa intenso ref. 711"},"content":{"rendered":"<p>Nomos Club Campus rosa intenso ref. 711<\/p>\n<div class=\"list-couple\">\n<div class=\"specs-list\">\n<dl>\n<dt>Caso<\/dt>\n<dd>acero inoxidable, bipartito<br \/>\ntrasera de acero inoxidable<br \/>\natornillado<\/dd>\n<\/dl>\n<dl>\n<dt>Vidrio<\/dt>\n<dd>cristal de zafiro abombado<\/dd>\n<\/dl>\n<dl>\n<dt>Carga<\/dt>\n<dd>manual<\/dd>\n<\/dl>\n<dl>\n<dt>Dimensiones<\/dt>\n<dd>di\u00e1metro <span class=\"size-property\"> 36,0 mm <\/span><br \/>\ngrosor 8 <span class=\"size-property\">,2 mm <\/span><br \/>\nTama\u00f1o del bucle exterior <span class=\"size-property\"> 47,5 mm <\/span> <\/dd>\n<\/dl>\n<dl>\n<dt>Resistencia al agua<\/dt>\n<dd>10 atm (se puede llevar mientras se nada)<\/dd>\n<\/dl>\n<\/div>\n<div class=\"specs-list\">\n<dl>\n<dt>Marque<\/dt>\n<dd>rosa<br \/>\nN\u00fameros ar\u00e1bigos y romanos e indicadores horarios con superluminova blanca (luminiscencia azul)<\/dd>\n<\/dl>\n<dl>\n<dt>Manos<\/dt>\n<dd>chapado en rodio, con incrustaci\u00f3n de superluminova en blanco (luminiscencia azul), segundero naranja ne\u00f3n<\/dd>\n<\/dl>\n<dl>\n<dt>correa<\/dt>\n<dd>Piel de ante gris<br \/>\n<span class=\"size-property\">  ancho de bucle 18 mm  <\/span><\/dd>\n<\/dl>\n<\/div>\n<\/div>\n","protected":false},"excerpt":{"rendered":"<p>Nomos Club Campus rosa intenso ref. 711 Caso acero inoxidable, bipartito trasera de acero inoxidable atornillado Vidrio cristal de zafiro abombado Carga manual Dimensiones di\u00e1metro 36,0 mm grosor 8 ,2 mm Tama\u00f1o del bucle exterior 47,5 mm Resistencia al agua 10 atm (se puede llevar mientras se nada) Marque rosa N\u00fameros ar\u00e1bigos y romanos e [&hellip;]<\/p>\n","protected":false},"featured_media":168185,"template":"","meta":{"_crdt_document":"","advanced_seo_description":"","jetpack_seo_html_title":"","jetpack_seo_noindex":false},"product_brand":[],"product_cat":[2360],"product_tag":[3936,2389],"berocket_brand":[],"woo-feed-brand":[],"class_list":{"0":"post-81582","1":"product","2":"type-product","3":"status-publish","4":"has-post-thumbnail","6":"product_cat-nomos-glashutte-es","7":"product_tag-campus-es","8":"product_tag-club-es","10":"first","11":"instock","12":"sale","13":"taxable","14":"shipping-taxable","15":"purchasable","16":"product-type-simple"},"bundled_by":[],"bundle_stock_status":"instock","bundle_stock_quantity":1,"bundle_virtual":false,"bundle_layout":"","bundle_add_to_cart_form_location":"","bundle_editable_in_cart":false,"bundle_sold_individually_context":"","bundle_item_grouping":"","bundle_min_size":"","bundle_max_size":"","bundle_price":[],"bundled_items":[],"bundle_sell_ids":[],"group_of_quantity":0,"min_quantity":0,"max_quantity":"","exclude_order_quantity_value_rules":"no","exclude_category_quantity_rules":"no","combine_variations":"no","jetpack_sharing_enabled":true,"jetpack_likes_enabled":true,"_links":{"self":[{"href":"https:\/\/watchdeluxe.it\/es\/wp-json\/wp\/v2\/product\/81582","targetHints":{"allow":["GET"]}}],"collection":[{"href":"https:\/\/watchdeluxe.it\/es\/wp-json\/wp\/v2\/product"}],"about":[{"href":"https:\/\/watchdeluxe.it\/es\/wp-json\/wp\/v2\/types\/product"}],"wp:featuredmedia":[{"embeddable":true,"href":"https:\/\/watchdeluxe.it\/es\/wp-json\/wp\/v2\/media\/168185"}],"wp:attachment":[{"href":"https:\/\/watchdeluxe.it\/es\/wp-json\/wp\/v2\/media?parent=81582"}],"wp:term":[{"taxonomy":"product_brand","embeddable":true,"href":"https:\/\/watchdeluxe.it\/es\/wp-json\/wp\/v2\/product_brand?post=81582"},{"taxonomy":"product_cat","embeddable":true,"href":"https:\/\/watchdeluxe.it\/es\/wp-json\/wp\/v2\/product_cat?post=81582"},{"taxonomy":"product_tag","embeddable":true,"href":"https:\/\/watchdeluxe.it\/es\/wp-json\/wp\/v2\/product_tag?post=81582"},{"taxonomy":"berocket_brand","embeddable":true,"href":"https:\/\/watchdeluxe.it\/es\/wp-json\/wp\/v2\/berocket_brand?post=81582"},{"taxonomy":"woo-feed-brand","embeddable":true,"href":"https:\/\/watchdeluxe.it\/es\/wp-json\/wp\/v2\/woo-feed-brand?post=81582"}],"curies":[{"name":"wp","href":"https:\/\/api.w.org\/{rel}","templated":true}]}}