{"id":80607,"date":"2024-06-19T18:39:51","date_gmt":"2024-06-19T16:39:51","guid":{"rendered":"https:\/\/watchdeluxe.it\/prodotto\/tag-heuer-aquaracer-professional-300-date-rosa-ref-wbp231j-ba0618\/"},"modified":"2025-09-22T11:53:47","modified_gmt":"2025-09-22T09:53:47","slug":"tag-heuer-aquaracer-professional-300-date-pink-ref-wbp231j-ba0618","status":"publish","type":"product","link":"https:\/\/watchdeluxe.it\/es\/prodotto\/tag-heuer-aquaracer-professional-300-date-pink-ref-wbp231j-ba0618\/","title":{"rendered":"Tag Heuer Aquaracer Professional 300 Date rosa ref. WBP231J.BA0618"},"content":{"rendered":"<p>Tag Heuer Aquaracer Professional 300 Date rosa ref. WBP231J.BA0618<\/p>\n<p>Esfera rosa<\/p>\n<div class=\"col-12 col-lg-6\">\n<p> <span class=\"spec-title\"> Tama\u00f1o <\/span> <span class=\"spec-value\"> 36 mm <\/span> <\/p>\n<\/div>\n<div class=\"col-12 col-lg-6\">\n<p> <span class=\"spec-title\"> Resistencia al agua <\/span> <span class=\"spec-value\"> 300 m <\/span> <\/p>\n<\/div>\n<div class=\"col-12 col-lg-6\">\n<p> <span class=\"spec-title\"> Cuerpo de la caja <\/span> <span class=\"spec-value\"> Acero Acabado satinado\/pulido <\/span> <\/p>\n<\/div>\n<div class=\"col-12 col-lg-6\">\n<p> <span class=\"spec-title\"> Bisel <\/span> <span class=\"spec-value\"> Bisel giratorio Cer\u00e1mica <\/span> <\/p>\n<\/div>\n<div class=\"col-12 col-lg-6\">\n<p> <span class=\"spec-title\"> Volver <\/span> <span class=\"spec-value\"> Liso &#8211; Acero <\/span> <\/p>\n<div class=\"col-12 col-lg-6\">\n<p> <span class=\"spec-title\"> Calibre <\/span> <span class=\"spec-value\"> Calibre 5 autom\u00e1tico <\/span> <\/p>\n<\/div>\n<div class=\"col-12 col-lg-6\">\n<p> <span class=\"spec-title\"> Movimiento <\/span> <span class=\"spec-value\"> Reloj autom\u00e1tico <\/span> <\/p>\n<\/div>\n<div class=\"col-12 col-lg-6\">\n<p> <span class=\"spec-title\"> Reserva de marcha (horas) <\/span> <span class=\"spec-value\"> 38 <\/span> <\/p>\n<\/div>\n<div class=\"col-12 col-lg-6\">\n<p> <span class=\"spec-title\"> Frecuencia del balanc\u00edn <\/span> <span class=\"spec-value\"> 28&#8217;800 (4 Hz) <\/span> <\/p>\n<\/div>\n<div class=\"col-12 col-lg-6\">\n<p> <span class=\"spec-title\"> Funciones <\/span> <span class=\"spec-value\"> Horas, minutos, segundos, fecha <\/span> <\/p>\n<\/div>\n<\/div>\n","protected":false},"excerpt":{"rendered":"<p>Tag Heuer Aquaracer Professional 300 Date rosa ref. WBP231J.BA0618 Esfera rosa Tama\u00f1o 36 mm Resistencia al agua 300 m Cuerpo de la caja Acero Acabado satinado\/pulido Bisel Bisel giratorio Cer\u00e1mica Volver Liso &#8211; Acero Calibre Calibre 5 autom\u00e1tico Movimiento Reloj autom\u00e1tico Reserva de marcha (horas) 38 Frecuencia del balanc\u00edn 28&#8217;800 (4 Hz) Funciones Horas, minutos, [&hellip;]<\/p>\n","protected":false},"featured_media":57514,"template":"","meta":{"_crdt_document":"","advanced_seo_description":"","jetpack_seo_html_title":"","jetpack_seo_noindex":false},"product_brand":[],"product_cat":[2264],"product_tag":[],"berocket_brand":[],"woo-feed-brand":[],"class_list":{"0":"post-80607","1":"product","2":"type-product","3":"status-publish","4":"has-post-thumbnail","6":"product_cat-tag-heuer-es","8":"first","9":"instock","10":"sale","11":"taxable","12":"shipping-taxable","13":"purchasable","14":"product-type-simple"},"bundled_by":[],"bundle_stock_status":"instock","bundle_stock_quantity":1,"bundle_virtual":false,"bundle_layout":"","bundle_add_to_cart_form_location":"","bundle_editable_in_cart":false,"bundle_sold_individually_context":"","bundle_item_grouping":"","bundle_min_size":"","bundle_max_size":"","bundle_price":[],"bundled_items":[],"bundle_sell_ids":[],"group_of_quantity":0,"min_quantity":0,"max_quantity":"","exclude_order_quantity_value_rules":"no","exclude_category_quantity_rules":"no","combine_variations":"no","jetpack_sharing_enabled":true,"jetpack_likes_enabled":true,"_links":{"self":[{"href":"https:\/\/watchdeluxe.it\/es\/wp-json\/wp\/v2\/product\/80607","targetHints":{"allow":["GET"]}}],"collection":[{"href":"https:\/\/watchdeluxe.it\/es\/wp-json\/wp\/v2\/product"}],"about":[{"href":"https:\/\/watchdeluxe.it\/es\/wp-json\/wp\/v2\/types\/product"}],"wp:featuredmedia":[{"embeddable":true,"href":"https:\/\/watchdeluxe.it\/es\/wp-json\/wp\/v2\/media\/57514"}],"wp:attachment":[{"href":"https:\/\/watchdeluxe.it\/es\/wp-json\/wp\/v2\/media?parent=80607"}],"wp:term":[{"taxonomy":"product_brand","embeddable":true,"href":"https:\/\/watchdeluxe.it\/es\/wp-json\/wp\/v2\/product_brand?post=80607"},{"taxonomy":"product_cat","embeddable":true,"href":"https:\/\/watchdeluxe.it\/es\/wp-json\/wp\/v2\/product_cat?post=80607"},{"taxonomy":"product_tag","embeddable":true,"href":"https:\/\/watchdeluxe.it\/es\/wp-json\/wp\/v2\/product_tag?post=80607"},{"taxonomy":"berocket_brand","embeddable":true,"href":"https:\/\/watchdeluxe.it\/es\/wp-json\/wp\/v2\/berocket_brand?post=80607"},{"taxonomy":"woo-feed-brand","embeddable":true,"href":"https:\/\/watchdeluxe.it\/es\/wp-json\/wp\/v2\/woo-feed-brand?post=80607"}],"curies":[{"name":"wp","href":"https:\/\/api.w.org\/{rel}","templated":true}]}}