{"id":79634,"date":"2023-03-17T18:36:39","date_gmt":"2023-03-17T17:36:39","guid":{"rendered":"https:\/\/watchdeluxe.it\/prodotto\/mido-baroncelli-ref-m0272084126600\/"},"modified":"2026-04-06T06:29:57","modified_gmt":"2026-04-06T04:29:57","slug":"mido-baroncelli-ref-m0272084126600","status":"publish","type":"product","link":"https:\/\/watchdeluxe.it\/es\/prodotto\/mido-baroncelli-ref-m0272084126600\/","title":{"rendered":"MIDO BARONCELLI REF. M0272084126600"},"content":{"rendered":"<p>MIDO BARONCELLI REF. M0272084126600<\/p>\n<div id=\"content-1601644495118-91ba5e88-6c9f\" class=\"w-tabs-section-content\" style=\"display: block\" aria-expanded=\"true\">\n<div class=\"w-tabs-section-content-h i-cf\">\n<div class=\"w-post-elm post_content\">\n<p>Adem\u00e1s de su est\u00e9tica cl\u00e1sica, el reloj Baroncelli Calibre 80 Chronometer Silicon tiene mucho que ofrecer, como agujas de doble cara y una esfera de l\u00edneas limpias.<\/p>\n<p>Su movimiento cron\u00f3metro autom\u00e1tico tiene una autonom\u00eda de hasta 80 horas y su precisi\u00f3n est\u00e1 optimizada por el muelle espiral de silicio.<\/p>\n<div id=\"content-1601644495136-ab8c8241-29d3\" class=\"w-tabs-section-content\" style=\"display: block\" aria-expanded=\"true\">\n<div class=\"w-tabs-section-content-h i-cf\">\n<div class=\"w-post-elm product_field attributes display_table\">\n<div class=\"woocommerce-product-attributes-item--attribute_pa_forma-cassa\"><span class=\"w-post-elm-before\">Forma de la caja<\/span><span class=\"woocommerce-product-attributes-item__value\"><br \/>\n  <a href=\"https:\/\/www.oroshopsinesi.it\/forma-cassa\/rotonda\/\" rel=\"tag\">Redonda<\/a><br \/>\n<\/span><\/div>\n<div class=\"woocommerce-product-attributes-item--attribute_pa_tipo-di-chiusura\"><span class=\"w-post-elm-before\">Tipo de cierre<\/span><span class=\"woocommerce-product-attributes-item__value\"><br \/>\n  <a href=\"https:\/\/www.oroshopsinesi.it\/tipo-di-chiusura\/deployante\/\" rel=\"tag\">Desplegado<\/a><br \/>\n<\/span><\/div>\n<div class=\"woocommerce-product-attributes-item--attribute_pa_vetro\"><span class=\"w-post-elm-before\">Vidrio<\/span><span class=\"woocommerce-product-attributes-item__value\"><br \/>\n  <a href=\"https:\/\/www.oroshopsinesi.it\/vetro\/zaffiro\/\" rel=\"tag\">Zafiro<\/a><br \/>\n<\/span><\/div>\n<div class=\"woocommerce-product-attributes-item--attribute_pa_garanzia\"><span class=\"w-post-elm-before\">Garant\u00eda <\/span><span class=\"woocommerce-product-attributes-item__value\"><br \/>\n  <a href=\"https:\/\/www.oroshopsinesi.it\/garanzia\/internazionale-di-24-mesi\/\" rel=\"tag\">24 meses internacional<\/a><br \/>\n<\/span><\/div>\n<div class=\"woocommerce-product-attributes-item--attribute_pa_fondello\"><span class=\"w-post-elm-before\">Volver<\/span><span class=\"woocommerce-product-attributes-item__value\"><br \/>\n  <a href=\"https:\/\/www.oroshopsinesi.it\/fondello\/a-viti-multiple\/\" rel=\"tag\">Tornillos m\u00faltiples<\/a><br \/>\n<\/span><\/div>\n<div class=\"woocommerce-product-attributes-item--attribute_pa_indici\"><span class=\"w-post-elm-before\">\u00cdndices<\/span><span class=\"woocommerce-product-attributes-item__value\"><a href=\"https:\/\/www.oroshopsinesi.it\/indici\/indici-in-swarovski\/\" rel=\"tag\">Indicadores horarios Swarovski<\/a>, <a href=\"https:\/\/www.oroshopsinesi.it\/indici\/numeri-romani\/\" rel=\"tag\">n\u00fameros romanos<\/a><\/span><\/div>\n<div class=\"woocommerce-product-attributes-item--attribute_pa_stile\"><span class=\"w-post-elm-before\">Estilo<\/span><span class=\"woocommerce-product-attributes-item__value\"><br \/>\n  <a href=\"https:\/\/www.oroshopsinesi.it\/stile\/classico\/\" rel=\"tag\">Cl\u00e1sico<\/a><br \/>\n<\/span><\/div>\n<div class=\"woocommerce-product-attributes-item--attribute_pa_materiale-lunetta\"><span class=\"w-post-elm-before\">Material del bisel<\/span><span class=\"woocommerce-product-attributes-item__value\"><br \/>\n  <a href=\"https:\/\/www.oroshopsinesi.it\/materiale-lunetta\/oro\/\" rel=\"tag\">Oro<\/a><br \/>\n<\/span><\/div>\n<div class=\"woocommerce-product-attributes-item--attribute_pa_materiale-cinturino\"><span class=\"w-post-elm-before\">Material de la correa<\/span><span class=\"woocommerce-product-attributes-item__value\"><br \/>\n  <a href=\"https:\/\/www.oroshopsinesi.it\/materiale-cinturino\/acciaio\/\" rel=\"tag\">Acero<\/a><br \/>\n<\/span><\/div>\n<div class=\"woocommerce-product-attributes-item--attribute_pa_colore-cinturino\"><span class=\"w-post-elm-before\">Color de la pulsera<\/span><span class=\"woocommerce-product-attributes-item__value\"><br \/>\n  <a href=\"https:\/\/www.oroshopsinesi.it\/colore-cinturino\/acciaio-argentato\/\" rel=\"tag\">Acero\/Plateado<\/a><br \/>\n<\/span><\/div>\n<div class=\"woocommerce-product-attributes-item--attribute_pa_tipo-cinturino\"><span class=\"w-post-elm-before\">Tipo de correa<\/span><span class=\"woocommerce-product-attributes-item__value\"><br \/>\n  <a href=\"https:\/\/www.oroshopsinesi.it\/tipo-cinturino\/jubilee\/\" rel=\"tag\">Jubileo<\/a><br \/>\n<\/span><\/div>\n<div class=\"woocommerce-product-attributes-item--attribute_pa_diametro-cassa\"><span class=\"w-post-elm-before\">Di\u00e1metro de la caja<\/span><span class=\"woocommerce-product-attributes-item__value\"><br \/>\n  <a href=\"https:\/\/www.oroshopsinesi.it\/diametro-cassa\/34-mm\/\" rel=\"tag\">34 mm<\/a><br \/>\n<\/span><\/div>\n<div class=\"woocommerce-product-attributes-item--attribute_pa_brand\"><span class=\"w-post-elm-before\">Marca<\/span><span class=\"woocommerce-product-attributes-item__value\"><br \/>\n  <a href=\"https:\/\/www.oroshopsinesi.it\/brand\/mido\/\" rel=\"tag\">Mido<\/a><br \/>\n<\/span><\/div>\n<div class=\"woocommerce-product-attributes-item--attribute_pa_genere\"><span class=\"w-post-elm-before\">G\u00e9nero<\/span><span class=\"woocommerce-product-attributes-item__value\"><br \/>\n  <a href=\"https:\/\/www.oroshopsinesi.it\/genere\/donna\/\" rel=\"tag\">Mujer<\/a><br \/>\n<\/span><\/div>\n<div class=\"woocommerce-product-attributes-item--attribute_pa_confezione\"><span class=\"w-post-elm-before\">Embalaje<\/span><span class=\"woocommerce-product-attributes-item__value\"><br \/>\n  <a href=\"https:\/\/www.oroshopsinesi.it\/confezione\/originale\/\" rel=\"tag\">Original<\/a><br \/>\n<\/span><\/div>\n<div class=\"woocommerce-product-attributes-item--attribute_pa_materiale-chiusura\"><span class=\"w-post-elm-before\">Material Cierre<\/span><span class=\"woocommerce-product-attributes-item__value\"><br \/>\n  <a href=\"https:\/\/www.oroshopsinesi.it\/materiale-chiusura\/acciaio\/\" rel=\"tag\">Acero<\/a><br \/>\n<\/span><\/div>\n<div class=\"woocommerce-product-attributes-item--attribute_pa_colore-quadrante\"><span class=\"w-post-elm-before\">Color de la esfera<\/span><span class=\"woocommerce-product-attributes-item__value\"><br \/>\n  <a href=\"https:\/\/www.oroshopsinesi.it\/colore-quadrante\/rosa\/\" rel=\"tag\">Rosa<\/a><br \/>\n<\/span><\/div>\n<div class=\"woocommerce-product-attributes-item--attribute_pa_colore-cassa\"><span class=\"w-post-elm-before\">Color de la caja<\/span><span class=\"woocommerce-product-attributes-item__value\"><br \/>\n  <a href=\"https:\/\/www.oroshopsinesi.it\/colore-cassa\/argentata\/\" rel=\"tag\">Plateado<\/a><br \/>\n<\/span><\/div>\n<div class=\"woocommerce-product-attributes-item--attribute_pa_impermeabilita\"><span class=\"w-post-elm-before\">Resistencia al agua<\/span><span class=\"woocommerce-product-attributes-item__value\"><br \/>\n  <a href=\"https:\/\/www.oroshopsinesi.it\/impermeabilita\/3-atm-30m-3bar\/\" rel=\"tag\">3 ATM &#8211; 30m -3bar<\/a><br \/>\n<\/span><\/div>\n<div class=\"woocommerce-product-attributes-item--attribute_pa_materiale-cassa\"><span class=\"w-post-elm-before\">Material de la caja<\/span><span class=\"woocommerce-product-attributes-item__value\"><br \/>\n  <a href=\"https:\/\/www.oroshopsinesi.it\/materiale-cassa\/acciaio\/\" rel=\"tag\">Acero<\/a><br \/>\n<\/span><\/div>\n<div class=\"woocommerce-product-attributes-item--attribute_pa_tipologia\"><span class=\"w-post-elm-before\">Tipo<\/span><span class=\"woocommerce-product-attributes-item__value\"><a href=\"https:\/\/www.oroshopsinesi.it\/tipologia\/automatico\/\" rel=\"tag\">Autom\u00e1tico<\/a>, <a href=\"https:\/\/www.oroshopsinesi.it\/tipologia\/solo-tempo\/\" rel=\"tag\">S\u00f3lo Hora<\/a><\/span><\/div>\n<div class=\"woocommerce-product-attributes-item--attribute_pa_carica\"><span class=\"w-post-elm-before\">Cargando<\/span><span class=\"woocommerce-product-attributes-item__value\"><br \/>\n  <a href=\"https:\/\/www.oroshopsinesi.it\/carica\/automatico\/\" rel=\"tag\">Autom\u00e1tico<\/a><br \/>\n<\/span><\/div>\n<div class=\"woocommerce-product-attributes-item--attribute_pa_funzioni\"><span class=\"w-post-elm-before\">Funciones<\/span><span class=\"woocommerce-product-attributes-item__value\"><br \/>\n  <a href=\"https:\/\/www.oroshopsinesi.it\/funzioni\/datario\/\" rel=\"tag\">Visualizaci\u00f3n de la fecha<\/a><br \/>\n<\/span><\/div>\n<\/div>\n<\/div>\n<\/div>\n<\/div>\n<\/div>\n<\/div>\n","protected":false},"excerpt":{"rendered":"<p>MIDO BARONCELLI REF. M0272084126600 Adem\u00e1s de su est\u00e9tica cl\u00e1sica, el reloj Baroncelli Calibre 80 Chronometer Silicon tiene mucho que ofrecer, como agujas de doble cara y una esfera de l\u00edneas limpias. Su movimiento cron\u00f3metro autom\u00e1tico tiene una autonom\u00eda de hasta 80 horas y su precisi\u00f3n est\u00e1 optimizada por el muelle espiral de silicio. Forma de [&hellip;]<\/p>\n","protected":false},"featured_media":149313,"template":"","meta":{"_crdt_document":"","advanced_seo_description":"","jetpack_seo_html_title":"","jetpack_seo_noindex":false},"product_brand":[],"product_cat":[2940],"product_tag":[3223],"berocket_brand":[],"woo-feed-brand":[],"class_list":{"0":"post-79634","1":"product","2":"type-product","3":"status-publish","4":"has-post-thumbnail","6":"product_cat-mido-es","7":"product_tag-baroncelli-es","9":"first","10":"instock","11":"sale","12":"taxable","13":"shipping-taxable","14":"purchasable","15":"product-type-simple"},"bundled_by":[],"bundle_stock_status":"instock","bundle_stock_quantity":1,"bundle_virtual":false,"bundle_layout":"","bundle_add_to_cart_form_location":"","bundle_editable_in_cart":false,"bundle_sold_individually_context":"","bundle_item_grouping":"","bundle_min_size":"","bundle_max_size":"","bundle_price":[],"bundled_items":[],"bundle_sell_ids":[],"group_of_quantity":0,"min_quantity":0,"max_quantity":"","exclude_order_quantity_value_rules":"no","exclude_category_quantity_rules":"no","combine_variations":"no","jetpack_sharing_enabled":true,"jetpack_likes_enabled":true,"_links":{"self":[{"href":"https:\/\/watchdeluxe.it\/es\/wp-json\/wp\/v2\/product\/79634","targetHints":{"allow":["GET"]}}],"collection":[{"href":"https:\/\/watchdeluxe.it\/es\/wp-json\/wp\/v2\/product"}],"about":[{"href":"https:\/\/watchdeluxe.it\/es\/wp-json\/wp\/v2\/types\/product"}],"wp:featuredmedia":[{"embeddable":true,"href":"https:\/\/watchdeluxe.it\/es\/wp-json\/wp\/v2\/media\/149313"}],"wp:attachment":[{"href":"https:\/\/watchdeluxe.it\/es\/wp-json\/wp\/v2\/media?parent=79634"}],"wp:term":[{"taxonomy":"product_brand","embeddable":true,"href":"https:\/\/watchdeluxe.it\/es\/wp-json\/wp\/v2\/product_brand?post=79634"},{"taxonomy":"product_cat","embeddable":true,"href":"https:\/\/watchdeluxe.it\/es\/wp-json\/wp\/v2\/product_cat?post=79634"},{"taxonomy":"product_tag","embeddable":true,"href":"https:\/\/watchdeluxe.it\/es\/wp-json\/wp\/v2\/product_tag?post=79634"},{"taxonomy":"berocket_brand","embeddable":true,"href":"https:\/\/watchdeluxe.it\/es\/wp-json\/wp\/v2\/berocket_brand?post=79634"},{"taxonomy":"woo-feed-brand","embeddable":true,"href":"https:\/\/watchdeluxe.it\/es\/wp-json\/wp\/v2\/woo-feed-brand?post=79634"}],"curies":[{"name":"wp","href":"https:\/\/api.w.org\/{rel}","templated":true}]}}