{"id":79569,"date":"2023-03-17T18:36:37","date_gmt":"2023-03-17T17:36:37","guid":{"rendered":"https:\/\/watchdeluxe.it\/prodotto\/longines-elegant-collection-ref-l43125117\/"},"modified":"2026-04-02T16:50:34","modified_gmt":"2026-04-02T14:50:34","slug":"longines-elegant-collection-ref-l43125117","status":"publish","type":"product","link":"https:\/\/watchdeluxe.it\/es\/prodotto\/longines-elegant-collection-ref-l43125117\/","title":{"rendered":"LONGINES ELEGANT COLLECTION REF. L43125117"},"content":{"rendered":"<p>LONGINES ELEGANT COLLECTION REF. L43125117<\/p>\n<p>EFECTIVO<\/p>\n<div id=\"product-accordion-panel-0\" class=\"lg-product__accordion-panel active\" role=\"region\" aria-hidden=\"false\" aria-labelledby=\"product-accordion-title-0\">\n<div class=\"lg-product__accordion-content\">\n<div class=\"additional-attributes-wrapper\">\n<div><strong>Forma <\/strong>redonda<\/div>\n<div><strong>Material <\/strong>Acero con eslab\u00f3n central revestido de oro rosa de 18 quilates, 200 micras<\/div>\n<div><strong>Cristal <\/strong>Cristal de zafiro resistente a los ara\u00f1azos con tratamiento antirreflejos multicapa en ambas caras<\/div>\n<div><strong>Fondo <\/strong>de cristal de zafiro transparente<\/div>\n<div><strong>Dimensiones <\/strong>\u00d8 34,50 mm<\/div>\n<div><strong>Distancia entre orejetas <\/strong>19 mm<\/div>\n<div><strong>Grosor <\/strong>9,75 mm<\/div>\n<div><strong>Resistente al <\/strong>agua Resistente al agua hasta 3 bar<\/div>\n<div><strong>Peso <\/strong>97,8 g<\/div>\n<div><\/div>\n<div>QUADRANT<\/div>\n<div>\n<div id=\"product-accordion-panel-1\" class=\"lg-product__accordion-panel active\" style=\"height: auto;\" role=\"region\" aria-hidden=\"false\" aria-labelledby=\"product-accordion-title-1\">\n<div class=\"lg-product__accordion-content\">\n<div class=\"additional-attributes-wrapper\">\n<div><strong>Color de la esfera <\/strong>Blanco mate<\/div>\n<div><strong>Vuelta de las <\/strong>horas N\u00fameros romanos pintados<\/div>\n<div><strong>Manos <\/strong>Manos rosas<\/div>\n<div><\/div>\n<div>MOVIMIENTO<\/div>\n<div>\n<div id=\"product-accordion-panel-2\" class=\"lg-product__accordion-panel active\" style=\"height: auto;\" role=\"region\" aria-hidden=\"false\" aria-labelledby=\"product-accordion-title-2\">\n<div class=\"lg-product__accordion-content\">\n<div class=\"additional-attributes-wrapper\">\n<div><strong>Tipo de movimiento <\/strong>Autom\u00e1tico<\/div>\n<div><strong>Calibre <\/strong>L891<\/div>\n<div><strong>Descripci\u00f3n <\/strong>del movimiento Movimiento mec\u00e1nico de cuerda autom\u00e1tica con una frecuencia de 25.200 alternancias por hora y una reserva de marcha de aproximadamente 72 horas.<\/div>\n<div>Horas, minutos, segundero peque\u00f1o a las 6 y <strong>funci\u00f3n de <\/strong>fecha<\/div>\n<div><strong>Calibre de fabricaci\u00f3n exclusiva Longines <\/strong>S\u00ed<\/div>\n<div><\/div>\n<div>CINTUR\u00d3N<\/div>\n<div>\n<div id=\"product-accordion-panel-3\" class=\"lg-product__accordion-panel active\" style=\"height: auto;\" role=\"region\" aria-hidden=\"false\" aria-labelledby=\"product-accordion-title-3\">\n<div class=\"lg-product__accordion-content\">\n<div class=\"additional-attributes-wrapper\">\n<div><strong>Material <\/strong>Acero con eslab\u00f3n central revestido de oro rosa de 18 quilates, 200 micras<\/div>\n<div><strong>Hebilla <\/strong>Con triple cierre desplegable de seguridad y mecanismo de apertura push-pull<\/div>\n<\/div>\n<\/div>\n<\/div>\n<\/div>\n<\/div>\n<\/div>\n<\/div>\n<\/div>\n<\/div>\n<\/div>\n<\/div>\n<\/div>\n<\/div>\n<\/div>\n<\/div>\n","protected":false},"excerpt":{"rendered":"<p>LONGINES ELEGANT COLLECTION REF. L43125117 EFECTIVO Forma redonda Material Acero con eslab\u00f3n central revestido de oro rosa de 18 quilates, 200 micras Cristal Cristal de zafiro resistente a los ara\u00f1azos con tratamiento antirreflejos multicapa en ambas caras Fondo de cristal de zafiro transparente Dimensiones \u00d8 34,50 mm Distancia entre orejetas 19 mm Grosor 9,75 mm [&hellip;]<\/p>\n","protected":false},"featured_media":20106,"template":"","meta":{"_crdt_document":"","advanced_seo_description":"","jetpack_seo_html_title":"","jetpack_seo_noindex":false,"jetpack_post_was_ever_published":false},"product_brand":[],"product_cat":[2187],"product_tag":[2416],"berocket_brand":[],"woo-feed-brand":[],"class_list":{"0":"post-79569","1":"product","2":"type-product","3":"status-publish","4":"has-post-thumbnail","6":"product_cat-longines-es","7":"product_tag-conquista","9":"first","10":"instock","11":"sale","12":"taxable","13":"shipping-taxable","14":"purchasable","15":"product-type-simple"},"bundled_by":[],"bundle_stock_status":"instock","bundle_stock_quantity":1,"bundle_virtual":false,"bundle_layout":"","bundle_add_to_cart_form_location":"","bundle_editable_in_cart":false,"bundle_sold_individually_context":"","bundle_item_grouping":"","bundle_min_size":"","bundle_max_size":"","bundle_price":[],"bundled_items":[],"bundle_sell_ids":[],"group_of_quantity":0,"min_quantity":0,"max_quantity":"","exclude_order_quantity_value_rules":"no","exclude_category_quantity_rules":"no","combine_variations":"no","exclude_global_add_ons":[],"addons":[],"jetpack_sharing_enabled":true,"jetpack_likes_enabled":true,"_links":{"self":[{"href":"https:\/\/watchdeluxe.it\/es\/wp-json\/wp\/v2\/product\/79569","targetHints":{"allow":["GET"]}}],"collection":[{"href":"https:\/\/watchdeluxe.it\/es\/wp-json\/wp\/v2\/product"}],"about":[{"href":"https:\/\/watchdeluxe.it\/es\/wp-json\/wp\/v2\/types\/product"}],"wp:featuredmedia":[{"embeddable":true,"href":"https:\/\/watchdeluxe.it\/es\/wp-json\/wp\/v2\/media\/20106"}],"wp:attachment":[{"href":"https:\/\/watchdeluxe.it\/es\/wp-json\/wp\/v2\/media?parent=79569"}],"wp:term":[{"taxonomy":"product_brand","embeddable":true,"href":"https:\/\/watchdeluxe.it\/es\/wp-json\/wp\/v2\/product_brand?post=79569"},{"taxonomy":"product_cat","embeddable":true,"href":"https:\/\/watchdeluxe.it\/es\/wp-json\/wp\/v2\/product_cat?post=79569"},{"taxonomy":"product_tag","embeddable":true,"href":"https:\/\/watchdeluxe.it\/es\/wp-json\/wp\/v2\/product_tag?post=79569"},{"taxonomy":"berocket_brand","embeddable":true,"href":"https:\/\/watchdeluxe.it\/es\/wp-json\/wp\/v2\/berocket_brand?post=79569"},{"taxonomy":"woo-feed-brand","embeddable":true,"href":"https:\/\/watchdeluxe.it\/es\/wp-json\/wp\/v2\/woo-feed-brand?post=79569"}],"curies":[{"name":"wp","href":"https:\/\/api.w.org\/{rel}","templated":true}]}}