{"id":79562,"date":"2023-03-17T18:36:37","date_gmt":"2023-03-17T17:36:37","guid":{"rendered":"https:\/\/watchdeluxe.it\/prodotto\/longines-conquest-v-h-p-ref-l37294566\/"},"modified":"2026-04-29T15:51:09","modified_gmt":"2026-04-29T13:51:09","slug":"longines-conquest-v-h-p-ref-l37294566","status":"publish","type":"product","link":"https:\/\/watchdeluxe.it\/es\/prodotto\/longines-conquest-v-h-p-ref-l37294566\/","title":{"rendered":"LONGINES CONQUEST V.H.P. REF. L37294566"},"content":{"rendered":"<p>LONGINES CONQUEST V.H.P. REF. L37294566<\/p>\n<div class=\"sw-spec\">\n<div class=\"sw-spec__group\">\n<p class=\"sw-spec__groupTitle\">Informaci\u00f3n<\/p>\n<ul>\n<li><label>Marca<\/label>\n<div><a href=\"https:\/\/yourwatches.it\/longines\/\">Longines<\/a><\/div>\n<\/li>\n<li><label>Serie<\/label>\n<div><a href=\"https:\/\/yourwatches.it\/longines\/longines-conquest\/\">Longines Conquest<\/a><\/div>\n<\/li>\n<li><label>Modelo<\/label>\n<div>L37294566<\/div>\n<\/li>\n<li><label>G\u00e9nero<\/label>\n<div>Hombre<\/div>\n<\/li>\n<li><label>Producto<\/label>\n<div>&#8211;<\/div>\n<\/li>\n<\/ul>\n<\/div>\n<div class=\"sw-spec__group\">\n<p class=\"sw-spec__groupTitle\">Marque<\/p>\n<ul>\n<li><label>Tipo<\/label>\n<div>&#8211;<\/div>\n<\/li>\n<li><label>Color<\/label>\n<div>Negro<\/div>\n<\/li>\n<li><label>Acabado<\/label>\n<div>&#8211;<\/div>\n<\/li>\n<li><label>\u00cdndices<\/label>\n<div>\u00cdndices<\/div>\n<\/li>\n<li><label>Esferas<\/label>\n<div>Plateado luminoso<\/div>\n<\/li>\n<\/ul>\n<\/div>\n<div class=\"sw-spec__group\">\n<p class=\"sw-spec__groupTitle\">Caso<\/p>\n<ul>\n<li><label>Material<\/label>\n<div>Acero inoxidable<\/div>\n<\/li>\n<li><label>Cristal<\/label>\n<div>Zafiro<\/div>\n<\/li>\n<li><label>Retro<\/label>\n<div>completo<\/div>\n<\/li>\n<li><label>Formulario<\/label>\n<div>Tonda<\/div>\n<\/li>\n<li><label>Di\u00e1metro<\/label>\n<div>43 mm<\/div>\n<\/li>\n<li><label>Altura<\/label>\n<div>&#8211;<\/div>\n<\/li>\n<li><label>Anchura Ansa<\/label>\n<div>22 mm<\/div>\n<\/li>\n<\/ul>\n<\/div>\n<div class=\"sw-spec__group\">\n<p class=\"sw-spec__groupTitle\">Movimiento<\/p>\n<ul>\n<li><label>Calibre<\/label>\n<div>&#8211;<\/div>\n<\/li>\n<li><label>Tipo<\/label>\n<div>Cuarzo<\/div>\n<\/li>\n<li><label>Di\u00e1metro<\/label>\n<div>&#8211;<\/div>\n<\/li>\n<li><label>Rub\u00edes<\/label>\n<div>&#8211;<\/div>\n<\/li>\n<li><label>Reserva<\/label>\n<div>&#8211;<\/div>\n<\/li>\n<li><label>Frecuencia<\/label>\n<div>&#8211;<\/div>\n<\/li>\n<\/ul>\n<\/div>\n<div class=\"sw-spec__group\">\n<p class=\"sw-spec__groupTitle\">Correa<\/p>\n<ul>\n<li><label>Material<\/label>\n<div>Acero inoxidable<\/div>\n<\/li>\n<\/ul>\n<\/div>\n<div class=\"sw-spec__group\">\n<p class=\"sw-spec__groupTitle\">Caracter\u00edsticas<\/p>\n<ul>\n<li><label>Resistente al agua<\/label>\n<div>50 m<\/div>\n<\/li>\n<li><label>Caracter\u00edsticas<\/label>\n<div>Cer\u00e1mica, acero inoxidable<\/div>\n<\/li>\n<\/ul>\n<\/div>\n<\/div>\n","protected":false},"excerpt":{"rendered":"<p>LONGINES CONQUEST V.H.P. REF. L37294566 Informaci\u00f3n Marca Longines Serie Longines Conquest Modelo L37294566 G\u00e9nero Hombre Producto &#8211; Marque Tipo &#8211; Color Negro Acabado &#8211; \u00cdndices \u00cdndices Esferas Plateado luminoso Caso Material Acero inoxidable Cristal Zafiro Retro completo Formulario Tonda Di\u00e1metro 43 mm Altura &#8211; Anchura Ansa 22 mm Movimiento Calibre &#8211; Tipo Cuarzo Di\u00e1metro &#8211; [&hellip;]<\/p>\n","protected":false},"featured_media":180843,"template":"","meta":{"_crdt_document":"","advanced_seo_description":"","jetpack_seo_html_title":"","jetpack_seo_noindex":false},"product_brand":[],"product_cat":[2187],"product_tag":[2416],"berocket_brand":[],"woo-feed-brand":[],"class_list":{"0":"post-79562","1":"product","2":"type-product","3":"status-publish","4":"has-post-thumbnail","6":"product_cat-longines-es","7":"product_tag-conquista","9":"first","10":"instock","11":"sale","12":"taxable","13":"shipping-taxable","14":"purchasable","15":"product-type-simple"},"bundled_by":[],"bundle_stock_status":"instock","bundle_stock_quantity":1,"bundle_virtual":false,"bundle_layout":"","bundle_add_to_cart_form_location":"","bundle_editable_in_cart":false,"bundle_sold_individually_context":"","bundle_item_grouping":"","bundle_min_size":"","bundle_max_size":"","bundle_price":[],"bundled_items":[],"bundle_sell_ids":[],"group_of_quantity":0,"min_quantity":0,"max_quantity":"","exclude_order_quantity_value_rules":"no","exclude_category_quantity_rules":"no","combine_variations":"no","jetpack_sharing_enabled":true,"jetpack_likes_enabled":true,"_links":{"self":[{"href":"https:\/\/watchdeluxe.it\/es\/wp-json\/wp\/v2\/product\/79562","targetHints":{"allow":["GET"]}}],"collection":[{"href":"https:\/\/watchdeluxe.it\/es\/wp-json\/wp\/v2\/product"}],"about":[{"href":"https:\/\/watchdeluxe.it\/es\/wp-json\/wp\/v2\/types\/product"}],"wp:featuredmedia":[{"embeddable":true,"href":"https:\/\/watchdeluxe.it\/es\/wp-json\/wp\/v2\/media\/180843"}],"wp:attachment":[{"href":"https:\/\/watchdeluxe.it\/es\/wp-json\/wp\/v2\/media?parent=79562"}],"wp:term":[{"taxonomy":"product_brand","embeddable":true,"href":"https:\/\/watchdeluxe.it\/es\/wp-json\/wp\/v2\/product_brand?post=79562"},{"taxonomy":"product_cat","embeddable":true,"href":"https:\/\/watchdeluxe.it\/es\/wp-json\/wp\/v2\/product_cat?post=79562"},{"taxonomy":"product_tag","embeddable":true,"href":"https:\/\/watchdeluxe.it\/es\/wp-json\/wp\/v2\/product_tag?post=79562"},{"taxonomy":"berocket_brand","embeddable":true,"href":"https:\/\/watchdeluxe.it\/es\/wp-json\/wp\/v2\/berocket_brand?post=79562"},{"taxonomy":"woo-feed-brand","embeddable":true,"href":"https:\/\/watchdeluxe.it\/es\/wp-json\/wp\/v2\/woo-feed-brand?post=79562"}],"curies":[{"name":"wp","href":"https:\/\/api.w.org\/{rel}","templated":true}]}}