{"id":79266,"date":"2023-03-16T11:36:39","date_gmt":"2023-03-16T10:36:39","guid":{"rendered":"https:\/\/watchdeluxe.it\/prodotto\/hamilton-open-heart-lady-ref-h32215190\/"},"modified":"2026-04-07T15:43:48","modified_gmt":"2026-04-07T13:43:48","slug":"hamilton-open-heart-lady-auto-ref-h32215190","status":"publish","type":"product","link":"https:\/\/watchdeluxe.it\/es\/prodotto\/hamilton-open-heart-lady-auto-ref-h32215190\/","title":{"rendered":"HAMILTON OPEN HEART LADY REF. H32215190"},"content":{"rendered":"<p>HAMILTON OPEN HEART LADY AUTO REF. H32215190<\/p>\n<h3 class=\"product-description\" role=\"Presentation\">La Jazzmaster Open Heart de 36 mm es una mezcla perfecta de sofisticaci\u00f3n contempor\u00e1nea y artesan\u00eda excepcional. El dise\u00f1o perforado con precisi\u00f3n nos permite admirar el movimiento autom\u00e1tico Hamilton de fabricaci\u00f3n suiza en acci\u00f3n mientras marca el tiempo y acompa\u00f1a cada momento importante de nuestras vidas. Las m\u00faltiples combinaciones de esferas y correas fabricadas con materiales de alta calidad ofrecen a la mujer moderna una amplia selecci\u00f3n.<\/h3>\n<ul>\n<li class=\"col col-1-2-m watch\">\n<h4 aria-level=\"2\">Reloj<\/h4>\n<p>Referencia : H32215190<br \/>\nCalibre : H-10<br \/>\nColecci\u00f3n: Jazzmaster<br \/>\nMovimiento : Autom\u00e1tico<br \/>\nDimensiones de la caja: 36 mm<br \/>\nColor de la esfera: N\u00e1car<br \/>\nMaterial de la caja : Acero<br \/>\nCristal : Zafiro<br \/>\nAnchura del bucle: 18 mm<br \/>\nReserva de marcha : 80 horas de reserva de marcha<br \/>\nResistencia al agua: 5 bares (50 m)<br \/>\nAntirreflejos : S\u00ed<br \/>\nDorso visible : S\u00ed<\/li>\n<li class=\"col col-1-2-m strap\">\n<h4 aria-level=\"2\">Pulsera\/Correa<\/h4>\n<p>Accesorio REF : H605.324.105<br \/>\nTipo de correa : Acero<br \/>\nTipo de hebilla : Mariposa<br \/>\nAncho de la hebilla : 16mm<\/li>\n<li class=\"col col-1-2-m strap\">\n<div class=\"col-1-2-m\">\n<h4 aria-level=\"2\">H-10<\/h4>\n<p>El H-10, un movimiento de tres agujas con fecha y una reserva de marcha superior de 80 horas, presenta elaborados motivos de colima\u00e7on y perlas en contraste para los modelos American Classic y superficies limpias para los relojes de piloto.<\/p>\n<\/div>\n<\/li>\n<\/ul>\n","protected":false},"excerpt":{"rendered":"<p>HAMILTON OPEN HEART LADY AUTO REF. H32215190 La Jazzmaster Open Heart de 36 mm es una mezcla perfecta de sofisticaci\u00f3n contempor\u00e1nea y artesan\u00eda excepcional. El dise\u00f1o perforado con precisi\u00f3n nos permite admirar el movimiento autom\u00e1tico Hamilton de fabricaci\u00f3n suiza en acci\u00f3n mientras marca el tiempo y acompa\u00f1a cada momento importante de nuestras vidas. Las m\u00faltiples [&hellip;]<\/p>\n","protected":false},"featured_media":172059,"template":"","meta":{"_crdt_document":"","advanced_seo_description":"","jetpack_seo_html_title":"","jetpack_seo_noindex":false},"product_brand":[],"product_cat":[2309],"product_tag":[2812],"berocket_brand":[],"woo-feed-brand":[],"class_list":{"0":"post-79266","1":"product","2":"type-product","3":"status-publish","4":"has-post-thumbnail","6":"product_cat-hamilton-es","7":"product_tag-corazon-abierto","9":"first","10":"instock","11":"taxable","12":"shipping-taxable","13":"purchasable","14":"product-type-simple"},"bundled_by":[],"bundle_stock_status":"instock","bundle_stock_quantity":1,"bundle_virtual":false,"bundle_layout":"","bundle_add_to_cart_form_location":"","bundle_editable_in_cart":false,"bundle_sold_individually_context":"","bundle_item_grouping":"","bundle_min_size":"","bundle_max_size":"","bundle_price":[],"bundled_items":[],"bundle_sell_ids":[],"group_of_quantity":0,"min_quantity":0,"max_quantity":"","exclude_order_quantity_value_rules":"no","exclude_category_quantity_rules":"no","combine_variations":"no","exclude_global_add_ons":[],"addons":[],"jetpack_sharing_enabled":true,"jetpack_likes_enabled":true,"_links":{"self":[{"href":"https:\/\/watchdeluxe.it\/es\/wp-json\/wp\/v2\/product\/79266","targetHints":{"allow":["GET"]}}],"collection":[{"href":"https:\/\/watchdeluxe.it\/es\/wp-json\/wp\/v2\/product"}],"about":[{"href":"https:\/\/watchdeluxe.it\/es\/wp-json\/wp\/v2\/types\/product"}],"wp:featuredmedia":[{"embeddable":true,"href":"https:\/\/watchdeluxe.it\/es\/wp-json\/wp\/v2\/media\/172059"}],"wp:attachment":[{"href":"https:\/\/watchdeluxe.it\/es\/wp-json\/wp\/v2\/media?parent=79266"}],"wp:term":[{"taxonomy":"product_brand","embeddable":true,"href":"https:\/\/watchdeluxe.it\/es\/wp-json\/wp\/v2\/product_brand?post=79266"},{"taxonomy":"product_cat","embeddable":true,"href":"https:\/\/watchdeluxe.it\/es\/wp-json\/wp\/v2\/product_cat?post=79266"},{"taxonomy":"product_tag","embeddable":true,"href":"https:\/\/watchdeluxe.it\/es\/wp-json\/wp\/v2\/product_tag?post=79266"},{"taxonomy":"berocket_brand","embeddable":true,"href":"https:\/\/watchdeluxe.it\/es\/wp-json\/wp\/v2\/berocket_brand?post=79266"},{"taxonomy":"woo-feed-brand","embeddable":true,"href":"https:\/\/watchdeluxe.it\/es\/wp-json\/wp\/v2\/woo-feed-brand?post=79266"}],"curies":[{"name":"wp","href":"https:\/\/api.w.org\/{rel}","templated":true}]}}