{"id":79201,"date":"2024-06-05T17:13:37","date_gmt":"2024-06-05T15:13:37","guid":{"rendered":"https:\/\/watchdeluxe.it\/prodotto\/hublot-big-bang-spirit-titanio-ceramica-42-mm-ref-642-nm-0170-rx\/"},"modified":"2024-06-05T17:13:49","modified_gmt":"2024-06-05T15:13:49","slug":"hublot-big-bang-spirit-titanium-ceramic-42-mm-ref-642-nm-0170-rx","status":"publish","type":"product","link":"https:\/\/watchdeluxe.it\/es\/prodotto\/hublot-big-bang-spirit-titanium-ceramic-42-mm-ref-642-nm-0170-rx\/","title":{"rendered":"Hublot Big Bang Spirit Titanio Cer\u00e1mica 42 Mm Ref. 642.Nm.0170.Rx"},"content":{"rendered":"<p>Hublot Big Bang Spirit Titanio Cer\u00e1mica 42 Mm Ref. 642.Nm.0170.Rx<\/p>\n<table class=\"data-table\">\n<tbody>\n<tr class=\"odd\">\n<td class=\"spec-name\">Marca<\/td>\n<td class=\"spec-value\">Hublot<\/td>\n<\/tr>\n<tr class=\"even\">\n<td class=\"spec-name\">L\u00ednea<\/td>\n<td class=\"spec-value\">BIG BANG<\/td>\n<\/tr>\n<tr class=\"odd\">\n<td class=\"spec-name\">Modelo<\/td>\n<td class=\"spec-value\">ESP\u00cdRITU BIG BANG<\/td>\n<\/tr>\n<tr class=\"even\">\n<td class=\"spec-name\">Complicaci\u00f3n<\/td>\n<td class=\"spec-value\">CRON\u00d3GRAFO<\/td>\n<\/tr>\n<tr class=\"odd\">\n<td class=\"spec-name\">Movimiento<\/td>\n<td class=\"spec-value\">AUTOM\u00c1TICO<\/td>\n<\/tr>\n<tr class=\"even\">\n<td class=\"spec-name\">Fechador<\/td>\n<td class=\"spec-value\">DATOS<\/td>\n<\/tr>\n<tr class=\"odd\">\n<td class=\"spec-name\">Formulario<\/td>\n<td class=\"spec-value\">SHAPE<\/td>\n<\/tr>\n<tr class=\"even\">\n<td class=\"spec-name\">Talla<\/td>\n<td class=\"spec-value\">42 MM<\/td>\n<\/tr>\n<tr class=\"odd\">\n<td class=\"spec-name\">Material del malet\u00edn<\/td>\n<td class=\"spec-value\">Cer\u00e1mica de titanio<\/td>\n<\/tr>\n<tr class=\"even\">\n<td class=\"spec-name\">Marque<\/td>\n<td class=\"spec-value\">Zafiro<\/td>\n<\/tr>\n<tr class=\"odd\">\n<td class=\"spec-name\">Correa<\/td>\n<td class=\"spec-value\">CAUCCIU<\/td>\n<\/tr>\n<tr class=\"even\">\n<td class=\"spec-name\">Impermeable<\/td>\n<td class=\"spec-value\">100 M<\/td>\n<\/tr>\n<\/tbody>\n<\/table>\n","protected":false},"excerpt":{"rendered":"<p>Hublot Big Bang Spirit Titanio Cer\u00e1mica 42 Mm Ref. 642.Nm.0170.Rx Marca Hublot L\u00ednea BIG BANG Modelo ESP\u00cdRITU BIG BANG Complicaci\u00f3n CRON\u00d3GRAFO Movimiento AUTOM\u00c1TICO Fechador DATOS Formulario SHAPE Talla 42 MM Material del malet\u00edn Cer\u00e1mica de titanio Marque Zafiro Correa CAUCCIU Impermeable 100 M<\/p>\n","protected":false},"featured_media":84482,"template":"","meta":{"_crdt_document":"","advanced_seo_description":"","jetpack_seo_html_title":"","jetpack_seo_noindex":false,"jetpack_post_was_ever_published":true},"product_brand":[],"product_cat":[2225],"product_tag":[],"berocket_brand":[],"woo-feed-brand":[],"class_list":{"0":"post-79201","1":"product","2":"type-product","3":"status-publish","4":"has-post-thumbnail","6":"product_cat-hublot-es","8":"first","9":"outofstock","10":"sale","11":"taxable","12":"shipping-taxable","13":"purchasable","14":"product-type-simple"},"bundled_by":[],"bundle_stock_status":"outofstock","bundle_stock_quantity":0,"bundle_virtual":false,"bundle_layout":"","bundle_add_to_cart_form_location":"","bundle_editable_in_cart":false,"bundle_sold_individually_context":"","bundle_item_grouping":"","bundle_min_size":"","bundle_max_size":"","bundle_price":[],"bundled_items":[],"bundle_sell_ids":[],"group_of_quantity":0,"min_quantity":0,"max_quantity":"","exclude_order_quantity_value_rules":"no","exclude_category_quantity_rules":"no","combine_variations":"no","exclude_global_add_ons":[],"addons":[],"jetpack_sharing_enabled":true,"jetpack_likes_enabled":true,"_links":{"self":[{"href":"https:\/\/watchdeluxe.it\/es\/wp-json\/wp\/v2\/product\/79201","targetHints":{"allow":["GET"]}}],"collection":[{"href":"https:\/\/watchdeluxe.it\/es\/wp-json\/wp\/v2\/product"}],"about":[{"href":"https:\/\/watchdeluxe.it\/es\/wp-json\/wp\/v2\/types\/product"}],"wp:featuredmedia":[{"embeddable":true,"href":"https:\/\/watchdeluxe.it\/es\/wp-json\/wp\/v2\/media\/84482"}],"wp:attachment":[{"href":"https:\/\/watchdeluxe.it\/es\/wp-json\/wp\/v2\/media?parent=79201"}],"wp:term":[{"taxonomy":"product_brand","embeddable":true,"href":"https:\/\/watchdeluxe.it\/es\/wp-json\/wp\/v2\/product_brand?post=79201"},{"taxonomy":"product_cat","embeddable":true,"href":"https:\/\/watchdeluxe.it\/es\/wp-json\/wp\/v2\/product_cat?post=79201"},{"taxonomy":"product_tag","embeddable":true,"href":"https:\/\/watchdeluxe.it\/es\/wp-json\/wp\/v2\/product_tag?post=79201"},{"taxonomy":"berocket_brand","embeddable":true,"href":"https:\/\/watchdeluxe.it\/es\/wp-json\/wp\/v2\/berocket_brand?post=79201"},{"taxonomy":"woo-feed-brand","embeddable":true,"href":"https:\/\/watchdeluxe.it\/es\/wp-json\/wp\/v2\/woo-feed-brand?post=79201"}],"curies":[{"name":"wp","href":"https:\/\/api.w.org\/{rel}","templated":true}]}}