{"id":79162,"date":"2023-03-17T16:09:29","date_gmt":"2023-03-17T15:09:29","guid":{"rendered":"https:\/\/watchdeluxe.it\/prodotto\/hublot-big-bang-integral-titanio-42-mm-ref-451-nx-1170-nx\/"},"modified":"2026-04-02T17:10:19","modified_gmt":"2026-04-02T15:10:19","slug":"hublot-big-bang-integral-titanium-42-mm-ref-451-nx-1170-nx","status":"publish","type":"product","link":"https:\/\/watchdeluxe.it\/es\/prodotto\/hublot-big-bang-integral-titanium-42-mm-ref-451-nx-1170-nx\/","title":{"rendered":"HUBLOT BIG BANG INTEGRAL TITANIO 42 MM REF. 451.NX.1170.NX"},"content":{"rendered":"<table class=\"data-table\" data-mce-fragment=\"1\">\n<tbody data-mce-fragment=\"1\">\n<tr class=\"odd\" data-mce-fragment=\"1\">\n<td class=\"spec-name\" data-mce-fragment=\"1\">Marca<\/td>\n<td class=\"spec-value\" data-mce-fragment=\"1\">Hublot<\/td>\n<\/tr>\n<tr class=\"even\" data-mce-fragment=\"1\">\n<td class=\"spec-name\" data-mce-fragment=\"1\">L\u00ednea<\/td>\n<td class=\"spec-value\" data-mce-fragment=\"1\">BIG BANG<\/td>\n<\/tr>\n<tr class=\"odd\" data-mce-fragment=\"1\">\n<td class=\"spec-name\" data-mce-fragment=\"1\">Modelo<\/td>\n<td class=\"spec-value\" data-mce-fragment=\"1\">BIG BANG UNICO<\/td>\n<\/tr>\n<tr class=\"even\" data-mce-fragment=\"1\">\n<td class=\"spec-name\" data-mce-fragment=\"1\">Complicaci\u00f3n<\/td>\n<td class=\"spec-value\" data-mce-fragment=\"1\">CRON\u00d3GRAFO FLYBACK<\/td>\n<\/tr>\n<tr class=\"odd\" data-mce-fragment=\"1\">\n<td class=\"spec-name\" data-mce-fragment=\"1\">Movimiento<\/td>\n<td class=\"spec-value\" data-mce-fragment=\"1\">AUTOM\u00c1TICO<\/td>\n<\/tr>\n<tr class=\"even\" data-mce-fragment=\"1\">\n<td class=\"spec-name\" data-mce-fragment=\"1\">Fechador<\/td>\n<td class=\"spec-value\" data-mce-fragment=\"1\">FECHA<\/td>\n<\/tr>\n<tr class=\"odd\" data-mce-fragment=\"1\">\n<td class=\"spec-name\" data-mce-fragment=\"1\">Forma<\/td>\n<td class=\"spec-value\" data-mce-fragment=\"1\">REDONDA<\/td>\n<\/tr>\n<tr class=\"even\" data-mce-fragment=\"1\">\n<td class=\"spec-name\" data-mce-fragment=\"1\">Tama\u00f1o<\/td>\n<td class=\"spec-value\" data-mce-fragment=\"1\">42 MM<\/td>\n<\/tr>\n<tr class=\"odd\" data-mce-fragment=\"1\">\n<td class=\"spec-name\" data-mce-fragment=\"1\">Material<\/td>\n<td class=\"spec-value\" data-mce-fragment=\"1\">Titanio<\/td>\n<\/tr>\n<tr class=\"even\" data-mce-fragment=\"1\">\n<td class=\"spec-name\" data-mce-fragment=\"1\">Marca<\/td>\n<td class=\"spec-value\" data-mce-fragment=\"1\">ESQUELETRADO<\/td>\n<\/tr>\n<tr class=\"odd\" data-mce-fragment=\"1\">\n<td class=\"spec-name\" data-mce-fragment=\"1\">Pulsera<\/td>\n<td class=\"spec-value\" data-mce-fragment=\"1\">TITANIO<\/td>\n<\/tr>\n<tr class=\"even\" data-mce-fragment=\"1\">\n<td class=\"spec-name\" data-mce-fragment=\"1\">Resistencia al agua<\/td>\n<td class=\"spec-value\" data-mce-fragment=\"1\">100 M<\/td>\n<\/tr>\n<\/tbody>\n<\/table>\n","protected":false},"excerpt":{"rendered":"<p>Marca Hublot L\u00ednea BIG BANG Modelo BIG BANG UNICO Complicaci\u00f3n CRON\u00d3GRAFO FLYBACK Movimiento AUTOM\u00c1TICO Fechador FECHA Forma REDONDA Tama\u00f1o 42 MM Material Titanio Marca ESQUELETRADO Pulsera TITANIO Resistencia al agua 100 M<\/p>\n","protected":false},"featured_media":155457,"template":"","meta":{"_crdt_document":"","advanced_seo_description":"","jetpack_seo_html_title":"","jetpack_seo_noindex":false},"product_brand":[],"product_cat":[2225],"product_tag":[2514],"berocket_brand":[],"woo-feed-brand":[],"class_list":{"0":"post-79162","1":"product","2":"type-product","3":"status-publish","4":"has-post-thumbnail","6":"product_cat-hublot-es","7":"product_tag-big-bang-es","9":"first","10":"instock","11":"sale","12":"taxable","13":"shipping-taxable","14":"purchasable","15":"product-type-simple"},"bundled_by":[],"bundle_stock_status":"instock","bundle_stock_quantity":1,"bundle_virtual":false,"bundle_layout":"","bundle_add_to_cart_form_location":"","bundle_editable_in_cart":false,"bundle_sold_individually_context":"","bundle_item_grouping":"","bundle_min_size":"","bundle_max_size":"","bundle_price":[],"bundled_items":[],"bundle_sell_ids":[],"group_of_quantity":0,"min_quantity":0,"max_quantity":"","exclude_order_quantity_value_rules":"no","exclude_category_quantity_rules":"no","combine_variations":"no","jetpack_sharing_enabled":true,"jetpack_likes_enabled":true,"_links":{"self":[{"href":"https:\/\/watchdeluxe.it\/es\/wp-json\/wp\/v2\/product\/79162","targetHints":{"allow":["GET"]}}],"collection":[{"href":"https:\/\/watchdeluxe.it\/es\/wp-json\/wp\/v2\/product"}],"about":[{"href":"https:\/\/watchdeluxe.it\/es\/wp-json\/wp\/v2\/types\/product"}],"wp:featuredmedia":[{"embeddable":true,"href":"https:\/\/watchdeluxe.it\/es\/wp-json\/wp\/v2\/media\/155457"}],"wp:attachment":[{"href":"https:\/\/watchdeluxe.it\/es\/wp-json\/wp\/v2\/media?parent=79162"}],"wp:term":[{"taxonomy":"product_brand","embeddable":true,"href":"https:\/\/watchdeluxe.it\/es\/wp-json\/wp\/v2\/product_brand?post=79162"},{"taxonomy":"product_cat","embeddable":true,"href":"https:\/\/watchdeluxe.it\/es\/wp-json\/wp\/v2\/product_cat?post=79162"},{"taxonomy":"product_tag","embeddable":true,"href":"https:\/\/watchdeluxe.it\/es\/wp-json\/wp\/v2\/product_tag?post=79162"},{"taxonomy":"berocket_brand","embeddable":true,"href":"https:\/\/watchdeluxe.it\/es\/wp-json\/wp\/v2\/berocket_brand?post=79162"},{"taxonomy":"woo-feed-brand","embeddable":true,"href":"https:\/\/watchdeluxe.it\/es\/wp-json\/wp\/v2\/woo-feed-brand?post=79162"}],"curies":[{"name":"wp","href":"https:\/\/api.w.org\/{rel}","templated":true}]}}