{"id":79119,"date":"2023-03-17T15:30:38","date_gmt":"2023-03-17T14:30:38","guid":{"rendered":"https:\/\/watchdeluxe.it\/prodotto\/hublot-big-bang-unico-rey-oro-azul-ref-411-ox-5189-rx\/"},"modified":"2026-04-02T17:12:47","modified_gmt":"2026-04-02T15:12:47","slug":"hublot-big-bang-unico-king-gold-blue-ref-411-ox-5189-rx","status":"publish","type":"product","link":"https:\/\/watchdeluxe.it\/es\/prodotto\/hublot-big-bang-unico-king-gold-blue-ref-411-ox-5189-rx\/","title":{"rendered":"Hublot BIG BANG UNICO REY ORO AZUL ref. 411.OX.5189.RX"},"content":{"rendered":"<p>Hublot BIG BANG UNICO REY ORO AZUL ref. 411.OX.5189.RX<\/p>\n<table class=\"shop_attributes\">\n<tbody>\n<tr>\n<th>Marca<\/th>\n<td class=\"product_dimensions\"><a href=\"https:\/\/luxwatch.it\/orologi\/marche\/hublot\/\"> Hublot<\/a><\/td>\n<\/tr>\n<tr>\n<th>Colecci\u00f3n<\/th>\n<td class=\"product_collezione\"><a href=\"https:\/\/luxwatch.it\/orologi\/marche\/hublot\/big-bang\/\"> Big Bang<\/a><\/td>\n<\/tr>\n<tr>\n<th>Referencia<\/th>\n<td class=\"product_dimensions\">411.OX.5189.RX<\/td>\n<\/tr>\n<tr>\n<th>Forma<\/th>\n<td>Redondo<\/td>\n<\/tr>\n<tr>\n<th>G\u00e9nero<\/th>\n<td><a href=\"https:\/\/luxwatch.it\/orologi\/sesso\/uomo\/\" rel=\"tag\">Hombre<\/a><\/td>\n<\/tr>\n<tr>\n<th>Material de la caja<\/th>\n<td><a href=\"https:\/\/luxwatch.it\/orologi\/materiale-cassa\/oro-rosa\/\" rel=\"tag\">Oro rosa<\/a><\/td>\n<\/tr>\n<tr>\n<th>Material de la correa<\/th>\n<td><a href=\"https:\/\/luxwatch.it\/orologi\/materiale-cinturino\/gomma\/\" rel=\"tag\">Caucho<\/a><\/td>\n<\/tr>\n<tr>\n<th>Movimiento<\/th>\n<td><a href=\"https:\/\/luxwatch.it\/orologi\/movimento\/automatico\/\" rel=\"tag\">Autom\u00e1tico<\/a><\/td>\n<\/tr>\n<tr>\n<th>Di\u00e1metro<\/th>\n<td>45 mm<\/td>\n<\/tr>\n<tr>\n<th>Cristal<\/th>\n<td>Zafiro<\/td>\n<\/tr>\n<tr>\n<th>Color de la esfera<\/th>\n<td>Azul<\/td>\n<\/tr>\n<tr>\n<th>Hermeticidad<\/th>\n<td>100 metros<\/td>\n<\/tr>\n<\/tbody>\n<\/table>\n","protected":false},"excerpt":{"rendered":"<p>Hublot BIG BANG UNICO REY ORO AZUL ref. 411.OX.5189.RX Marca Hublot Colecci\u00f3n Big Bang Referencia 411.OX.5189.RX Forma Redondo G\u00e9nero Hombre Material de la caja Oro rosa Material de la correa Caucho Movimiento Autom\u00e1tico Di\u00e1metro 45 mm Cristal Zafiro Color de la esfera Azul Hermeticidad 100 metros<\/p>\n","protected":false},"featured_media":171498,"template":"","meta":{"_crdt_document":"","advanced_seo_description":"","jetpack_seo_html_title":"","jetpack_seo_noindex":false},"product_brand":[],"product_cat":[2225],"product_tag":[2514],"berocket_brand":[],"woo-feed-brand":[],"class_list":{"0":"post-79119","1":"product","2":"type-product","3":"status-publish","4":"has-post-thumbnail","6":"product_cat-hublot-es","7":"product_tag-big-bang-es","9":"first","10":"instock","11":"sale","12":"taxable","13":"shipping-taxable","14":"purchasable","15":"product-type-simple"},"bundled_by":[],"bundle_stock_status":"instock","bundle_stock_quantity":1,"bundle_virtual":false,"bundle_layout":"","bundle_add_to_cart_form_location":"","bundle_editable_in_cart":false,"bundle_sold_individually_context":"","bundle_item_grouping":"","bundle_min_size":"","bundle_max_size":"","bundle_price":[],"bundled_items":[],"bundle_sell_ids":[],"group_of_quantity":0,"min_quantity":0,"max_quantity":"","exclude_order_quantity_value_rules":"no","exclude_category_quantity_rules":"no","combine_variations":"no","jetpack_sharing_enabled":true,"jetpack_likes_enabled":true,"_links":{"self":[{"href":"https:\/\/watchdeluxe.it\/es\/wp-json\/wp\/v2\/product\/79119","targetHints":{"allow":["GET"]}}],"collection":[{"href":"https:\/\/watchdeluxe.it\/es\/wp-json\/wp\/v2\/product"}],"about":[{"href":"https:\/\/watchdeluxe.it\/es\/wp-json\/wp\/v2\/types\/product"}],"wp:featuredmedia":[{"embeddable":true,"href":"https:\/\/watchdeluxe.it\/es\/wp-json\/wp\/v2\/media\/171498"}],"wp:attachment":[{"href":"https:\/\/watchdeluxe.it\/es\/wp-json\/wp\/v2\/media?parent=79119"}],"wp:term":[{"taxonomy":"product_brand","embeddable":true,"href":"https:\/\/watchdeluxe.it\/es\/wp-json\/wp\/v2\/product_brand?post=79119"},{"taxonomy":"product_cat","embeddable":true,"href":"https:\/\/watchdeluxe.it\/es\/wp-json\/wp\/v2\/product_cat?post=79119"},{"taxonomy":"product_tag","embeddable":true,"href":"https:\/\/watchdeluxe.it\/es\/wp-json\/wp\/v2\/product_tag?post=79119"},{"taxonomy":"berocket_brand","embeddable":true,"href":"https:\/\/watchdeluxe.it\/es\/wp-json\/wp\/v2\/berocket_brand?post=79119"},{"taxonomy":"woo-feed-brand","embeddable":true,"href":"https:\/\/watchdeluxe.it\/es\/wp-json\/wp\/v2\/woo-feed-brand?post=79119"}],"curies":[{"name":"wp","href":"https:\/\/api.w.org\/{rel}","templated":true}]}}