{"id":79089,"date":"2025-04-10T16:56:24","date_gmt":"2025-04-10T14:56:24","guid":{"rendered":"https:\/\/watchdeluxe.it\/prodotto\/hublot-big-bang-one-click-acero-pave-blanco-39-mm-ref-465-se-2010-rw-1604\/"},"modified":"2025-04-10T16:56:35","modified_gmt":"2025-04-10T14:56:35","slug":"hublot-big-bang-one-click-steel-white-pave-39-mm-ref-465-se-2010-rw-1604","status":"publish","type":"product","link":"https:\/\/watchdeluxe.it\/es\/prodotto\/hublot-big-bang-one-click-steel-white-pave-39-mm-ref-465-se-2010-rw-1604\/","title":{"rendered":"Hublot Big Bang One Click Acero Pav\u00e9 Blanco 39 Mm Ref. 465.SE.2010.RW.1604"},"content":{"rendered":"<p>Hublot Big Bang One Click Acero Pav\u00e9 Blanco 39 Mm Ref. 465.SE.2010.RW.1604<\/p>\n<table class=\"data-table\">\n<tbody>\n<tr class=\"odd\">\n<td class=\"spec-name\">Marca<\/td>\n<td class=\"spec-value\">Hublot<\/td>\n<\/tr>\n<tr class=\"even\">\n<td class=\"spec-name\">L\u00ednea<\/td>\n<td class=\"spec-value\">BIG BANG<\/td>\n<\/tr>\n<tr class=\"odd\">\n<td class=\"spec-name\">Modelo<\/td>\n<td class=\"spec-value\">BIG BANG<\/td>\n<\/tr>\n<tr class=\"even\">\n<td class=\"spec-name\">Complicaci\u00f3n<\/td>\n<td class=\"spec-value\">SOLO TIEMPO<\/td>\n<\/tr>\n<tr class=\"odd\">\n<td class=\"spec-name\">Movimiento<\/td>\n<td class=\"spec-value\">AUTOM\u00c1TICO<\/td>\n<\/tr>\n<tr class=\"even\">\n<td class=\"spec-name\">Fechador<\/td>\n<td class=\"spec-value\">DATOS<\/td>\n<\/tr>\n<tr class=\"odd\">\n<td class=\"spec-name\">Formulario<\/td>\n<td class=\"spec-value\">SHAPE<\/td>\n<\/tr>\n<tr class=\"even\">\n<td class=\"spec-name\">Talla<\/td>\n<td class=\"spec-value\">39 MM<\/td>\n<\/tr>\n<tr class=\"odd\">\n<td class=\"spec-name\">Material del malet\u00edn<\/td>\n<td class=\"spec-value\">Acero y diamantes<\/td>\n<\/tr>\n<tr class=\"even\">\n<td class=\"spec-name\">Marque<\/td>\n<td class=\"spec-value\">BLANCO<\/td>\n<\/tr>\n<tr class=\"odd\">\n<td class=\"spec-name\">Correa<\/td>\n<td class=\"spec-value\">CAUCCIU<\/td>\n<\/tr>\n<tr class=\"even\">\n<td class=\"spec-name\">Impermeable<\/td>\n<td class=\"spec-value\">100 M<\/td>\n<\/tr>\n<\/tbody>\n<\/table>\n","protected":false},"excerpt":{"rendered":"<p>Hublot Big Bang One Click Acero Pav\u00e9 Blanco 39 Mm Ref. 465.SE.2010.RW.1604 Marca Hublot L\u00ednea BIG BANG Modelo BIG BANG Complicaci\u00f3n SOLO TIEMPO Movimiento AUTOM\u00c1TICO Fechador DATOS Formulario SHAPE Talla 39 MM Material del malet\u00edn Acero y diamantes Marque BLANCO Correa CAUCCIU Impermeable 100 M<\/p>\n","protected":false},"featured_media":49626,"template":"","meta":{"_crdt_document":"","advanced_seo_description":"","jetpack_seo_html_title":"","jetpack_seo_noindex":false},"product_brand":[],"product_cat":[2225],"product_tag":[3722],"berocket_brand":[],"woo-feed-brand":[],"class_list":{"0":"post-79089","1":"product","2":"type-product","3":"status-publish","4":"has-post-thumbnail","6":"product_cat-hublot-es","7":"product_tag-big-bang-2","9":"first","10":"instock","11":"sale","12":"taxable","13":"shipping-taxable","14":"purchasable","15":"product-type-simple"},"bundled_by":[],"bundle_stock_status":"instock","bundle_stock_quantity":1,"bundle_virtual":false,"bundle_layout":"","bundle_add_to_cart_form_location":"","bundle_editable_in_cart":false,"bundle_sold_individually_context":"","bundle_item_grouping":"","bundle_min_size":"","bundle_max_size":"","bundle_price":[],"bundled_items":[],"bundle_sell_ids":[],"group_of_quantity":0,"min_quantity":0,"max_quantity":"","exclude_order_quantity_value_rules":"no","exclude_category_quantity_rules":"no","combine_variations":"no","jetpack_sharing_enabled":true,"jetpack_likes_enabled":true,"_links":{"self":[{"href":"https:\/\/watchdeluxe.it\/es\/wp-json\/wp\/v2\/product\/79089","targetHints":{"allow":["GET"]}}],"collection":[{"href":"https:\/\/watchdeluxe.it\/es\/wp-json\/wp\/v2\/product"}],"about":[{"href":"https:\/\/watchdeluxe.it\/es\/wp-json\/wp\/v2\/types\/product"}],"wp:featuredmedia":[{"embeddable":true,"href":"https:\/\/watchdeluxe.it\/es\/wp-json\/wp\/v2\/media\/49626"}],"wp:attachment":[{"href":"https:\/\/watchdeluxe.it\/es\/wp-json\/wp\/v2\/media?parent=79089"}],"wp:term":[{"taxonomy":"product_brand","embeddable":true,"href":"https:\/\/watchdeluxe.it\/es\/wp-json\/wp\/v2\/product_brand?post=79089"},{"taxonomy":"product_cat","embeddable":true,"href":"https:\/\/watchdeluxe.it\/es\/wp-json\/wp\/v2\/product_cat?post=79089"},{"taxonomy":"product_tag","embeddable":true,"href":"https:\/\/watchdeluxe.it\/es\/wp-json\/wp\/v2\/product_tag?post=79089"},{"taxonomy":"berocket_brand","embeddable":true,"href":"https:\/\/watchdeluxe.it\/es\/wp-json\/wp\/v2\/berocket_brand?post=79089"},{"taxonomy":"woo-feed-brand","embeddable":true,"href":"https:\/\/watchdeluxe.it\/es\/wp-json\/wp\/v2\/woo-feed-brand?post=79089"}],"curies":[{"name":"wp","href":"https:\/\/api.w.org\/{rel}","templated":true}]}}