{"id":78995,"date":"2023-03-17T14:35:25","date_gmt":"2023-03-17T13:35:25","guid":{"rendered":"https:\/\/watchdeluxe.it\/prodotto\/hublot-spirit-of-big-bang-black-magic-diamantes-39-mm-ref-665-cx-1170-lr-1204\/"},"modified":"2026-04-30T16:30:10","modified_gmt":"2026-04-30T14:30:10","slug":"hublot-spirit-of-big-bang-black-magic-diamonds-39-mm-ref-665-cx-1170-lr-1204","status":"publish","type":"product","link":"https:\/\/watchdeluxe.it\/es\/prodotto\/hublot-spirit-of-big-bang-black-magic-diamonds-39-mm-ref-665-cx-1170-lr-1204\/","title":{"rendered":"Hublot Spirit Of Big Bang Black Magic Diamantes 39 Mm Ref. 665.CX.1170.LR.1204"},"content":{"rendered":"<p>Hublot Spirit Of Big Bang Black Magic Diamantes 39 Mm Ref. 665.CX.1170.LR.1204<\/p>\n<table class=\"data-table\">\n<tbody>\n<tr class=\"odd\">\n<td class=\"spec-name\">Marca<\/td>\n<td class=\"spec-value\">Hublot<\/td>\n<\/tr>\n<tr class=\"even\">\n<td class=\"spec-name\">L\u00ednea<\/td>\n<td class=\"spec-value\">ESP\u00cdRITU DEL BIG BANG<\/td>\n<\/tr>\n<tr class=\"odd\">\n<td class=\"spec-name\">Complicaci\u00f3n<\/td>\n<td class=\"spec-value\">SOLO TIEMPO<\/td>\n<\/tr>\n<tr class=\"even\">\n<td class=\"spec-name\">Movimiento<\/td>\n<td class=\"spec-value\">AUTOM\u00c1TICO<\/td>\n<\/tr>\n<tr class=\"odd\">\n<td class=\"spec-name\">Formulario<\/td>\n<td class=\"spec-value\">SHAPE<\/td>\n<\/tr>\n<tr class=\"even\">\n<td class=\"spec-name\">Talla<\/td>\n<td class=\"spec-value\">39 MM<\/td>\n<\/tr>\n<tr class=\"odd\">\n<td class=\"spec-name\">Material del malet\u00edn<\/td>\n<td class=\"spec-value\">CER\u00c1MICA NEGRA CON DIAMANTES<\/td>\n<\/tr>\n<tr class=\"even\">\n<td class=\"spec-name\">Marque<\/td>\n<td class=\"spec-value\">NEGRO<\/td>\n<\/tr>\n<tr class=\"odd\">\n<td class=\"spec-name\">Correa<\/td>\n<td class=\"spec-value\">CAIM\u00c1N Y CAUCHO<\/td>\n<\/tr>\n<tr class=\"even\">\n<td class=\"spec-name\">Impermeable<\/td>\n<td class=\"spec-value\">100 M<\/td>\n<\/tr>\n<\/tbody>\n<\/table>\n","protected":false},"excerpt":{"rendered":"<p>Hublot Spirit Of Big Bang Black Magic Diamantes 39 Mm Ref. 665.CX.1170.LR.1204 Marca Hublot L\u00ednea ESP\u00cdRITU DEL BIG BANG Complicaci\u00f3n SOLO TIEMPO Movimiento AUTOM\u00c1TICO Formulario SHAPE Talla 39 MM Material del malet\u00edn CER\u00c1MICA NEGRA CON DIAMANTES Marque NEGRO Correa CAIM\u00c1N Y CAUCHO Impermeable 100 M<\/p>\n","protected":false},"featured_media":181552,"template":"","meta":{"_crdt_document":"","advanced_seo_description":"","jetpack_seo_html_title":"","jetpack_seo_noindex":false},"product_brand":[],"product_cat":[1917],"product_tag":[2514],"berocket_brand":[],"woo-feed-brand":[],"class_list":{"0":"post-78995","1":"product","2":"type-product","3":"status-publish","4":"has-post-thumbnail","6":"product_cat-hublot","7":"product_tag-big-bang-es","9":"first","10":"instock","11":"sale","12":"taxable","13":"shipping-taxable","14":"purchasable","15":"product-type-simple"},"bundled_by":[],"bundle_stock_status":"instock","bundle_stock_quantity":1,"bundle_virtual":false,"bundle_layout":"","bundle_add_to_cart_form_location":"","bundle_editable_in_cart":false,"bundle_sold_individually_context":"","bundle_item_grouping":"","bundle_min_size":"","bundle_max_size":"","bundle_price":[],"bundled_items":[],"bundle_sell_ids":[],"group_of_quantity":0,"min_quantity":0,"max_quantity":"","exclude_order_quantity_value_rules":"no","exclude_category_quantity_rules":"no","combine_variations":"no","jetpack_sharing_enabled":true,"jetpack_likes_enabled":true,"_links":{"self":[{"href":"https:\/\/watchdeluxe.it\/es\/wp-json\/wp\/v2\/product\/78995","targetHints":{"allow":["GET"]}}],"collection":[{"href":"https:\/\/watchdeluxe.it\/es\/wp-json\/wp\/v2\/product"}],"about":[{"href":"https:\/\/watchdeluxe.it\/es\/wp-json\/wp\/v2\/types\/product"}],"wp:featuredmedia":[{"embeddable":true,"href":"https:\/\/watchdeluxe.it\/es\/wp-json\/wp\/v2\/media\/181552"}],"wp:attachment":[{"href":"https:\/\/watchdeluxe.it\/es\/wp-json\/wp\/v2\/media?parent=78995"}],"wp:term":[{"taxonomy":"product_brand","embeddable":true,"href":"https:\/\/watchdeluxe.it\/es\/wp-json\/wp\/v2\/product_brand?post=78995"},{"taxonomy":"product_cat","embeddable":true,"href":"https:\/\/watchdeluxe.it\/es\/wp-json\/wp\/v2\/product_cat?post=78995"},{"taxonomy":"product_tag","embeddable":true,"href":"https:\/\/watchdeluxe.it\/es\/wp-json\/wp\/v2\/product_tag?post=78995"},{"taxonomy":"berocket_brand","embeddable":true,"href":"https:\/\/watchdeluxe.it\/es\/wp-json\/wp\/v2\/berocket_brand?post=78995"},{"taxonomy":"woo-feed-brand","embeddable":true,"href":"https:\/\/watchdeluxe.it\/es\/wp-json\/wp\/v2\/woo-feed-brand?post=78995"}],"curies":[{"name":"wp","href":"https:\/\/api.w.org\/{rel}","templated":true}]}}