{"id":78938,"date":"2023-03-17T14:32:41","date_gmt":"2023-03-17T13:32:41","guid":{"rendered":"https:\/\/watchdeluxe.it\/prodotto\/hublot-classic-fusion-cronografo-azul-541-nx-7170-lr\/"},"modified":"2026-04-06T04:51:09","modified_gmt":"2026-04-06T02:51:09","slug":"hublot-clasico-fusion-cronografo-azul-541-nx-7170-lr","status":"publish","type":"product","link":"https:\/\/watchdeluxe.it\/es\/prodotto\/hublot-clasico-fusion-cronografo-azul-541-nx-7170-lr\/","title":{"rendered":"Hublot Classic Fusion Cron\u00f3grafo Azul 541.NX.7170.LR"},"content":{"rendered":"<div class=\"col-md-12\" data-mce-fragment=\"1\">\n<div class=\"m-b-0\" data-mce-fragment=\"1\">\n<table data-mce-fragment=\"1\">\n<tbody data-mce-fragment=\"1\">\n<tr data-mce-fragment=\"1\">\n<td data-mce-fragment=\"1\">\n<div data-mce-fragment=\"1\"><span id=\"watchNotes\" data-mce-fragment=\"1\">Marca Hublot <br data-mce-fragment=\"1\">L\u00ednea CLASSIC FUSION <br data-mce-fragment=\"1\">Modelo CLASSIC FUSION <br data-mce-fragment=\"1\">Complicaci\u00f3n CRON\u00d3GRAFO <br data-mce-fragment=\"1\">Movimiento AUTOM\u00c1TICO <br data-mce-fragment=\"1\">Calendario FECHA <br data-mce-fragment=\"1\">Forma REDONDO <br data-mce-fragment=\"1\">Tama\u00f1o 42 MM <br data-mce-fragment=\"1\">Material Titanio <br data-mce-fragment=\"1\">Correa COCODRILO Y CAUCHO <br data-mce-fragment=\"1\">Esfera AZUL <br data-mce-fragment=\"1\">Impermeabilidad 50 M<\/span><\/div>\n<\/td>\n<\/tr>\n<\/tbody>\n<\/table>\n<\/div>\n<div class=\"full-xs m-t-3\" data-mce-fragment=\"1\"><\/div>\n<\/div>\n","protected":false},"excerpt":{"rendered":"<p>Marca Hublot L\u00ednea CLASSIC FUSION Modelo CLASSIC FUSION Complicaci\u00f3n CRON\u00d3GRAFO Movimiento AUTOM\u00c1TICO Calendario FECHA Forma REDONDO Tama\u00f1o 42 MM Material Titanio Correa COCODRILO Y CAUCHO Esfera AZUL Impermeabilidad 50 M<\/p>\n","protected":false},"featured_media":155404,"template":"","meta":{"_crdt_document":"","advanced_seo_description":"","jetpack_seo_html_title":"","jetpack_seo_noindex":false},"product_brand":[],"product_cat":[2225],"product_tag":[2232],"berocket_brand":[],"woo-feed-brand":[],"class_list":{"0":"post-78938","1":"product","2":"type-product","3":"status-publish","4":"has-post-thumbnail","6":"product_cat-hublot-es","7":"product_tag-fusion-clasica","9":"first","10":"instock","11":"sale","12":"taxable","13":"shipping-taxable","14":"purchasable","15":"product-type-simple"},"bundled_by":[],"bundle_stock_status":"instock","bundle_stock_quantity":1,"bundle_virtual":false,"bundle_layout":"","bundle_add_to_cart_form_location":"","bundle_editable_in_cart":false,"bundle_sold_individually_context":"","bundle_item_grouping":"","bundle_min_size":"","bundle_max_size":"","bundle_price":[],"bundled_items":[],"bundle_sell_ids":[],"group_of_quantity":0,"min_quantity":0,"max_quantity":"","exclude_order_quantity_value_rules":"no","exclude_category_quantity_rules":"no","combine_variations":"no","jetpack_sharing_enabled":true,"jetpack_likes_enabled":true,"_links":{"self":[{"href":"https:\/\/watchdeluxe.it\/es\/wp-json\/wp\/v2\/product\/78938","targetHints":{"allow":["GET"]}}],"collection":[{"href":"https:\/\/watchdeluxe.it\/es\/wp-json\/wp\/v2\/product"}],"about":[{"href":"https:\/\/watchdeluxe.it\/es\/wp-json\/wp\/v2\/types\/product"}],"wp:featuredmedia":[{"embeddable":true,"href":"https:\/\/watchdeluxe.it\/es\/wp-json\/wp\/v2\/media\/155404"}],"wp:attachment":[{"href":"https:\/\/watchdeluxe.it\/es\/wp-json\/wp\/v2\/media?parent=78938"}],"wp:term":[{"taxonomy":"product_brand","embeddable":true,"href":"https:\/\/watchdeluxe.it\/es\/wp-json\/wp\/v2\/product_brand?post=78938"},{"taxonomy":"product_cat","embeddable":true,"href":"https:\/\/watchdeluxe.it\/es\/wp-json\/wp\/v2\/product_cat?post=78938"},{"taxonomy":"product_tag","embeddable":true,"href":"https:\/\/watchdeluxe.it\/es\/wp-json\/wp\/v2\/product_tag?post=78938"},{"taxonomy":"berocket_brand","embeddable":true,"href":"https:\/\/watchdeluxe.it\/es\/wp-json\/wp\/v2\/berocket_brand?post=78938"},{"taxonomy":"woo-feed-brand","embeddable":true,"href":"https:\/\/watchdeluxe.it\/es\/wp-json\/wp\/v2\/woo-feed-brand?post=78938"}],"curies":[{"name":"wp","href":"https:\/\/api.w.org\/{rel}","templated":true}]}}