{"id":78925,"date":"2023-03-17T14:32:41","date_gmt":"2023-03-17T13:32:41","guid":{"rendered":"https:\/\/watchdeluxe.it\/prodotto\/hublot-classic-fusion-titanio-42-mm-ref-542-nx-1171-lr\/"},"modified":"2023-03-17T14:32:41","modified_gmt":"2023-03-17T13:32:41","slug":"hublot-classic-fusion-titanium-42-mm-ref-542-nx-1171-lr","status":"publish","type":"product","link":"https:\/\/watchdeluxe.it\/es\/prodotto\/hublot-classic-fusion-titanium-42-mm-ref-542-nx-1171-lr\/","title":{"rendered":"HUBLOT CLASSIC FUSION Titanio 42 MM REF. 542.NX.1171.LR"},"content":{"rendered":"<table class=\"data-table\" width=\"163\" data-mce-fragment=\"1\">\n<tbody data-mce-fragment=\"1\">\n<tr class=\"odd\" data-mce-fragment=\"1\">\n<td class=\"spec-name\" style=\"width: 201.517px;\" data-mce-fragment=\"1\">Marca<\/td>\n<td class=\"spec-value\" style=\"width: 333.483px;\" data-mce-fragment=\"1\">Hublot<\/td>\n<\/tr>\n<tr class=\"even\" data-mce-fragment=\"1\">\n<td class=\"spec-name\" style=\"width: 201.517px;\" data-mce-fragment=\"1\">L\u00ednea<\/td>\n<td class=\"spec-value\" style=\"width: 333.483px;\" data-mce-fragment=\"1\">FUSI\u00d3N CL\u00c1SICA<\/td>\n<\/tr>\n<tr class=\"odd\" data-mce-fragment=\"1\">\n<td class=\"spec-name\" style=\"width: 201.517px;\" data-mce-fragment=\"1\">Modelo<\/td>\n<td class=\"spec-value\" style=\"width: 333.483px;\" data-mce-fragment=\"1\">FUSI\u00d3N CL\u00c1SICA<\/td>\n<\/tr>\n<tr class=\"even\" data-mce-fragment=\"1\">\n<td class=\"spec-name\" style=\"width: 201.517px;\" data-mce-fragment=\"1\">Complicaci\u00f3n<\/td>\n<td class=\"spec-value\" style=\"width: 333.483px;\" data-mce-fragment=\"1\">SOLO TIEMPO<\/td>\n<\/tr>\n<tr class=\"odd\" data-mce-fragment=\"1\">\n<td class=\"spec-name\" style=\"width: 201.517px;\" data-mce-fragment=\"1\">Movimiento<\/td>\n<td class=\"spec-value\" style=\"width: 333.483px;\" data-mce-fragment=\"1\">AUTOM\u00c1TICO<\/td>\n<\/tr>\n<tr class=\"even\" data-mce-fragment=\"1\">\n<td class=\"spec-name\" style=\"width: 201.517px;\" data-mce-fragment=\"1\">Fechador<\/td>\n<td class=\"spec-value\" style=\"width: 333.483px;\" data-mce-fragment=\"1\">DATOS<\/td>\n<\/tr>\n<tr class=\"odd\" data-mce-fragment=\"1\">\n<td class=\"spec-name\" style=\"width: 201.517px;\" data-mce-fragment=\"1\">Formulario<\/td>\n<td class=\"spec-value\" style=\"width: 333.483px;\" data-mce-fragment=\"1\">RONDA<\/td>\n<\/tr>\n<tr class=\"even\" data-mce-fragment=\"1\">\n<td class=\"spec-name\" style=\"width: 201.517px;\" data-mce-fragment=\"1\">Talla<\/td>\n<td class=\"spec-value\" style=\"width: 333.483px;\" data-mce-fragment=\"1\">42 MM<\/td>\n<\/tr>\n<tr class=\"odd\" data-mce-fragment=\"1\">\n<td class=\"spec-name\" style=\"width: 201.517px;\" data-mce-fragment=\"1\">Material<\/td>\n<td class=\"spec-value\" style=\"width: 333.483px;\" data-mce-fragment=\"1\">Titanio<\/td>\n<\/tr>\n<tr class=\"even\" data-mce-fragment=\"1\">\n<td class=\"spec-name\" style=\"width: 201.517px;\" data-mce-fragment=\"1\">Marque<\/td>\n<td class=\"spec-value\" style=\"width: 333.483px;\" data-mce-fragment=\"1\">NEGRO<\/td>\n<\/tr>\n<tr class=\"odd\" data-mce-fragment=\"1\">\n<td class=\"spec-name\" style=\"width: 201.517px;\" data-mce-fragment=\"1\">Correa<\/td>\n<td class=\"spec-value\" style=\"width: 333.483px;\" data-mce-fragment=\"1\">CAIM\u00c1N Y CAUCHO<\/td>\n<\/tr>\n<tr class=\"even\" data-mce-fragment=\"1\">\n<td class=\"spec-name\" style=\"width: 201.517px;\" data-mce-fragment=\"1\">Impermeable<\/td>\n<td class=\"spec-value\" style=\"width: 333.483px;\" data-mce-fragment=\"1\">50 M<\/td>\n<\/tr>\n<\/tbody>\n<\/table>\n","protected":false},"excerpt":{"rendered":"<p>Marca Hublot L\u00ednea FUSI\u00d3N CL\u00c1SICA Modelo FUSI\u00d3N CL\u00c1SICA Complicaci\u00f3n SOLO TIEMPO Movimiento AUTOM\u00c1TICO Fechador DATOS Formulario RONDA Talla 42 MM Material Titanio Marque NEGRO Correa CAIM\u00c1N Y CAUCHO Impermeable 50 M<\/p>\n","protected":false},"featured_media":49502,"template":"","meta":{"_crdt_document":"","advanced_seo_description":"","jetpack_seo_html_title":"","jetpack_seo_noindex":false},"product_brand":[2149],"product_cat":[2225],"product_tag":[2232],"berocket_brand":[],"woo-feed-brand":[],"class_list":{"0":"post-78925","1":"product","2":"type-product","3":"status-publish","4":"has-post-thumbnail","6":"product_brand-hublot","7":"product_cat-hublot-es","8":"product_tag-fusion-clasica","10":"first","11":"instock","12":"sale","13":"taxable","14":"shipping-taxable","15":"purchasable","16":"product-type-simple"},"bundled_by":[],"bundle_stock_status":"instock","bundle_stock_quantity":1,"bundle_virtual":false,"bundle_layout":"","bundle_add_to_cart_form_location":"","bundle_editable_in_cart":false,"bundle_sold_individually_context":"","bundle_item_grouping":"","bundle_min_size":"","bundle_max_size":"","bundle_price":[],"bundled_items":[],"bundle_sell_ids":[],"group_of_quantity":0,"min_quantity":0,"max_quantity":"","exclude_order_quantity_value_rules":"no","exclude_category_quantity_rules":"no","combine_variations":"no","exclude_global_add_ons":[],"addons":[],"jetpack_sharing_enabled":true,"jetpack_likes_enabled":true,"_links":{"self":[{"href":"https:\/\/watchdeluxe.it\/es\/wp-json\/wp\/v2\/product\/78925","targetHints":{"allow":["GET"]}}],"collection":[{"href":"https:\/\/watchdeluxe.it\/es\/wp-json\/wp\/v2\/product"}],"about":[{"href":"https:\/\/watchdeluxe.it\/es\/wp-json\/wp\/v2\/types\/product"}],"wp:featuredmedia":[{"embeddable":true,"href":"https:\/\/watchdeluxe.it\/es\/wp-json\/wp\/v2\/media\/49502"}],"wp:attachment":[{"href":"https:\/\/watchdeluxe.it\/es\/wp-json\/wp\/v2\/media?parent=78925"}],"wp:term":[{"taxonomy":"product_brand","embeddable":true,"href":"https:\/\/watchdeluxe.it\/es\/wp-json\/wp\/v2\/product_brand?post=78925"},{"taxonomy":"product_cat","embeddable":true,"href":"https:\/\/watchdeluxe.it\/es\/wp-json\/wp\/v2\/product_cat?post=78925"},{"taxonomy":"product_tag","embeddable":true,"href":"https:\/\/watchdeluxe.it\/es\/wp-json\/wp\/v2\/product_tag?post=78925"},{"taxonomy":"berocket_brand","embeddable":true,"href":"https:\/\/watchdeluxe.it\/es\/wp-json\/wp\/v2\/berocket_brand?post=78925"},{"taxonomy":"woo-feed-brand","embeddable":true,"href":"https:\/\/watchdeluxe.it\/es\/wp-json\/wp\/v2\/woo-feed-brand?post=78925"}],"curies":[{"name":"wp","href":"https:\/\/api.w.org\/{rel}","templated":true}]}}