{"id":78906,"date":"2023-03-17T14:32:41","date_gmt":"2023-03-17T13:32:41","guid":{"rendered":"https:\/\/watchdeluxe.it\/prodotto\/hublot-classic-fusion-verde-ref-542-nx-8970-lr\/"},"modified":"2026-04-03T10:09:00","modified_gmt":"2026-04-03T08:09:00","slug":"hublot-classic-fusion-green-ref-542-nx-8970-lr","status":"publish","type":"product","link":"https:\/\/watchdeluxe.it\/es\/prodotto\/hublot-classic-fusion-green-ref-542-nx-8970-lr\/","title":{"rendered":"Hublot Classic Fusion Verde REF.542.NX.8970.LR"},"content":{"rendered":"<p><span id=\"watchNotes\" data-mce-fragment=\"1\">Marca Hublot <br data-mce-fragment=\"1\">L\u00ednea CLASSIC FUSION <br data-mce-fragment=\"1\">Modelo CLASSIC FUSION <br data-mce-fragment=\"1\">Complicaci\u00f3n SOLO TIEMPO <br data-mce-fragment=\"1\">Movimiento AUTOM\u00c1TICO <br data-mce-fragment=\"1\">Datario FECHA <br data-mce-fragment=\"1\">Forma REDONDO <br data-mce-fragment=\"1\">Dimensi\u00f3n 42 MM <br data-mce-fragment=\"1\">Material Titanio <br data-mce-fragment=\"1\">Esfera VERDE <br data-mce-fragment=\"1\">Correa ALIG\u00c1TOR Y CAUCHO <br data-mce-fragment=\"1\">Impermeabilidad 50 M<\/span><\/p>\n","protected":false},"excerpt":{"rendered":"<p>Marca Hublot L\u00ednea CLASSIC FUSION Modelo CLASSIC FUSION Complicaci\u00f3n SOLO TIEMPO Movimiento AUTOM\u00c1TICO Datario FECHA Forma REDONDO Dimensi\u00f3n 42 MM Material Titanio Esfera VERDE Correa ALIG\u00c1TOR Y CAUCHO Impermeabilidad 50 M<\/p>\n","protected":false},"featured_media":150631,"template":"","meta":{"_crdt_document":"","advanced_seo_description":"","jetpack_seo_html_title":"","jetpack_seo_noindex":false},"product_brand":[],"product_cat":[2225],"product_tag":[2232],"berocket_brand":[],"woo-feed-brand":[],"class_list":{"0":"post-78906","1":"product","2":"type-product","3":"status-publish","4":"has-post-thumbnail","6":"product_cat-hublot-es","7":"product_tag-fusion-clasica","9":"first","10":"instock","11":"sale","12":"taxable","13":"shipping-taxable","14":"purchasable","15":"product-type-simple"},"bundled_by":[],"bundle_stock_status":"instock","bundle_stock_quantity":1,"bundle_virtual":false,"bundle_layout":"","bundle_add_to_cart_form_location":"","bundle_editable_in_cart":false,"bundle_sold_individually_context":"","bundle_item_grouping":"","bundle_min_size":"","bundle_max_size":"","bundle_price":[],"bundled_items":[],"bundle_sell_ids":[],"group_of_quantity":0,"min_quantity":0,"max_quantity":"","exclude_order_quantity_value_rules":"no","exclude_category_quantity_rules":"no","combine_variations":"no","exclude_global_add_ons":[],"addons":[],"jetpack_sharing_enabled":true,"jetpack_likes_enabled":true,"_links":{"self":[{"href":"https:\/\/watchdeluxe.it\/es\/wp-json\/wp\/v2\/product\/78906","targetHints":{"allow":["GET"]}}],"collection":[{"href":"https:\/\/watchdeluxe.it\/es\/wp-json\/wp\/v2\/product"}],"about":[{"href":"https:\/\/watchdeluxe.it\/es\/wp-json\/wp\/v2\/types\/product"}],"wp:featuredmedia":[{"embeddable":true,"href":"https:\/\/watchdeluxe.it\/es\/wp-json\/wp\/v2\/media\/150631"}],"wp:attachment":[{"href":"https:\/\/watchdeluxe.it\/es\/wp-json\/wp\/v2\/media?parent=78906"}],"wp:term":[{"taxonomy":"product_brand","embeddable":true,"href":"https:\/\/watchdeluxe.it\/es\/wp-json\/wp\/v2\/product_brand?post=78906"},{"taxonomy":"product_cat","embeddable":true,"href":"https:\/\/watchdeluxe.it\/es\/wp-json\/wp\/v2\/product_cat?post=78906"},{"taxonomy":"product_tag","embeddable":true,"href":"https:\/\/watchdeluxe.it\/es\/wp-json\/wp\/v2\/product_tag?post=78906"},{"taxonomy":"berocket_brand","embeddable":true,"href":"https:\/\/watchdeluxe.it\/es\/wp-json\/wp\/v2\/berocket_brand?post=78906"},{"taxonomy":"woo-feed-brand","embeddable":true,"href":"https:\/\/watchdeluxe.it\/es\/wp-json\/wp\/v2\/woo-feed-brand?post=78906"}],"curies":[{"name":"wp","href":"https:\/\/api.w.org\/{rel}","templated":true}]}}