{"id":78609,"date":"2023-03-17T18:37:56","date_gmt":"2023-03-17T17:37:56","guid":{"rendered":"https:\/\/watchdeluxe.it\/prodotto\/rado-coupole-classcic-reloj-automatico-r22878023\/"},"modified":"2026-04-06T08:13:28","modified_gmt":"2026-04-06T06:13:28","slug":"reloj-coupole-classcic-automatic-r22878023","status":"publish","type":"product","link":"https:\/\/watchdeluxe.it\/es\/prodotto\/reloj-coupole-classcic-automatic-r22878023\/","title":{"rendered":"RADO coupole classcic Reloj autom\u00e1tico R22878023"},"content":{"rendered":"<p>RADO coupole classcic Reloj autom\u00e1tico R22878023<\/p>\n<div class=\"col-sm-6 orologio-quadrante\">\n<div class=\"row margintop-20\">\n<div class=\"col-lg-4 col-xs-5 testo marrone w500\">Marca<\/div>\n<div class=\"col-lg-8 col-xs-5 testo nero w400\"><strong>RADO<\/strong><\/div>\n<\/div>\n<div class=\"row\">\n<div class=\"col-lg-4 col-xs-5 testo marrone w500\">L\u00ednea<\/div>\n<div class=\"col-lg-8 col-xs-5 testo nero w400\"><strong>PAREJA<\/strong><\/div>\n<\/div>\n<div class=\"row\">\n<div class=\"col-lg-4 col-xs-5 testo marrone w500\">Reloj<\/div>\n<div class=\"col-lg-8 col-xs-5 testo nero w400\"><strong>COUPOLE CLASSIC AUTOMATIQUE<\/strong><\/div>\n<\/div>\n<div class=\"row margintop-20\">\n<div class=\"col-lg-4 col-xs-5 testo nero w500\">Referencia<\/div>\n<div class=\"col-lg-8 col-xs-5 testo nero w700\">R22878023<\/div>\n<\/div>\n<div class=\"row margintop-20\">\n<div class=\"col-lg-4 col-xs-5 testo nero w500\">Movimiento<\/div>\n<div class=\"col-lg-8 col-xs-5 testo nero w400\">autom\u00e1tico<\/div>\n<\/div>\n<div class=\"row\">\n<div class=\"col-lg-4 col-xs-5 testo nero w500\">Caso<\/div>\n<div class=\"col-lg-8 col-xs-5 testo nero w400\">41 mm &#8211; acero inoxidable<\/div>\n<\/div>\n<div class=\"row\">\n<div class=\"col-lg-4 col-xs-5 testo nero w500\">Impermeable<\/div>\n<div class=\"col-lg-8 col-xs-5 testo nero w400\">5 bar<\/div>\n<\/div>\n<div class=\"row\">\n<div class=\"col-lg-4 col-xs-5 testo nero w500\">Correa<\/div>\n<div class=\"col-lg-8 col-xs-5 testo nero w400\">Acero inoxidable<\/div>\n<\/div>\n<\/div>\n<div class=\"col-sm-6 orologio-quadrante-2\">\n<div class=\"orologio-condizioni margintop-20\">\n<div class=\"testo grigio w400\"><\/div>\n<div class=\"testo marrone w500\"><\/div>\n<\/div>\n<\/div>\n","protected":false},"excerpt":{"rendered":"<p>RADO coupole classcic Reloj autom\u00e1tico R22878023 Marca RADO L\u00ednea PAREJA Reloj COUPOLE CLASSIC AUTOMATIQUE Referencia R22878023 Movimiento autom\u00e1tico Caso 41 mm &#8211; acero inoxidable Impermeable 5 bar Correa Acero inoxidable<\/p>\n","protected":false},"featured_media":157753,"template":"","meta":{"_crdt_document":"","advanced_seo_description":"","jetpack_seo_html_title":"","jetpack_seo_noindex":false},"product_brand":[],"product_cat":[2391],"product_tag":[1537],"berocket_brand":[],"woo-feed-brand":[],"class_list":{"0":"post-78609","1":"product","2":"type-product","3":"status-publish","4":"has-post-thumbnail","6":"product_cat-rado-es","7":"product_tag-coupole","9":"first","10":"instock","11":"sale","12":"taxable","13":"shipping-taxable","14":"purchasable","15":"product-type-simple"},"bundled_by":[],"bundle_stock_status":"instock","bundle_stock_quantity":1,"bundle_virtual":false,"bundle_layout":"","bundle_add_to_cart_form_location":"","bundle_editable_in_cart":false,"bundle_sold_individually_context":"","bundle_item_grouping":"","bundle_min_size":"","bundle_max_size":"","bundle_price":[],"bundled_items":[],"bundle_sell_ids":[],"group_of_quantity":0,"min_quantity":0,"max_quantity":"","exclude_order_quantity_value_rules":"no","exclude_category_quantity_rules":"no","combine_variations":"no","exclude_global_add_ons":[],"addons":[],"jetpack_sharing_enabled":true,"jetpack_likes_enabled":true,"_links":{"self":[{"href":"https:\/\/watchdeluxe.it\/es\/wp-json\/wp\/v2\/product\/78609","targetHints":{"allow":["GET"]}}],"collection":[{"href":"https:\/\/watchdeluxe.it\/es\/wp-json\/wp\/v2\/product"}],"about":[{"href":"https:\/\/watchdeluxe.it\/es\/wp-json\/wp\/v2\/types\/product"}],"wp:featuredmedia":[{"embeddable":true,"href":"https:\/\/watchdeluxe.it\/es\/wp-json\/wp\/v2\/media\/157753"}],"wp:attachment":[{"href":"https:\/\/watchdeluxe.it\/es\/wp-json\/wp\/v2\/media?parent=78609"}],"wp:term":[{"taxonomy":"product_brand","embeddable":true,"href":"https:\/\/watchdeluxe.it\/es\/wp-json\/wp\/v2\/product_brand?post=78609"},{"taxonomy":"product_cat","embeddable":true,"href":"https:\/\/watchdeluxe.it\/es\/wp-json\/wp\/v2\/product_cat?post=78609"},{"taxonomy":"product_tag","embeddable":true,"href":"https:\/\/watchdeluxe.it\/es\/wp-json\/wp\/v2\/product_tag?post=78609"},{"taxonomy":"berocket_brand","embeddable":true,"href":"https:\/\/watchdeluxe.it\/es\/wp-json\/wp\/v2\/berocket_brand?post=78609"},{"taxonomy":"woo-feed-brand","embeddable":true,"href":"https:\/\/watchdeluxe.it\/es\/wp-json\/wp\/v2\/woo-feed-brand?post=78609"}],"curies":[{"name":"wp","href":"https:\/\/api.w.org\/{rel}","templated":true}]}}