{"id":78414,"date":"2023-03-17T18:38:05","date_gmt":"2023-03-17T17:38:05","guid":{"rendered":"https:\/\/watchdeluxe.it\/prodotto\/tag-heuer-aquaracer-professional-300-gm-ref-wbp2010-ft6198\/"},"modified":"2026-04-07T12:03:28","modified_gmt":"2026-04-07T10:03:28","slug":"tag-heuer-aquaracer-professional-300-gm-ref-wbp2010-ft6198","status":"publish","type":"product","link":"https:\/\/watchdeluxe.it\/es\/prodotto\/tag-heuer-aquaracer-professional-300-gm-ref-wbp2010-ft6198\/","title":{"rendered":"TAG Heuer Aquaracer Professional 300 GM REF. WBP2010.FT6198"},"content":{"rendered":"<div class=\"col-12 col-lg-6 specs-img\" data-mce-fragment=\"1\">  TAG Heuer Aquaracer Professional 300 GM REF. WBP2010.FT6198<\/div>\n<div id=\"collapsecase\" class=\"collapse show\" aria-labelledby=\"headingcase\" data-parent=\"#tech-accordion\" data-mce-fragment=\"1\">\n<div class=\"card-body\" data-mce-fragment=\"1\">\n<div class=\"row\" data-mce-fragment=\"1\">\n<div class=\"col-12 col-lg-6\" data-mce-fragment=\"1\">\n<p data-mce-fragment=\"1\"> <span class=\"spec-title\" data-mce-fragment=\"1\"> Tama\u00f1o <\/span> <span class=\"spec-value\" data-mce-fragment=\"1\"> 43 mm <\/span> <\/p>\n<\/div>\n<div class=\"col-12 col-lg-6\" data-mce-fragment=\"1\">\n<p data-mce-fragment=\"1\"> <span class=\"spec-title\" data-mce-fragment=\"1\"> Resistencia al agua <\/span> <span class=\"spec-value\" data-mce-fragment=\"1\"> 300 m <\/span> <\/p>\n<\/div>\n<div class=\"col-12 col-lg-6\" data-mce-fragment=\"1\">\n<p data-mce-fragment=\"1\"> <span class=\"spec-title\" data-mce-fragment=\"1\"> Cuerpo de la caja <\/span> <span class=\"spec-value\" data-mce-fragment=\"1\"> Acero Acabado satinado\/pulido <\/span> <\/p>\n<\/div>\n<div class=\"col-12 col-lg-6\" data-mce-fragment=\"1\">\n<p data-mce-fragment=\"1\"> <span class=\"spec-title\" data-mce-fragment=\"1\"> Bisel <\/span> <span class=\"spec-value\" data-mce-fragment=\"1\"> Bisel giratorio Cer\u00e1mica <\/span> <\/p>\n<\/div>\n<div class=\"col-12 col-lg-6\" data-mce-fragment=\"1\">\n<p data-mce-fragment=\"1\"> <span class=\"spec-title\" data-mce-fragment=\"1\"> Volver <\/span> <span class=\"spec-value\" data-mce-fragment=\"1\"> Acero <\/span> <\/p>\n<div class=\"card\">\n<div id=\"collapsestrap\" class=\"collapse show\" data-parent=\"#tech-accordion\" aria-labelledby=\"headingstrap\">\n<div class=\"card-body\">\n<div class=\"row\">\n<div class=\"col-12 col-lg-6\">\n<p> <span class=\"spec-title\"> Material <\/span> <span class=\"spec-value\"> Goma <\/span> <\/p>\n<\/div>\n<div class=\"col-12 col-lg-6\">\n<p> <span class=\"spec-title\"> Color <\/span> <span class=\"spec-value\"> Azul <\/span> <\/p>\n<\/div>\n<div class=\"col-12 col-lg-6\">\n<p> <span class=\"spec-title\"> Hebilla <\/span> <span class=\"spec-value\"> Hebilla plegable con pulsadores &#8211; Acero <\/span> <\/p>\n<div class=\"card\">\n<div id=\"collapsemovement\" class=\"collapse show\" data-parent=\"#tech-accordion\" aria-labelledby=\"headingmovement\">\n<div class=\"card-body\">\n<div class=\"row\">\n<div class=\"col-12 col-lg-6\">\n<p> <span class=\"spec-title\"> Calibre <\/span> <span class=\"spec-value\"> Calibre 7 autom\u00e1tico <\/span> <\/p>\n<\/div>\n<div class=\"col-12 col-lg-6\">\n<p> <span class=\"spec-title\"> Movimiento <\/span> <span class=\"spec-value\"> Reloj autom\u00e1tico <\/span> <\/p>\n<\/div>\n<div class=\"col-12 col-lg-6\">\n<p> <span class=\"spec-title\"> Reserva de marcha (horas) <\/span> <span class=\"spec-value\"> 50 <\/span> <\/p>\n<\/div>\n<div class=\"col-12 col-lg-6\">\n<p> <span class=\"spec-title\"> Frecuencia de balance <\/span> <span class=\"spec-value\"> 28800 <\/span> <\/p>\n<\/div>\n<div class=\"col-12 col-lg-6\">\n<p> <span class=\"spec-title\"> Funciones <\/span> <span class=\"spec-value\"> Horas, minutos, segundos, fecha, GMT <\/span> <\/p>\n<\/div>\n<\/div>\n<\/div>\n<\/div>\n<\/div>\n<\/div>\n<\/div>\n<\/div>\n<\/div>\n<\/div>\n<\/div>\n<\/div>\n<\/div>\n<\/div>\n","protected":false},"excerpt":{"rendered":"<p>TAG Heuer Aquaracer Professional 300 GM REF. WBP2010.FT6198 Tama\u00f1o 43 mm Resistencia al agua 300 m Cuerpo de la caja Acero Acabado satinado\/pulido Bisel Bisel giratorio Cer\u00e1mica Volver Acero Material Goma Color Azul Hebilla Hebilla plegable con pulsadores &#8211; Acero Calibre Calibre 7 autom\u00e1tico Movimiento Reloj autom\u00e1tico Reserva de marcha (horas) 50 Frecuencia de balance [&hellip;]<\/p>\n","protected":false},"featured_media":146270,"template":"","meta":{"_crdt_document":"","advanced_seo_description":"","jetpack_seo_html_title":"","jetpack_seo_noindex":false},"product_brand":[],"product_cat":[2264],"product_tag":[],"berocket_brand":[],"woo-feed-brand":[],"class_list":{"0":"post-78414","1":"product","2":"type-product","3":"status-publish","4":"has-post-thumbnail","6":"product_cat-tag-heuer-es","8":"first","9":"instock","10":"sale","11":"taxable","12":"shipping-taxable","13":"purchasable","14":"product-type-simple"},"bundled_by":[],"bundle_stock_status":"instock","bundle_stock_quantity":1,"bundle_virtual":false,"bundle_layout":"","bundle_add_to_cart_form_location":"","bundle_editable_in_cart":false,"bundle_sold_individually_context":"","bundle_item_grouping":"","bundle_min_size":"","bundle_max_size":"","bundle_price":[],"bundled_items":[],"bundle_sell_ids":[],"group_of_quantity":0,"min_quantity":0,"max_quantity":"","exclude_order_quantity_value_rules":"no","exclude_category_quantity_rules":"no","combine_variations":"no","exclude_global_add_ons":[],"addons":[],"jetpack_sharing_enabled":true,"jetpack_likes_enabled":true,"_links":{"self":[{"href":"https:\/\/watchdeluxe.it\/es\/wp-json\/wp\/v2\/product\/78414","targetHints":{"allow":["GET"]}}],"collection":[{"href":"https:\/\/watchdeluxe.it\/es\/wp-json\/wp\/v2\/product"}],"about":[{"href":"https:\/\/watchdeluxe.it\/es\/wp-json\/wp\/v2\/types\/product"}],"wp:featuredmedia":[{"embeddable":true,"href":"https:\/\/watchdeluxe.it\/es\/wp-json\/wp\/v2\/media\/146270"}],"wp:attachment":[{"href":"https:\/\/watchdeluxe.it\/es\/wp-json\/wp\/v2\/media?parent=78414"}],"wp:term":[{"taxonomy":"product_brand","embeddable":true,"href":"https:\/\/watchdeluxe.it\/es\/wp-json\/wp\/v2\/product_brand?post=78414"},{"taxonomy":"product_cat","embeddable":true,"href":"https:\/\/watchdeluxe.it\/es\/wp-json\/wp\/v2\/product_cat?post=78414"},{"taxonomy":"product_tag","embeddable":true,"href":"https:\/\/watchdeluxe.it\/es\/wp-json\/wp\/v2\/product_tag?post=78414"},{"taxonomy":"berocket_brand","embeddable":true,"href":"https:\/\/watchdeluxe.it\/es\/wp-json\/wp\/v2\/berocket_brand?post=78414"},{"taxonomy":"woo-feed-brand","embeddable":true,"href":"https:\/\/watchdeluxe.it\/es\/wp-json\/wp\/v2\/woo-feed-brand?post=78414"}],"curies":[{"name":"wp","href":"https:\/\/api.w.org\/{rel}","templated":true}]}}