{"id":78410,"date":"2023-03-17T18:38:05","date_gmt":"2023-03-17T17:38:05","guid":{"rendered":"https:\/\/watchdeluxe.it\/prodotto\/rado-true-diamonds-ref-r27059712\/"},"modified":"2026-04-23T13:56:32","modified_gmt":"2026-04-23T11:56:32","slug":"rado-true-diamonds-ref-r27059712","status":"publish","type":"product","link":"https:\/\/watchdeluxe.it\/es\/prodotto\/rado-true-diamonds-ref-r27059712\/","title":{"rendered":"Rado True Diamonds ref. R27059712"},"content":{"rendered":"<p>Rado True Diamonds ref. R27059712<\/p>\n<div data-role=\"collapsible\">\n<h2 style=\"width: 20rem;\">Movimiento<\/h2>\n<\/div>\n<div data-role=\"content\">\n<ul>\n<li><strong>Tipo de movimiento:<\/strong> Cuarzo<\/li>\n<li><strong>Referencia del movimiento:<\/strong> 03.111.837<\/li>\n<\/ul>\n<\/div>\n<div data-role=\"collapsible\">\n<h2 style=\"width: 20rem;\">Caso<\/h2>\n<\/div>\n<div data-role=\"content\">\n<ul>\n<li><strong>Materiales de la caja:<\/strong> cer\u00e1mica de alta tecnolog\u00eda<\/li>\n<li><strong>Grosor de la caja:<\/strong> 8,0 mm<\/li>\n<li><strong>Resistencia al agua de la caja:<\/strong> 5 bares (50 m)<\/li>\n<li><strong>Color de la caja:<\/strong> oscuro<\/li>\n<li><strong>Tama\u00f1o de la caja:<\/strong> 30,0 mm<\/li>\n<li><strong>Cristal de la caja:<\/strong> Cristal de zafiro<\/li>\n<\/ul>\n<\/div>\n<div data-role=\"collapsible\">\n<h2 style=\"width: 20rem;\">Marque<\/h2>\n<\/div>\n<div data-role=\"content\">\n<ul>\n<li><strong>Color de la esfera:<\/strong> Negro<\/li>\n<li>Esfera <strong>esqueleto\/coraz\u00f3n abierto:<\/strong> No<\/li>\n<li><strong>La esfera tiene la fecha:<\/strong> S\u00ed<\/li>\n<li><strong>La esfera presenta piedras preciosas:<\/strong> Si<\/li>\n<li><strong>N\u00e1car:<\/strong> No<\/li>\n<\/ul>\n<\/div>\n<div data-role=\"collapsible\">\n<h2 style=\"width: 20rem;\">Pulsera<\/h2>\n<\/div>\n<div data-role=\"content\">\n<ul>\n<li><strong>Materiales de la pulsera:<\/strong> Cer\u00e1mica de alta tecnolog\u00eda, titanio<\/li>\n<\/ul>\n<\/div>\n","protected":false},"excerpt":{"rendered":"<p>Rado True Diamonds ref. R27059712 Movimiento Tipo de movimiento: Cuarzo Referencia del movimiento: 03.111.837 Caso Materiales de la caja: cer\u00e1mica de alta tecnolog\u00eda Grosor de la caja: 8,0 mm Resistencia al agua de la caja: 5 bares (50 m) Color de la caja: oscuro Tama\u00f1o de la caja: 30,0 mm Cristal de la caja: Cristal [&hellip;]<\/p>\n","protected":false},"featured_media":177950,"template":"","meta":{"_crdt_document":"","advanced_seo_description":"","jetpack_seo_html_title":"","jetpack_seo_noindex":false},"product_brand":[],"product_cat":[1925],"product_tag":[3735],"berocket_brand":[],"woo-feed-brand":[],"class_list":{"0":"post-78410","1":"product","2":"type-product","3":"status-publish","4":"has-post-thumbnail","6":"product_cat-rado","7":"product_tag-true-2","9":"first","10":"instock","11":"sale","12":"taxable","13":"shipping-taxable","14":"purchasable","15":"product-type-simple"},"bundled_by":[],"bundle_stock_status":"instock","bundle_stock_quantity":1,"bundle_virtual":false,"bundle_layout":"","bundle_add_to_cart_form_location":"","bundle_editable_in_cart":false,"bundle_sold_individually_context":"","bundle_item_grouping":"","bundle_min_size":"","bundle_max_size":"","bundle_price":[],"bundled_items":[],"bundle_sell_ids":[],"group_of_quantity":0,"min_quantity":0,"max_quantity":"","exclude_order_quantity_value_rules":"no","exclude_category_quantity_rules":"no","combine_variations":"no","jetpack_sharing_enabled":true,"jetpack_likes_enabled":true,"_links":{"self":[{"href":"https:\/\/watchdeluxe.it\/es\/wp-json\/wp\/v2\/product\/78410","targetHints":{"allow":["GET"]}}],"collection":[{"href":"https:\/\/watchdeluxe.it\/es\/wp-json\/wp\/v2\/product"}],"about":[{"href":"https:\/\/watchdeluxe.it\/es\/wp-json\/wp\/v2\/types\/product"}],"wp:featuredmedia":[{"embeddable":true,"href":"https:\/\/watchdeluxe.it\/es\/wp-json\/wp\/v2\/media\/177950"}],"wp:attachment":[{"href":"https:\/\/watchdeluxe.it\/es\/wp-json\/wp\/v2\/media?parent=78410"}],"wp:term":[{"taxonomy":"product_brand","embeddable":true,"href":"https:\/\/watchdeluxe.it\/es\/wp-json\/wp\/v2\/product_brand?post=78410"},{"taxonomy":"product_cat","embeddable":true,"href":"https:\/\/watchdeluxe.it\/es\/wp-json\/wp\/v2\/product_cat?post=78410"},{"taxonomy":"product_tag","embeddable":true,"href":"https:\/\/watchdeluxe.it\/es\/wp-json\/wp\/v2\/product_tag?post=78410"},{"taxonomy":"berocket_brand","embeddable":true,"href":"https:\/\/watchdeluxe.it\/es\/wp-json\/wp\/v2\/berocket_brand?post=78410"},{"taxonomy":"woo-feed-brand","embeddable":true,"href":"https:\/\/watchdeluxe.it\/es\/wp-json\/wp\/v2\/woo-feed-brand?post=78410"}],"curies":[{"name":"wp","href":"https:\/\/api.w.org\/{rel}","templated":true}]}}