{"id":78248,"date":"2023-03-17T18:38:25","date_gmt":"2023-03-17T17:38:25","guid":{"rendered":"https:\/\/watchdeluxe.it\/prodotto\/buzo-de-ceramica-de-alta-tecnologia-rado-captain-cook-ref-r32144202\/"},"modified":"2026-04-07T11:12:47","modified_gmt":"2026-04-07T09:12:47","slug":"rado-captain-cook-high-tech-ceramic-diver-ref-r32144202","status":"publish","type":"product","link":"https:\/\/watchdeluxe.it\/es\/prodotto\/rado-captain-cook-high-tech-ceramic-diver-ref-r32144202\/","title":{"rendered":"Rado Captain Cook High-Tech Ceramic Diver ref. R32144202"},"content":{"rendered":"<p>Rado Captain Cook High-Tech Ceramic Diver ref. R32144202<\/p>\n<p>El Captain Cook High-Tech Ceramic Diver es sumergible hasta 300 m. Las agujas y los \u00edndices de este reloj de submarinismo con certificaci\u00f3n ISO 6425 est\u00e1n recubiertos de SuperLuminova\u00ae para garantizar una excelente visibilidad en la esfera lacada azul iluminada por el sol. La caja de una sola pieza de 43 mm es de cer\u00e1mica de plasma mate de alta tecnolog\u00eda y el bisel giratorio es de acero templado pulido. En su interior, el movimiento autom\u00e1tico R763 de Rado supera los requisitos est\u00e1ndar en las pruebas de precisi\u00f3n de 3 a 5 posiciones y ofrece 80 horas de reserva de marcha. Este ejemplar est\u00e1 equipado con un brazalete de cer\u00e1mica de alta tecnolog\u00eda pulida por plasma. Sea cual sea su campo de exploraci\u00f3n, el Captain Cook High-Tech Ceramic Diver ser\u00e1 un compa\u00f1ero fiable y s\u00f3lido en su mu\u00f1eca durante a\u00f1os.<\/p>\n","protected":false},"excerpt":{"rendered":"<p>Rado Captain Cook High-Tech Ceramic Diver ref. R32144202 El Captain Cook High-Tech Ceramic Diver es sumergible hasta 300 m. Las agujas y los \u00edndices de este reloj de submarinismo con certificaci\u00f3n ISO 6425 est\u00e1n recubiertos de SuperLuminova\u00ae para garantizar una excelente visibilidad en la esfera lacada azul iluminada por el sol. La caja de una [&hellip;]<\/p>\n","protected":false},"featured_media":146775,"template":"","meta":{"_crdt_document":"","advanced_seo_description":"","jetpack_seo_html_title":"","jetpack_seo_noindex":false},"product_brand":[],"product_cat":[2391],"product_tag":[2535],"berocket_brand":[],"woo-feed-brand":[],"class_list":{"0":"post-78248","1":"product","2":"type-product","3":"status-publish","4":"has-post-thumbnail","6":"product_cat-rado-es","7":"product_tag-capitan-cook","9":"first","10":"instock","11":"sale","12":"taxable","13":"shipping-taxable","14":"purchasable","15":"product-type-simple"},"bundled_by":[],"bundle_stock_status":"instock","bundle_stock_quantity":1,"bundle_virtual":false,"bundle_layout":"","bundle_add_to_cart_form_location":"","bundle_editable_in_cart":false,"bundle_sold_individually_context":"","bundle_item_grouping":"","bundle_min_size":"","bundle_max_size":"","bundle_price":[],"bundled_items":[],"bundle_sell_ids":[],"group_of_quantity":0,"min_quantity":0,"max_quantity":"","exclude_order_quantity_value_rules":"no","exclude_category_quantity_rules":"no","combine_variations":"no","exclude_global_add_ons":[],"addons":[],"jetpack_sharing_enabled":true,"jetpack_likes_enabled":true,"_links":{"self":[{"href":"https:\/\/watchdeluxe.it\/es\/wp-json\/wp\/v2\/product\/78248","targetHints":{"allow":["GET"]}}],"collection":[{"href":"https:\/\/watchdeluxe.it\/es\/wp-json\/wp\/v2\/product"}],"about":[{"href":"https:\/\/watchdeluxe.it\/es\/wp-json\/wp\/v2\/types\/product"}],"wp:featuredmedia":[{"embeddable":true,"href":"https:\/\/watchdeluxe.it\/es\/wp-json\/wp\/v2\/media\/146775"}],"wp:attachment":[{"href":"https:\/\/watchdeluxe.it\/es\/wp-json\/wp\/v2\/media?parent=78248"}],"wp:term":[{"taxonomy":"product_brand","embeddable":true,"href":"https:\/\/watchdeluxe.it\/es\/wp-json\/wp\/v2\/product_brand?post=78248"},{"taxonomy":"product_cat","embeddable":true,"href":"https:\/\/watchdeluxe.it\/es\/wp-json\/wp\/v2\/product_cat?post=78248"},{"taxonomy":"product_tag","embeddable":true,"href":"https:\/\/watchdeluxe.it\/es\/wp-json\/wp\/v2\/product_tag?post=78248"},{"taxonomy":"berocket_brand","embeddable":true,"href":"https:\/\/watchdeluxe.it\/es\/wp-json\/wp\/v2\/berocket_brand?post=78248"},{"taxonomy":"woo-feed-brand","embeddable":true,"href":"https:\/\/watchdeluxe.it\/es\/wp-json\/wp\/v2\/woo-feed-brand?post=78248"}],"curies":[{"name":"wp","href":"https:\/\/api.w.org\/{rel}","templated":true}]}}